{"id":9303,"date":"2025-05-16T13:12:09","date_gmt":"2025-05-16T11:12:09","guid":{"rendered":"https:\/\/zusplumlov.cz\/?page_id=9303"},"modified":"2025-07-03T12:01:26","modified_gmt":"2025-07-03T10:01:26","slug":"aktuality","status":"publish","type":"page","link":"https:\/\/zusplumlov.cz\/index.php\/aktuality\/","title":{"rendered":"Aktuality"},"content":{"rendered":"\t\t<div data-elementor-type=\"wp-page\" data-elementor-id=\"9303\" class=\"elementor elementor-9303\" data-elementor-post-type=\"page\">\n\t\t\t\t<div class=\"elementor-element elementor-element-680728c e-flex e-con-boxed e-con e-parent\" data-id=\"680728c\" data-element_type=\"container\">\n\t\t\t\t\t<div class=\"e-con-inner\">\n\t\t\t\t<div class=\"elementor-element elementor-element-9a0e177 elementor-widget elementor-widget-heading\" data-id=\"9a0e177\" data-element_type=\"widget\" data-widget_type=\"heading.default\">\n\t\t\t\t\t<h1 class=\"elementor-heading-title elementor-size-default\">Aktuality<\/h1>\t\t\t\t<\/div>\n\t\t\t\t\t<\/div>\n\t\t\t\t<\/div>\n\t\t<div class=\"elementor-element elementor-element-8aa39da e-flex e-con-boxed e-con e-parent\" data-id=\"8aa39da\" data-element_type=\"container\">\n\t\t\t\t\t<div class=\"e-con-inner\">\n\t\t<div class=\"elementor-element elementor-element-5f8f357 e-con-full e-flex e-con e-child\" data-id=\"5f8f357\" data-element_type=\"container\">\n\t\t\t\t<div class=\"elementor-element elementor-element-f4b1504 elementor-grid-1 elementor-posts--thumbnail-none elementor-grid-tablet-1 elementor-grid-mobile-1 elementor-widget elementor-widget-posts\" data-id=\"f4b1504\" data-element_type=\"widget\" data-settings=\"{&quot;classic_columns&quot;:&quot;1&quot;,&quot;classic_columns_tablet&quot;:&quot;1&quot;,&quot;classic_columns_mobile&quot;:&quot;1&quot;,&quot;classic_row_gap&quot;:{&quot;unit&quot;:&quot;px&quot;,&quot;size&quot;:35,&quot;sizes&quot;:[]},&quot;classic_row_gap_tablet&quot;:{&quot;unit&quot;:&quot;px&quot;,&quot;size&quot;:&quot;&quot;,&quot;sizes&quot;:[]},&quot;classic_row_gap_mobile&quot;:{&quot;unit&quot;:&quot;px&quot;,&quot;size&quot;:&quot;&quot;,&quot;sizes&quot;:[]}}\" data-widget_type=\"posts.classic\">\n\t\t\t\t<div class=\"elementor-widget-container\">\n\t\t\t\t\t\t\t<div class=\"elementor-posts-container elementor-posts elementor-posts--skin-classic elementor-grid\">\n\t\t\t\t<article class=\"elementor-post elementor-grid-item post-11069 post type-post status-publish format-standard has-post-thumbnail hentry category-aktuality latest_post\">\n\t\t\t\t<div class=\"elementor-post__text\">\n\t\t\t\t<h2 class=\"elementor-post__title\">\n\t\t\t<a href=\"https:\/\/zusplumlov.cz\/index.php\/2026\/05\/12\/talentove-zkousky-na-skolni-rok-2026-2027\/aktuality\/\" >\n\t\t\t\tTalentov\u00e9 zkou\u0161ky na \u0161koln\u00ed rok 2026\/2027\t\t\t<\/a>\n\t\t<\/h2>\n\t\t\t\t<div class=\"elementor-post__meta-data\">\n\t\t\t\t\t<span class=\"elementor-post-date\">\n\t\t\t12. 5. 2026\t\t<\/span>\n\t\t\t\t<\/div>\n\t\t\t\t<div class=\"elementor-post__excerpt\">\n\t\t\t\t\t<\/div>\n\t\t\t\t\t<div class=\"elementor-post__read-more-wrapper\">\n\t\t\n\t\t<a class=\"elementor-post__read-more\" href=\"https:\/\/zusplumlov.cz\/index.php\/2026\/05\/12\/talentove-zkousky-na-skolni-rok-2026-2027\/aktuality\/\" aria-label=\"Read more about Talentov\u00e9 zkou\u0161ky na \u0161koln\u00ed rok 2026\/2027\" tabindex=\"-1\" >\n\t\t\t\u010c\u00edst d\u00e1l \u00bb\t\t<\/a>\n\n\t\t\t\t\t<\/div>\n\t\t\t\t<\/div>\n\t\t\t\t<\/article>\n\t\t\t\t<article class=\"elementor-post elementor-grid-item post-11043 post type-post status-publish format-standard has-post-thumbnail hentry category-aktuality latest_post\">\n\t\t\t\t<div class=\"elementor-post__text\">\n\t\t\t\t<h2 class=\"elementor-post__title\">\n\t\t\t<a href=\"https:\/\/zusplumlov.cz\/index.php\/2026\/05\/06\/divadelni-predstaveni-jamie-a-upiri\/aktuality\/\" >\n\t\t\t\tDivadeln\u00ed p\u0159edstaven\u00ed &#8222;Jamie a up\u00ed\u0159i&#8220;\t\t\t<\/a>\n\t\t<\/h2>\n\t\t\t\t<div class=\"elementor-post__meta-data\">\n\t\t\t\t\t<span class=\"elementor-post-date\">\n\t\t\t6. 5. 2026\t\t<\/span>\n\t\t\t\t<\/div>\n\t\t\t\t<div class=\"elementor-post__excerpt\">\n\t\t\t\t\t<\/div>\n\t\t\t\t\t<div class=\"elementor-post__read-more-wrapper\">\n\t\t\n\t\t<a class=\"elementor-post__read-more\" href=\"https:\/\/zusplumlov.cz\/index.php\/2026\/05\/06\/divadelni-predstaveni-jamie-a-upiri\/aktuality\/\" aria-label=\"Read more about Divadeln\u00ed p\u0159edstaven\u00ed &#8222;Jamie a up\u00ed\u0159i&#8220;\" tabindex=\"-1\" >\n\t\t\t\u010c\u00edst d\u00e1l \u00bb\t\t<\/a>\n\n\t\t\t\t\t<\/div>\n\t\t\t\t<\/div>\n\t\t\t\t<\/article>\n\t\t\t\t<article class=\"elementor-post elementor-grid-item post-11018 post type-post status-publish format-standard has-post-thumbnail hentry category-aktuality latest_post\">\n\t\t\t\t<div class=\"elementor-post__text\">\n\t\t\t\t<h2 class=\"elementor-post__title\">\n\t\t\t<a href=\"https:\/\/zusplumlov.cz\/index.php\/2026\/05\/06\/majova-besidka\/aktuality\/\" >\n\t\t\t\tM\u00e1jov\u00e1 bes\u00eddka p. u\u010d. Tesa\u0159e\t\t\t<\/a>\n\t\t<\/h2>\n\t\t\t\t<div class=\"elementor-post__meta-data\">\n\t\t\t\t\t<span class=\"elementor-post-date\">\n\t\t\t6. 5. 2026\t\t<\/span>\n\t\t\t\t<\/div>\n\t\t\t\t<div class=\"elementor-post__excerpt\">\n\t\t\t\t\t<\/div>\n\t\t\t\t\t<div class=\"elementor-post__read-more-wrapper\">\n\t\t\n\t\t<a class=\"elementor-post__read-more\" href=\"https:\/\/zusplumlov.cz\/index.php\/2026\/05\/06\/majova-besidka\/aktuality\/\" aria-label=\"Read more about M\u00e1jov\u00e1 bes\u00eddka p. u\u010d. Tesa\u0159e\" tabindex=\"-1\" >\n\t\t\t\u010c\u00edst d\u00e1l \u00bb\t\t<\/a>\n\n\t\t\t\t\t<\/div>\n\t\t\t\t<\/div>\n\t\t\t\t<\/article>\n\t\t\t\t<article class=\"elementor-post elementor-grid-item post-10888 post type-post status-publish format-standard has-post-thumbnail hentry category-aktuality latest_post\">\n\t\t\t\t<div class=\"elementor-post__text\">\n\t\t\t\t<h2 class=\"elementor-post__title\">\n\t\t\t<a href=\"https:\/\/zusplumlov.cz\/index.php\/2026\/04\/29\/pozvanka-na-vytvarnou-vystavu-21-5-2026\/aktuality\/\" >\n\t\t\t\tPozv\u00e1nka na v\u00fdtvarnou v\u00fdstavu 21.5.2026\t\t\t<\/a>\n\t\t<\/h2>\n\t\t\t\t<div class=\"elementor-post__meta-data\">\n\t\t\t\t\t<span class=\"elementor-post-date\">\n\t\t\t29. 4. 2026\t\t<\/span>\n\t\t\t\t<\/div>\n\t\t\t\t<div class=\"elementor-post__excerpt\">\n\t\t\t\t\t<\/div>\n\t\t\t\t\t<div class=\"elementor-post__read-more-wrapper\">\n\t\t\n\t\t<a class=\"elementor-post__read-more\" href=\"https:\/\/zusplumlov.cz\/index.php\/2026\/04\/29\/pozvanka-na-vytvarnou-vystavu-21-5-2026\/aktuality\/\" aria-label=\"Read more about Pozv\u00e1nka na v\u00fdtvarnou v\u00fdstavu 21.5.2026\" tabindex=\"-1\" >\n\t\t\t\u010c\u00edst d\u00e1l \u00bb\t\t<\/a>\n\n\t\t\t\t\t<\/div>\n\t\t\t\t<\/div>\n\t\t\t\t<\/article>\n\t\t\t\t<article class=\"elementor-post elementor-grid-item post-10875 post type-post status-publish format-standard has-post-thumbnail hentry category-aktuality latest_post\">\n\t\t\t\t<div class=\"elementor-post__text\">\n\t\t\t\t<h2 class=\"elementor-post__title\">\n\t\t\t<a href=\"https:\/\/zusplumlov.cz\/index.php\/2026\/04\/21\/krajska-prehlidka-talentovanych-klaviristu-zus-unicov\/aktuality\/\" >\n\t\t\t\tKrajsk\u00e1 p\u0159ehl\u00eddka talentovan\u00fdch klav\u00edrist\u016f &#8211; ZU\u0160 Uni\u010dov\t\t\t<\/a>\n\t\t<\/h2>\n\t\t\t\t<div class=\"elementor-post__meta-data\">\n\t\t\t\t\t<span class=\"elementor-post-date\">\n\t\t\t21. 4. 2026\t\t<\/span>\n\t\t\t\t<\/div>\n\t\t\t\t<div class=\"elementor-post__excerpt\">\n\t\t\t\t\t<\/div>\n\t\t\t\t\t<div class=\"elementor-post__read-more-wrapper\">\n\t\t\n\t\t<a class=\"elementor-post__read-more\" href=\"https:\/\/zusplumlov.cz\/index.php\/2026\/04\/21\/krajska-prehlidka-talentovanych-klaviristu-zus-unicov\/aktuality\/\" aria-label=\"Read more about Krajsk\u00e1 p\u0159ehl\u00eddka talentovan\u00fdch klav\u00edrist\u016f &#8211; ZU\u0160 Uni\u010dov\" tabindex=\"-1\" >\n\t\t\t\u010c\u00edst d\u00e1l \u00bb\t\t<\/a>\n\n\t\t\t\t\t<\/div>\n\t\t\t\t<\/div>\n\t\t\t\t<\/article>\n\t\t\t\t<article class=\"elementor-post elementor-grid-item post-10860 post type-post status-publish format-standard has-post-thumbnail hentry category-aktuality latest_post\">\n\t\t\t\t<div class=\"elementor-post__text\">\n\t\t\t\t<h2 class=\"elementor-post__title\">\n\t\t\t<a href=\"https:\/\/zusplumlov.cz\/index.php\/2026\/04\/21\/recitacni-soutez-detska-scena-krajske-kolo\/aktuality\/\" >\n\t\t\t\tRecita\u010dn\u00ed sout\u011b\u017e D\u011btsk\u00e1 sc\u00e9na &#8211; krajsk\u00e9 kolo\t\t\t<\/a>\n\t\t<\/h2>\n\t\t\t\t<div class=\"elementor-post__meta-data\">\n\t\t\t\t\t<span class=\"elementor-post-date\">\n\t\t\t21. 4. 2026\t\t<\/span>\n\t\t\t\t<\/div>\n\t\t\t\t<div class=\"elementor-post__excerpt\">\n\t\t\t\t\t<\/div>\n\t\t\t\t\t<div class=\"elementor-post__read-more-wrapper\">\n\t\t\n\t\t<a class=\"elementor-post__read-more\" href=\"https:\/\/zusplumlov.cz\/index.php\/2026\/04\/21\/recitacni-soutez-detska-scena-krajske-kolo\/aktuality\/\" aria-label=\"Read more about Recita\u010dn\u00ed sout\u011b\u017e D\u011btsk\u00e1 sc\u00e9na &#8211; krajsk\u00e9 kolo\" tabindex=\"-1\" >\n\t\t\t\u010c\u00edst d\u00e1l \u00bb\t\t<\/a>\n\n\t\t\t\t\t<\/div>\n\t\t\t\t<\/div>\n\t\t\t\t<\/article>\n\t\t\t\t<\/div>\n\t\t\n\t\t\t\t\t\t<\/div>\n\t\t\t\t<\/div>\n\t\t\t\t<div class=\"elementor-element elementor-element-697c8d4 elementor-widget elementor-widget-button\" data-id=\"697c8d4\" data-element_type=\"widget\" data-widget_type=\"button.default\">\n\t\t\t\t\t\t\t\t\t\t<a class=\"elementor-button elementor-button-link elementor-size-sm\" href=\"https:\/\/zusplumlov.cz\/index.php\/category\/aktuality\/\">\n\t\t\t\t\t\t<span class=\"elementor-button-content-wrapper\">\n\t\t\t\t\t\t\t\t\t<span class=\"elementor-button-text\">Dal\u0161\u00ed aktuality<\/span>\n\t\t\t\t\t<\/span>\n\t\t\t\t\t<\/a>\n\t\t\t\t\t\t\t\t<\/div>\n\t\t\t\t<\/div>\n\t\t<div class=\"elementor-element elementor-element-c18e1d2 e-con-full e-flex e-con e-child\" data-id=\"c18e1d2\" data-element_type=\"container\">\n\t\t\t\t<div class=\"elementor-element elementor-element-2f15d1d elementor-nav-menu--dropdown-tablet elementor-nav-menu__text-align-aside elementor-nav-menu--toggle elementor-nav-menu--burger elementor-widget elementor-widget-nav-menu\" data-id=\"2f15d1d\" data-element_type=\"widget\" data-settings=\"{&quot;layout&quot;:&quot;horizontal&quot;,&quot;submenu_icon&quot;:{&quot;value&quot;:&quot;&lt;svg class=\\&quot;e-font-icon-svg e-fas-caret-down\\&quot; viewBox=\\&quot;0 0 320 512\\&quot; xmlns=\\&quot;http:\\\/\\\/www.w3.org\\\/2000\\\/svg\\&quot;&gt;&lt;path d=\\&quot;M31.3 192h257.3c17.8 0 26.7 21.5 14.1 34.1L174.1 354.8c-7.8 7.8-20.5 7.8-28.3 0L17.2 226.1C4.6 213.5 13.5 192 31.3 192z\\&quot;&gt;&lt;\\\/path&gt;&lt;\\\/svg&gt;&quot;,&quot;library&quot;:&quot;fa-solid&quot;},&quot;toggle&quot;:&quot;burger&quot;}\" data-widget_type=\"nav-menu.default\">\n\t\t\t\t\t\t\t\t<nav aria-label=\"Menu\" class=\"elementor-nav-menu--main elementor-nav-menu__container elementor-nav-menu--layout-horizontal e--pointer-underline e--animation-fade\">\n\t\t\t\t<ul id=\"menu-1-2f15d1d\" class=\"elementor-nav-menu\"><li class=\"menu-item menu-item-type-post_type menu-item-object-page menu-item-2426\"><a href=\"https:\/\/zusplumlov.cz\/index.php\/obory\/obor-hudebni\/\" class=\"elementor-item\">Hudebn\u00ed obor<\/a><\/li>\n<li class=\"menu-item menu-item-type-post_type menu-item-object-page menu-item-2428\"><a href=\"https:\/\/zusplumlov.cz\/index.php\/obory\/obor-tanecni\/\" class=\"elementor-item\">Tane\u010dn\u00ed obor<\/a><\/li>\n<li class=\"menu-item menu-item-type-post_type menu-item-object-page menu-item-2427\"><a href=\"https:\/\/zusplumlov.cz\/index.php\/obory\/obor-literarne-dramaticky\/\" class=\"elementor-item\">Liter\u00e1rn\u011b-dramatick\u00fd obor<\/a><\/li>\n<li class=\"menu-item menu-item-type-post_type menu-item-object-page menu-item-2429\"><a href=\"https:\/\/zusplumlov.cz\/index.php\/obory\/obor-vytvarny\/\" class=\"elementor-item\">V\u00fdtvarn\u00fd obor<\/a><\/li>\n<\/ul>\t\t\t<\/nav>\n\t\t\t\t\t<div class=\"elementor-menu-toggle\" role=\"button\" tabindex=\"0\" aria-label=\"Menu Toggle\" aria-expanded=\"false\">\n\t\t\t<svg aria-hidden=\"true\" role=\"presentation\" class=\"elementor-menu-toggle__icon--open e-font-icon-svg e-eicon-menu-bar\" viewBox=\"0 0 1000 1000\" xmlns=\"http:\/\/www.w3.org\/2000\/svg\"><path d=\"M104 333H896C929 333 958 304 958 271S929 208 896 208H104C71 208 42 237 42 271S71 333 104 333ZM104 583H896C929 583 958 554 958 521S929 458 896 458H104C71 458 42 487 42 521S71 583 104 583ZM104 833H896C929 833 958 804 958 771S929 708 896 708H104C71 708 42 737 42 771S71 833 104 833Z\"><\/path><\/svg><svg aria-hidden=\"true\" role=\"presentation\" class=\"elementor-menu-toggle__icon--close e-font-icon-svg e-eicon-close\" viewBox=\"0 0 1000 1000\" xmlns=\"http:\/\/www.w3.org\/2000\/svg\"><path d=\"M742 167L500 408 258 167C246 154 233 150 217 150 196 150 179 158 167 167 154 179 150 196 150 212 150 229 154 242 171 254L408 500 167 742C138 771 138 800 167 829 196 858 225 858 254 829L496 587 738 829C750 842 767 846 783 846 800 846 817 842 829 829 842 817 846 804 846 783 846 767 842 750 829 737L588 500 833 258C863 229 863 200 833 171 804 137 775 137 742 167Z\"><\/path><\/svg>\t\t<\/div>\n\t\t\t\t\t<nav class=\"elementor-nav-menu--dropdown elementor-nav-menu__container\" aria-hidden=\"true\">\n\t\t\t\t<ul id=\"menu-2-2f15d1d\" class=\"elementor-nav-menu\"><li class=\"menu-item menu-item-type-post_type menu-item-object-page menu-item-2426\"><a href=\"https:\/\/zusplumlov.cz\/index.php\/obory\/obor-hudebni\/\" class=\"elementor-item\" tabindex=\"-1\">Hudebn\u00ed obor<\/a><\/li>\n<li class=\"menu-item menu-item-type-post_type menu-item-object-page menu-item-2428\"><a href=\"https:\/\/zusplumlov.cz\/index.php\/obory\/obor-tanecni\/\" class=\"elementor-item\" tabindex=\"-1\">Tane\u010dn\u00ed obor<\/a><\/li>\n<li class=\"menu-item menu-item-type-post_type menu-item-object-page menu-item-2427\"><a href=\"https:\/\/zusplumlov.cz\/index.php\/obory\/obor-literarne-dramaticky\/\" class=\"elementor-item\" tabindex=\"-1\">Liter\u00e1rn\u011b-dramatick\u00fd obor<\/a><\/li>\n<li class=\"menu-item menu-item-type-post_type menu-item-object-page menu-item-2429\"><a href=\"https:\/\/zusplumlov.cz\/index.php\/obory\/obor-vytvarny\/\" class=\"elementor-item\" tabindex=\"-1\">V\u00fdtvarn\u00fd obor<\/a><\/li>\n<\/ul>\t\t\t<\/nav>\n\t\t\t\t\t\t<\/div>\n\t\t\t\t<div class=\"elementor-element elementor-element-e931c39 elementor-nav-menu--dropdown-tablet elementor-nav-menu__text-align-aside elementor-nav-menu--toggle elementor-nav-menu--burger elementor-widget elementor-widget-nav-menu\" data-id=\"e931c39\" data-element_type=\"widget\" data-settings=\"{&quot;layout&quot;:&quot;horizontal&quot;,&quot;submenu_icon&quot;:{&quot;value&quot;:&quot;&lt;svg class=\\&quot;e-font-icon-svg e-fas-caret-down\\&quot; viewBox=\\&quot;0 0 320 512\\&quot; xmlns=\\&quot;http:\\\/\\\/www.w3.org\\\/2000\\\/svg\\&quot;&gt;&lt;path d=\\&quot;M31.3 192h257.3c17.8 0 26.7 21.5 14.1 34.1L174.1 354.8c-7.8 7.8-20.5 7.8-28.3 0L17.2 226.1C4.6 213.5 13.5 192 31.3 192z\\&quot;&gt;&lt;\\\/path&gt;&lt;\\\/svg&gt;&quot;,&quot;library&quot;:&quot;fa-solid&quot;},&quot;toggle&quot;:&quot;burger&quot;}\" data-widget_type=\"nav-menu.default\">\n\t\t\t\t\t\t\t\t<nav aria-label=\"Menu\" class=\"elementor-nav-menu--main elementor-nav-menu__container elementor-nav-menu--layout-horizontal e--pointer-underline e--animation-fade\">\n\t\t\t\t<ul id=\"menu-1-e931c39\" class=\"elementor-nav-menu\"><li class=\"menu-item menu-item-type-post_type menu-item-object-page menu-item-2854\"><a href=\"https:\/\/zusplumlov.cz\/index.php\/o-nas\/historie-skoly\/\" class=\"elementor-item\">Historie \u0161koly<\/a><\/li>\n<li class=\"menu-item menu-item-type-post_type menu-item-object-page menu-item-2855\"><a href=\"https:\/\/zusplumlov.cz\/index.php\/o-nas\/zamestnanci-zus-plumlov\/\" class=\"elementor-item\">Zam\u011bstnanci ZU\u0160 Plumlov<\/a><\/li>\n<\/ul>\t\t\t<\/nav>\n\t\t\t\t\t<div class=\"elementor-menu-toggle\" role=\"button\" tabindex=\"0\" aria-label=\"Menu Toggle\" aria-expanded=\"false\">\n\t\t\t<svg aria-hidden=\"true\" role=\"presentation\" class=\"elementor-menu-toggle__icon--open e-font-icon-svg e-eicon-menu-bar\" viewBox=\"0 0 1000 1000\" xmlns=\"http:\/\/www.w3.org\/2000\/svg\"><path d=\"M104 333H896C929 333 958 304 958 271S929 208 896 208H104C71 208 42 237 42 271S71 333 104 333ZM104 583H896C929 583 958 554 958 521S929 458 896 458H104C71 458 42 487 42 521S71 583 104 583ZM104 833H896C929 833 958 804 958 771S929 708 896 708H104C71 708 42 737 42 771S71 833 104 833Z\"><\/path><\/svg><svg aria-hidden=\"true\" role=\"presentation\" class=\"elementor-menu-toggle__icon--close e-font-icon-svg e-eicon-close\" viewBox=\"0 0 1000 1000\" xmlns=\"http:\/\/www.w3.org\/2000\/svg\"><path d=\"M742 167L500 408 258 167C246 154 233 150 217 150 196 150 179 158 167 167 154 179 150 196 150 212 150 229 154 242 171 254L408 500 167 742C138 771 138 800 167 829 196 858 225 858 254 829L496 587 738 829C750 842 767 846 783 846 800 846 817 842 829 829 842 817 846 804 846 783 846 767 842 750 829 737L588 500 833 258C863 229 863 200 833 171 804 137 775 137 742 167Z\"><\/path><\/svg>\t\t<\/div>\n\t\t\t\t\t<nav class=\"elementor-nav-menu--dropdown elementor-nav-menu__container\" aria-hidden=\"true\">\n\t\t\t\t<ul id=\"menu-2-e931c39\" class=\"elementor-nav-menu\"><li class=\"menu-item menu-item-type-post_type menu-item-object-page menu-item-2854\"><a href=\"https:\/\/zusplumlov.cz\/index.php\/o-nas\/historie-skoly\/\" class=\"elementor-item\" tabindex=\"-1\">Historie \u0161koly<\/a><\/li>\n<li class=\"menu-item menu-item-type-post_type menu-item-object-page menu-item-2855\"><a href=\"https:\/\/zusplumlov.cz\/index.php\/o-nas\/zamestnanci-zus-plumlov\/\" class=\"elementor-item\" tabindex=\"-1\">Zam\u011bstnanci ZU\u0160 Plumlov<\/a><\/li>\n<\/ul>\t\t\t<\/nav>\n\t\t\t\t\t\t<\/div>\n\t\t\t\t<\/div>\n\t\t\t\t\t<\/div>\n\t\t\t\t<\/div>\n\t\t\t\t<\/div>\n\t\t","protected":false},"excerpt":{"rendered":"<p>Aktuality Dal\u0161\u00ed aktuality<\/p>\n","protected":false},"author":1,"featured_media":0,"parent":0,"menu_order":0,"comment_status":"closed","ping_status":"closed","template":"","meta":{"ngg_post_thumbnail":0,"footnotes":""},"class_list":["post-9303","page","type-page","status-publish","hentry","latest_post"],"_links":{"self":[{"href":"https:\/\/zusplumlov.cz\/index.php\/wp-json\/wp\/v2\/pages\/9303","targetHints":{"allow":["GET"]}}],"collection":[{"href":"https:\/\/zusplumlov.cz\/index.php\/wp-json\/wp\/v2\/pages"}],"about":[{"href":"https:\/\/zusplumlov.cz\/index.php\/wp-json\/wp\/v2\/types\/page"}],"author":[{"embeddable":true,"href":"https:\/\/zusplumlov.cz\/index.php\/wp-json\/wp\/v2\/users\/1"}],"replies":[{"embeddable":true,"href":"https:\/\/zusplumlov.cz\/index.php\/wp-json\/wp\/v2\/comments?post=9303"}],"version-history":[{"count":28,"href":"https:\/\/zusplumlov.cz\/index.php\/wp-json\/wp\/v2\/pages\/9303\/revisions"}],"predecessor-version":[{"id":10032,"href":"https:\/\/zusplumlov.cz\/index.php\/wp-json\/wp\/v2\/pages\/9303\/revisions\/10032"}],"wp:attachment":[{"href":"https:\/\/zusplumlov.cz\/index.php\/wp-json\/wp\/v2\/media?parent=9303"}],"curies":[{"name":"wp","href":"https:\/\/api.w.org\/{rel}","templated":true}]}}