{"id":687,"date":"2020-10-26T14:40:04","date_gmt":"2020-10-26T13:40:04","guid":{"rendered":"http:\/\/gpstudio.cz\/demo1\/?page_id=687"},"modified":"2025-05-22T09:38:35","modified_gmt":"2025-05-22T07:38:35","slug":"obor-tanecni","status":"publish","type":"page","link":"https:\/\/zusplumlov.cz\/index.php\/obory\/obor-tanecni\/","title":{"rendered":"Tane\u010dn\u00ed obor"},"content":{"rendered":"\t\t<div data-elementor-type=\"wp-page\" data-elementor-id=\"687\" class=\"elementor elementor-687\" data-elementor-post-type=\"page\">\n\t\t\t\t<div class=\"elementor-element elementor-element-0149fa0 e-flex e-con-boxed e-con e-parent\" data-id=\"0149fa0\" data-element_type=\"container\">\n\t\t\t\t\t<div class=\"e-con-inner\">\n\t\t\t\t<div class=\"elementor-element elementor-element-44fba4e elementor-widget elementor-widget-heading\" data-id=\"44fba4e\" data-element_type=\"widget\" data-widget_type=\"heading.default\">\n\t\t\t\t\t<h1 class=\"elementor-heading-title elementor-size-default\">Tane\u010dn\u00ed obor<\/h1>\t\t\t\t<\/div>\n\t\t\t\t\t<\/div>\n\t\t\t\t<\/div>\n\t\t<div class=\"elementor-element elementor-element-0ea64f0 e-flex e-con-boxed e-con e-parent\" data-id=\"0ea64f0\" data-element_type=\"container\">\n\t\t\t\t\t<div class=\"e-con-inner\">\n\t\t<div class=\"elementor-element elementor-element-c337a4e e-con-full e-flex e-con e-child\" data-id=\"c337a4e\" data-element_type=\"container\">\n\t\t\t\t<div class=\"elementor-element elementor-element-360e804 elementor-widget elementor-widget-text-editor\" data-id=\"360e804\" data-element_type=\"widget\" data-widget_type=\"text-editor.default\">\n\t\t\t\t\t\t\t\t\t<div>Tane\u010dn\u00ed obor prost\u0159ednictv\u00edm pohybov\u00fdch a tane\u010dn\u00edch aktivit umo\u017e\u0148uje \u017e\u00e1k\u016fm komplexn\u00ed rozvoj po str\u00e1nce t\u011blesn\u00e9 a du\u0161evn\u00ed.<\/div><div>\u00a0<\/div><div>Ka\u017ed\u00e9mu \u017e\u00e1kovi podle m\u00edry jeho schopnost\u00ed a z\u00e1jm\u016f poskytujeme z\u00e1klady tane\u010dn\u00edch technik, rozv\u00edj\u00edme jeho tane\u010dn\u00ed nad\u00e1n\u00ed, smysl pro kr\u00e1su tance, kter\u00e9 mu umo\u017en\u00ed uplatnit se jako\u00a0 tane\u010dn\u00edk v amat\u00e9rsk\u00fdch souborech nebo v povol\u00e1n\u00ed, pro kter\u00e9 jsou kultura pohybu a zvl\u00e1dnut\u00ed tance vhodn\u00fdm p\u0159edpokladem.<\/div><div>\u00a0<\/div><div>V\u00fduka se \u010dlen\u00ed na:<\/div><ul><li>P\u0159\u00edpravn\u00e9 studium<\/li><li>Z\u00e1kladn\u00ed studium I. a II. stupn\u011b<\/li><li>Studium pro dosp\u011bl\u00e9<\/li><\/ul>\t\t\t\t\t\t\t\t<\/div>\n\t\t\t\t<\/div>\n\t\t<div class=\"elementor-element elementor-element-851ccf1 e-con-full e-flex e-con e-child\" data-id=\"851ccf1\" data-element_type=\"container\">\n\t\t\t\t<div class=\"elementor-element elementor-element-25eb498 elementor-nav-menu--dropdown-tablet elementor-nav-menu__text-align-aside elementor-nav-menu--toggle elementor-nav-menu--burger elementor-widget elementor-widget-nav-menu\" data-id=\"25eb498\" data-element_type=\"widget\" data-settings=\"{&quot;layout&quot;:&quot;horizontal&quot;,&quot;submenu_icon&quot;:{&quot;value&quot;:&quot;&lt;svg class=\\&quot;e-font-icon-svg e-fas-caret-down\\&quot; viewBox=\\&quot;0 0 320 512\\&quot; xmlns=\\&quot;http:\\\/\\\/www.w3.org\\\/2000\\\/svg\\&quot;&gt;&lt;path d=\\&quot;M31.3 192h257.3c17.8 0 26.7 21.5 14.1 34.1L174.1 354.8c-7.8 7.8-20.5 7.8-28.3 0L17.2 226.1C4.6 213.5 13.5 192 31.3 192z\\&quot;&gt;&lt;\\\/path&gt;&lt;\\\/svg&gt;&quot;,&quot;library&quot;:&quot;fa-solid&quot;},&quot;toggle&quot;:&quot;burger&quot;}\" data-widget_type=\"nav-menu.default\">\n\t\t\t\t\t\t\t\t<nav aria-label=\"Menu\" class=\"elementor-nav-menu--main elementor-nav-menu__container elementor-nav-menu--layout-horizontal e--pointer-underline e--animation-fade\">\n\t\t\t\t<ul id=\"menu-1-25eb498\" class=\"elementor-nav-menu\"><li class=\"menu-item menu-item-type-post_type menu-item-object-page menu-item-2426\"><a href=\"https:\/\/zusplumlov.cz\/index.php\/obory\/obor-hudebni\/\" class=\"elementor-item\">Hudebn\u00ed obor<\/a><\/li>\n<li class=\"menu-item menu-item-type-post_type menu-item-object-page menu-item-2428\"><a href=\"https:\/\/zusplumlov.cz\/index.php\/obory\/obor-tanecni\/\" class=\"elementor-item\">Tane\u010dn\u00ed obor<\/a><\/li>\n<li class=\"menu-item menu-item-type-post_type menu-item-object-page menu-item-2427\"><a href=\"https:\/\/zusplumlov.cz\/index.php\/obory\/obor-literarne-dramaticky\/\" class=\"elementor-item\">Liter\u00e1rn\u011b-dramatick\u00fd obor<\/a><\/li>\n<li class=\"menu-item menu-item-type-post_type menu-item-object-page menu-item-2429\"><a href=\"https:\/\/zusplumlov.cz\/index.php\/obory\/obor-vytvarny\/\" class=\"elementor-item\">V\u00fdtvarn\u00fd obor<\/a><\/li>\n<\/ul>\t\t\t<\/nav>\n\t\t\t\t\t<div class=\"elementor-menu-toggle\" role=\"button\" tabindex=\"0\" aria-label=\"Menu Toggle\" aria-expanded=\"false\">\n\t\t\t<svg aria-hidden=\"true\" role=\"presentation\" class=\"elementor-menu-toggle__icon--open e-font-icon-svg e-eicon-menu-bar\" viewBox=\"0 0 1000 1000\" xmlns=\"http:\/\/www.w3.org\/2000\/svg\"><path d=\"M104 333H896C929 333 958 304 958 271S929 208 896 208H104C71 208 42 237 42 271S71 333 104 333ZM104 583H896C929 583 958 554 958 521S929 458 896 458H104C71 458 42 487 42 521S71 583 104 583ZM104 833H896C929 833 958 804 958 771S929 708 896 708H104C71 708 42 737 42 771S71 833 104 833Z\"><\/path><\/svg><svg aria-hidden=\"true\" role=\"presentation\" class=\"elementor-menu-toggle__icon--close e-font-icon-svg e-eicon-close\" viewBox=\"0 0 1000 1000\" xmlns=\"http:\/\/www.w3.org\/2000\/svg\"><path d=\"M742 167L500 408 258 167C246 154 233 150 217 150 196 150 179 158 167 167 154 179 150 196 150 212 150 229 154 242 171 254L408 500 167 742C138 771 138 800 167 829 196 858 225 858 254 829L496 587 738 829C750 842 767 846 783 846 800 846 817 842 829 829 842 817 846 804 846 783 846 767 842 750 829 737L588 500 833 258C863 229 863 200 833 171 804 137 775 137 742 167Z\"><\/path><\/svg>\t\t<\/div>\n\t\t\t\t\t<nav class=\"elementor-nav-menu--dropdown elementor-nav-menu__container\" aria-hidden=\"true\">\n\t\t\t\t<ul id=\"menu-2-25eb498\" class=\"elementor-nav-menu\"><li class=\"menu-item menu-item-type-post_type menu-item-object-page menu-item-2426\"><a href=\"https:\/\/zusplumlov.cz\/index.php\/obory\/obor-hudebni\/\" class=\"elementor-item\" tabindex=\"-1\">Hudebn\u00ed obor<\/a><\/li>\n<li class=\"menu-item menu-item-type-post_type menu-item-object-page menu-item-2428\"><a href=\"https:\/\/zusplumlov.cz\/index.php\/obory\/obor-tanecni\/\" class=\"elementor-item\" tabindex=\"-1\">Tane\u010dn\u00ed obor<\/a><\/li>\n<li class=\"menu-item menu-item-type-post_type menu-item-object-page menu-item-2427\"><a href=\"https:\/\/zusplumlov.cz\/index.php\/obory\/obor-literarne-dramaticky\/\" class=\"elementor-item\" tabindex=\"-1\">Liter\u00e1rn\u011b-dramatick\u00fd obor<\/a><\/li>\n<li class=\"menu-item menu-item-type-post_type menu-item-object-page menu-item-2429\"><a href=\"https:\/\/zusplumlov.cz\/index.php\/obory\/obor-vytvarny\/\" class=\"elementor-item\" tabindex=\"-1\">V\u00fdtvarn\u00fd obor<\/a><\/li>\n<\/ul>\t\t\t<\/nav>\n\t\t\t\t\t\t<\/div>\n\t\t\t\t<div class=\"elementor-element elementor-element-5208316 elementor-widget elementor-widget-wp-widget-recent-posts\" data-id=\"5208316\" data-element_type=\"widget\" data-widget_type=\"wp-widget-recent-posts.default\">\n\t\t\t\t<div class=\"elementor-widget-container\">\n\t\t\t\t\t\n\t\t\n\t\t<h5>Nejnov\u011bj\u0161\u00ed p\u0159\u00edsp\u011bvky<\/h5>\n\t\t<ul>\n\t\t\t\t\t\t\t\t\t\t\t<li>\n\t\t\t\t\t<a href=\"https:\/\/zusplumlov.cz\/index.php\/2026\/05\/12\/talentove-zkousky-na-skolni-rok-2026-2027\/aktuality\/\">Talentov\u00e9 zkou\u0161ky na \u0161koln\u00ed rok 2026\/2027<\/a>\n\t\t\t\t\t\t\t\t\t<\/li>\n\t\t\t\t\t\t\t\t\t\t\t<li>\n\t\t\t\t\t<a href=\"https:\/\/zusplumlov.cz\/index.php\/2026\/05\/06\/divadelni-predstaveni-jamie-a-upiri\/aktuality\/\">Divadeln\u00ed p\u0159edstaven\u00ed &#8222;Jamie a up\u00ed\u0159i&#8220;<\/a>\n\t\t\t\t\t\t\t\t\t<\/li>\n\t\t\t\t\t\t\t\t\t\t\t<li>\n\t\t\t\t\t<a href=\"https:\/\/zusplumlov.cz\/index.php\/2026\/05\/06\/majova-besidka\/aktuality\/\">M\u00e1jov\u00e1 bes\u00eddka p. u\u010d. Tesa\u0159e<\/a>\n\t\t\t\t\t\t\t\t\t<\/li>\n\t\t\t\t\t\t\t\t\t\t\t<li>\n\t\t\t\t\t<a href=\"https:\/\/zusplumlov.cz\/index.php\/2026\/04\/29\/pozvanka-na-vytvarnou-vystavu-21-5-2026\/aktuality\/\">Pozv\u00e1nka na v\u00fdtvarnou v\u00fdstavu 21.5.2026<\/a>\n\t\t\t\t\t\t\t\t\t<\/li>\n\t\t\t\t\t\t\t\t\t\t\t<li>\n\t\t\t\t\t<a href=\"https:\/\/zusplumlov.cz\/index.php\/2026\/04\/21\/krajska-prehlidka-talentovanych-klaviristu-zus-unicov\/aktuality\/\">Krajsk\u00e1 p\u0159ehl\u00eddka talentovan\u00fdch klav\u00edrist\u016f &#8211; ZU\u0160 Uni\u010dov<\/a>\n\t\t\t\t\t\t\t\t\t<\/li>\n\t\t\t\t\t<\/ul>\n\n\t\t\t\t\t\t<\/div>\n\t\t\t\t<\/div>\n\t\t\t\t<\/div>\n\t\t\t\t\t<\/div>\n\t\t\t\t<\/div>\n\t\t<div class=\"elementor-element elementor-element-49408de e-flex e-con-boxed e-con e-parent\" data-id=\"49408de\" data-element_type=\"container\">\n\t\t\t\t\t<div class=\"e-con-inner\">\n\t\t\t\t<div class=\"elementor-element elementor-element-a964150 elementor-widget elementor-widget-gallery\" data-id=\"a964150\" data-element_type=\"widget\" data-settings=\"{&quot;gallery_layout&quot;:&quot;masonry&quot;,&quot;columns&quot;:3,&quot;lazyload&quot;:&quot;yes&quot;,&quot;columns_tablet&quot;:2,&quot;columns_mobile&quot;:1,&quot;gap&quot;:{&quot;unit&quot;:&quot;px&quot;,&quot;size&quot;:10,&quot;sizes&quot;:[]},&quot;gap_tablet&quot;:{&quot;unit&quot;:&quot;px&quot;,&quot;size&quot;:10,&quot;sizes&quot;:[]},&quot;gap_mobile&quot;:{&quot;unit&quot;:&quot;px&quot;,&quot;size&quot;:10,&quot;sizes&quot;:[]},&quot;link_to&quot;:&quot;file&quot;,&quot;overlay_background&quot;:&quot;yes&quot;,&quot;content_hover_animation&quot;:&quot;fade-in&quot;}\" data-widget_type=\"gallery.default\">\n\t\t\t\t\t\t\t<div class=\"elementor-gallery__container\">\n\t\t\t\t\t\t\t<a class=\"e-gallery-item elementor-gallery-item elementor-animated-content\" href=\"https:\/\/zusplumlov.cz\/wp-content\/uploads\/2021\/06\/DSC_0280-scaled.jpg\" data-elementor-open-lightbox=\"yes\" data-elementor-lightbox-slideshow=\"a964150\" data-elementor-lightbox-title=\"DSC_0280\" data-e-action-hash=\"#elementor-action%3Aaction%3Dlightbox%26settings%3DeyJpZCI6Mzk2MiwidXJsIjoiaHR0cHM6XC9cL3p1c3BsdW1sb3YuY3pcL3dwLWNvbnRlbnRcL3VwbG9hZHNcLzIwMjFcLzA2XC9EU0NfMDI4MC1zY2FsZWQuanBnIiwic2xpZGVzaG93IjoiYTk2NDE1MCJ9\">\n\t\t\t\t\t<div class=\"e-gallery-image elementor-gallery-item__image\" data-thumbnail=\"https:\/\/zusplumlov.cz\/wp-content\/uploads\/2021\/06\/DSC_0280-300x236.jpg\" data-width=\"300\" data-height=\"236\" aria-label=\"\" role=\"img\" ><\/div>\n\t\t\t\t\t\t\t\t\t\t\t<div class=\"elementor-gallery-item__overlay\"><\/div>\n\t\t\t\t\t\t\t\t\t\t\t\t\t\t<\/a>\n\t\t\t\t\t\t\t<a class=\"e-gallery-item elementor-gallery-item elementor-animated-content\" href=\"https:\/\/zusplumlov.cz\/wp-content\/uploads\/2021\/06\/DSC_0221-scaled.jpg\" data-elementor-open-lightbox=\"yes\" data-elementor-lightbox-slideshow=\"a964150\" data-elementor-lightbox-title=\"DSC_0221\" data-e-action-hash=\"#elementor-action%3Aaction%3Dlightbox%26settings%3DeyJpZCI6Mzk2MSwidXJsIjoiaHR0cHM6XC9cL3p1c3BsdW1sb3YuY3pcL3dwLWNvbnRlbnRcL3VwbG9hZHNcLzIwMjFcLzA2XC9EU0NfMDIyMS1zY2FsZWQuanBnIiwic2xpZGVzaG93IjoiYTk2NDE1MCJ9\">\n\t\t\t\t\t<div class=\"e-gallery-image elementor-gallery-item__image\" data-thumbnail=\"https:\/\/zusplumlov.cz\/wp-content\/uploads\/2021\/06\/DSC_0221-206x300.jpg\" data-width=\"206\" data-height=\"300\" aria-label=\"\" role=\"img\" ><\/div>\n\t\t\t\t\t\t\t\t\t\t\t<div class=\"elementor-gallery-item__overlay\"><\/div>\n\t\t\t\t\t\t\t\t\t\t\t\t\t\t<\/a>\n\t\t\t\t\t\t\t<a class=\"e-gallery-item elementor-gallery-item elementor-animated-content\" href=\"https:\/\/zusplumlov.cz\/wp-content\/uploads\/2021\/03\/IMG-20210319-WA0010.jpg\" data-elementor-open-lightbox=\"yes\" data-elementor-lightbox-slideshow=\"a964150\" data-elementor-lightbox-title=\"IMG-20210319-WA0010\" data-e-action-hash=\"#elementor-action%3Aaction%3Dlightbox%26settings%3DeyJpZCI6MTgwNSwidXJsIjoiaHR0cHM6XC9cL3p1c3BsdW1sb3YuY3pcL3dwLWNvbnRlbnRcL3VwbG9hZHNcLzIwMjFcLzAzXC9JTUctMjAyMTAzMTktV0EwMDEwLmpwZyIsInNsaWRlc2hvdyI6ImE5NjQxNTAifQ%3D%3D\">\n\t\t\t\t\t<div class=\"e-gallery-image elementor-gallery-item__image\" data-thumbnail=\"https:\/\/zusplumlov.cz\/wp-content\/uploads\/2021\/03\/IMG-20210319-WA0010-300x169.jpg\" data-width=\"300\" data-height=\"169\" aria-label=\"\" role=\"img\" ><\/div>\n\t\t\t\t\t\t\t\t\t\t\t<div class=\"elementor-gallery-item__overlay\"><\/div>\n\t\t\t\t\t\t\t\t\t\t\t\t\t\t<\/a>\n\t\t\t\t\t\t\t<a class=\"e-gallery-item elementor-gallery-item elementor-animated-content\" href=\"https:\/\/zusplumlov.cz\/wp-content\/uploads\/2021\/03\/IMG-20210319-WA0002.jpg\" data-elementor-open-lightbox=\"yes\" data-elementor-lightbox-slideshow=\"a964150\" data-elementor-lightbox-title=\"IMG-20210319-WA0002\" data-e-action-hash=\"#elementor-action%3Aaction%3Dlightbox%26settings%3DeyJpZCI6MTc5OCwidXJsIjoiaHR0cHM6XC9cL3p1c3BsdW1sb3YuY3pcL3dwLWNvbnRlbnRcL3VwbG9hZHNcLzIwMjFcLzAzXC9JTUctMjAyMTAzMTktV0EwMDAyLmpwZyIsInNsaWRlc2hvdyI6ImE5NjQxNTAifQ%3D%3D\">\n\t\t\t\t\t<div class=\"e-gallery-image elementor-gallery-item__image\" data-thumbnail=\"https:\/\/zusplumlov.cz\/wp-content\/uploads\/2021\/03\/IMG-20210319-WA0002-300x169.jpg\" data-width=\"300\" data-height=\"169\" aria-label=\"\" role=\"img\" ><\/div>\n\t\t\t\t\t\t\t\t\t\t\t<div class=\"elementor-gallery-item__overlay\"><\/div>\n\t\t\t\t\t\t\t\t\t\t\t\t\t\t<\/a>\n\t\t\t\t\t\t\t<a class=\"e-gallery-item elementor-gallery-item elementor-animated-content\" href=\"https:\/\/zusplumlov.cz\/wp-content\/uploads\/2021\/03\/IMG-20210319-WA0009.jpg\" data-elementor-open-lightbox=\"yes\" data-elementor-lightbox-slideshow=\"a964150\" data-elementor-lightbox-title=\"IMG-20210319-WA0009\" data-e-action-hash=\"#elementor-action%3Aaction%3Dlightbox%26settings%3DeyJpZCI6MTgwNCwidXJsIjoiaHR0cHM6XC9cL3p1c3BsdW1sb3YuY3pcL3dwLWNvbnRlbnRcL3VwbG9hZHNcLzIwMjFcLzAzXC9JTUctMjAyMTAzMTktV0EwMDA5LmpwZyIsInNsaWRlc2hvdyI6ImE5NjQxNTAifQ%3D%3D\">\n\t\t\t\t\t<div class=\"e-gallery-image elementor-gallery-item__image\" data-thumbnail=\"https:\/\/zusplumlov.cz\/wp-content\/uploads\/2021\/03\/IMG-20210319-WA0009-300x169.jpg\" data-width=\"300\" data-height=\"169\" aria-label=\"\" role=\"img\" ><\/div>\n\t\t\t\t\t\t\t\t\t\t\t<div class=\"elementor-gallery-item__overlay\"><\/div>\n\t\t\t\t\t\t\t\t\t\t\t\t\t\t<\/a>\n\t\t\t\t\t\t\t<a class=\"e-gallery-item elementor-gallery-item elementor-animated-content\" href=\"https:\/\/zusplumlov.cz\/wp-content\/uploads\/2021\/03\/IMG-20210319-WA0001.jpg\" data-elementor-open-lightbox=\"yes\" data-elementor-lightbox-slideshow=\"a964150\" data-elementor-lightbox-title=\"IMG-20210319-WA0001\" data-e-action-hash=\"#elementor-action%3Aaction%3Dlightbox%26settings%3DeyJpZCI6MTc5NywidXJsIjoiaHR0cHM6XC9cL3p1c3BsdW1sb3YuY3pcL3dwLWNvbnRlbnRcL3VwbG9hZHNcLzIwMjFcLzAzXC9JTUctMjAyMTAzMTktV0EwMDAxLmpwZyIsInNsaWRlc2hvdyI6ImE5NjQxNTAifQ%3D%3D\">\n\t\t\t\t\t<div class=\"e-gallery-image elementor-gallery-item__image\" data-thumbnail=\"https:\/\/zusplumlov.cz\/wp-content\/uploads\/2021\/03\/IMG-20210319-WA0001-300x169.jpg\" data-width=\"300\" data-height=\"169\" aria-label=\"\" role=\"img\" ><\/div>\n\t\t\t\t\t\t\t\t\t\t\t<div class=\"elementor-gallery-item__overlay\"><\/div>\n\t\t\t\t\t\t\t\t\t\t\t\t\t\t<\/a>\n\t\t\t\t\t\t\t<a class=\"e-gallery-item elementor-gallery-item elementor-animated-content\" href=\"https:\/\/zusplumlov.cz\/wp-content\/uploads\/2021\/03\/IMG-20210319-WA0007.jpg\" data-elementor-open-lightbox=\"yes\" data-elementor-lightbox-slideshow=\"a964150\" data-elementor-lightbox-title=\"IMG-20210319-WA0007\" data-e-action-hash=\"#elementor-action%3Aaction%3Dlightbox%26settings%3DeyJpZCI6MTgwMiwidXJsIjoiaHR0cHM6XC9cL3p1c3BsdW1sb3YuY3pcL3dwLWNvbnRlbnRcL3VwbG9hZHNcLzIwMjFcLzAzXC9JTUctMjAyMTAzMTktV0EwMDA3LmpwZyIsInNsaWRlc2hvdyI6ImE5NjQxNTAifQ%3D%3D\">\n\t\t\t\t\t<div class=\"e-gallery-image elementor-gallery-item__image\" data-thumbnail=\"https:\/\/zusplumlov.cz\/wp-content\/uploads\/2021\/03\/IMG-20210319-WA0007-300x169.jpg\" data-width=\"300\" data-height=\"169\" aria-label=\"\" role=\"img\" ><\/div>\n\t\t\t\t\t\t\t\t\t\t\t<div class=\"elementor-gallery-item__overlay\"><\/div>\n\t\t\t\t\t\t\t\t\t\t\t\t\t\t<\/a>\n\t\t\t\t\t\t\t<a class=\"e-gallery-item elementor-gallery-item elementor-animated-content\" href=\"https:\/\/zusplumlov.cz\/wp-content\/uploads\/2021\/03\/IMG-20210324-WA0011.jpg\" data-elementor-open-lightbox=\"yes\" data-elementor-lightbox-slideshow=\"a964150\" data-elementor-lightbox-title=\"IMG-20210324-WA0011\" data-e-action-hash=\"#elementor-action%3Aaction%3Dlightbox%26settings%3DeyJpZCI6MjM2NiwidXJsIjoiaHR0cHM6XC9cL3p1c3BsdW1sb3YuY3pcL3dwLWNvbnRlbnRcL3VwbG9hZHNcLzIwMjFcLzAzXC9JTUctMjAyMTAzMjQtV0EwMDExLmpwZyIsInNsaWRlc2hvdyI6ImE5NjQxNTAifQ%3D%3D\">\n\t\t\t\t\t<div class=\"e-gallery-image elementor-gallery-item__image\" data-thumbnail=\"https:\/\/zusplumlov.cz\/wp-content\/uploads\/2021\/03\/IMG-20210324-WA0011-300x225.jpg\" data-width=\"300\" data-height=\"225\" aria-label=\"\" role=\"img\" ><\/div>\n\t\t\t\t\t\t\t\t\t\t\t<div class=\"elementor-gallery-item__overlay\"><\/div>\n\t\t\t\t\t\t\t\t\t\t\t\t\t\t<\/a>\n\t\t\t\t\t\t\t<a class=\"e-gallery-item elementor-gallery-item elementor-animated-content\" href=\"https:\/\/zusplumlov.cz\/wp-content\/uploads\/2021\/03\/IMG-20210319-WA0008.jpg\" data-elementor-open-lightbox=\"yes\" data-elementor-lightbox-slideshow=\"a964150\" data-elementor-lightbox-title=\"IMG-20210319-WA0008\" data-e-action-hash=\"#elementor-action%3Aaction%3Dlightbox%26settings%3DeyJpZCI6MTgwMywidXJsIjoiaHR0cHM6XC9cL3p1c3BsdW1sb3YuY3pcL3dwLWNvbnRlbnRcL3VwbG9hZHNcLzIwMjFcLzAzXC9JTUctMjAyMTAzMTktV0EwMDA4LmpwZyIsInNsaWRlc2hvdyI6ImE5NjQxNTAifQ%3D%3D\">\n\t\t\t\t\t<div class=\"e-gallery-image elementor-gallery-item__image\" data-thumbnail=\"https:\/\/zusplumlov.cz\/wp-content\/uploads\/2021\/03\/IMG-20210319-WA0008-300x169.jpg\" data-width=\"300\" data-height=\"169\" aria-label=\"\" role=\"img\" ><\/div>\n\t\t\t\t\t\t\t\t\t\t\t<div class=\"elementor-gallery-item__overlay\"><\/div>\n\t\t\t\t\t\t\t\t\t\t\t\t\t\t<\/a>\n\t\t\t\t\t\t\t<a class=\"e-gallery-item elementor-gallery-item elementor-animated-content\" href=\"https:\/\/zusplumlov.cz\/wp-content\/uploads\/2021\/03\/IMG-20210324-WA0009.jpg\" data-elementor-open-lightbox=\"yes\" data-elementor-lightbox-slideshow=\"a964150\" data-elementor-lightbox-title=\"IMG-20210324-WA0009\" data-e-action-hash=\"#elementor-action%3Aaction%3Dlightbox%26settings%3DeyJpZCI6MjM2NCwidXJsIjoiaHR0cHM6XC9cL3p1c3BsdW1sb3YuY3pcL3dwLWNvbnRlbnRcL3VwbG9hZHNcLzIwMjFcLzAzXC9JTUctMjAyMTAzMjQtV0EwMDA5LmpwZyIsInNsaWRlc2hvdyI6ImE5NjQxNTAifQ%3D%3D\">\n\t\t\t\t\t<div class=\"e-gallery-image elementor-gallery-item__image\" data-thumbnail=\"https:\/\/zusplumlov.cz\/wp-content\/uploads\/2021\/03\/IMG-20210324-WA0009-300x225.jpg\" data-width=\"300\" data-height=\"225\" aria-label=\"\" role=\"img\" ><\/div>\n\t\t\t\t\t\t\t\t\t\t\t<div class=\"elementor-gallery-item__overlay\"><\/div>\n\t\t\t\t\t\t\t\t\t\t\t\t\t\t<\/a>\n\t\t\t\t\t\t\t<a class=\"e-gallery-item elementor-gallery-item elementor-animated-content\" href=\"https:\/\/zusplumlov.cz\/wp-content\/uploads\/2021\/03\/IMG-20210324-WA0010.jpg\" data-elementor-open-lightbox=\"yes\" data-elementor-lightbox-slideshow=\"a964150\" data-elementor-lightbox-title=\"IMG-20210324-WA0010\" data-e-action-hash=\"#elementor-action%3Aaction%3Dlightbox%26settings%3DeyJpZCI6MjM2NSwidXJsIjoiaHR0cHM6XC9cL3p1c3BsdW1sb3YuY3pcL3dwLWNvbnRlbnRcL3VwbG9hZHNcLzIwMjFcLzAzXC9JTUctMjAyMTAzMjQtV0EwMDEwLmpwZyIsInNsaWRlc2hvdyI6ImE5NjQxNTAifQ%3D%3D\">\n\t\t\t\t\t<div class=\"e-gallery-image elementor-gallery-item__image\" data-thumbnail=\"https:\/\/zusplumlov.cz\/wp-content\/uploads\/2021\/03\/IMG-20210324-WA0010-300x225.jpg\" data-width=\"300\" data-height=\"225\" aria-label=\"\" role=\"img\" ><\/div>\n\t\t\t\t\t\t\t\t\t\t\t<div class=\"elementor-gallery-item__overlay\"><\/div>\n\t\t\t\t\t\t\t\t\t\t\t\t\t\t<\/a>\n\t\t\t\t\t<\/div>\n\t\t\t\t\t<\/div>\n\t\t\t\t\t<\/div>\n\t\t\t\t<\/div>\n\t\t\t\t<\/div>\n\t\t","protected":false},"excerpt":{"rendered":"<p>Tane\u010dn\u00ed obor Tane\u010dn\u00ed obor prost\u0159ednictv\u00edm pohybov\u00fdch a tane\u010dn\u00edch aktivit umo\u017e\u0148uje \u017e\u00e1k\u016fm komplexn\u00ed rozvoj po str\u00e1nce t\u011blesn\u00e9 a du\u0161evn\u00ed.\u00a0Ka\u017ed\u00e9mu \u017e\u00e1kovi podle &hellip; <\/p>\n","protected":false},"author":1,"featured_media":0,"parent":492,"menu_order":0,"comment_status":"closed","ping_status":"closed","template":"","meta":{"ngg_post_thumbnail":0,"footnotes":""},"class_list":["post-687","page","type-page","status-publish","hentry","latest_post"],"_links":{"self":[{"href":"https:\/\/zusplumlov.cz\/index.php\/wp-json\/wp\/v2\/pages\/687","targetHints":{"allow":["GET"]}}],"collection":[{"href":"https:\/\/zusplumlov.cz\/index.php\/wp-json\/wp\/v2\/pages"}],"about":[{"href":"https:\/\/zusplumlov.cz\/index.php\/wp-json\/wp\/v2\/types\/page"}],"author":[{"embeddable":true,"href":"https:\/\/zusplumlov.cz\/index.php\/wp-json\/wp\/v2\/users\/1"}],"replies":[{"embeddable":true,"href":"https:\/\/zusplumlov.cz\/index.php\/wp-json\/wp\/v2\/comments?post=687"}],"version-history":[{"count":39,"href":"https:\/\/zusplumlov.cz\/index.php\/wp-json\/wp\/v2\/pages\/687\/revisions"}],"predecessor-version":[{"id":9353,"href":"https:\/\/zusplumlov.cz\/index.php\/wp-json\/wp\/v2\/pages\/687\/revisions\/9353"}],"up":[{"embeddable":true,"href":"https:\/\/zusplumlov.cz\/index.php\/wp-json\/wp\/v2\/pages\/492"}],"wp:attachment":[{"href":"https:\/\/zusplumlov.cz\/index.php\/wp-json\/wp\/v2\/media?parent=687"}],"curies":[{"name":"wp","href":"https:\/\/api.w.org\/{rel}","templated":true}]}}