{"id":683,"date":"2020-10-26T14:26:44","date_gmt":"2020-10-26T13:26:44","guid":{"rendered":"http:\/\/gpstudio.cz\/demo1\/?page_id=683"},"modified":"2025-05-22T09:39:11","modified_gmt":"2025-05-22T07:39:11","slug":"obor-vytvarny","status":"publish","type":"page","link":"https:\/\/zusplumlov.cz\/index.php\/obory\/obor-vytvarny\/","title":{"rendered":"V\u00fdtvarn\u00fd obor"},"content":{"rendered":"\t\t<div data-elementor-type=\"wp-page\" data-elementor-id=\"683\" class=\"elementor elementor-683\" data-elementor-post-type=\"page\">\n\t\t\t\t<div class=\"elementor-element elementor-element-34dabad e-flex e-con-boxed e-con e-parent\" data-id=\"34dabad\" data-element_type=\"container\">\n\t\t\t\t\t<div class=\"e-con-inner\">\n\t\t\t\t<div class=\"elementor-element elementor-element-58455a4 elementor-widget elementor-widget-heading\" data-id=\"58455a4\" data-element_type=\"widget\" data-widget_type=\"heading.default\">\n\t\t\t\t\t<h1 class=\"elementor-heading-title elementor-size-default\">V\u00fdtvarn\u00fd obor<\/h1>\t\t\t\t<\/div>\n\t\t\t\t\t<\/div>\n\t\t\t\t<\/div>\n\t\t<div class=\"elementor-element elementor-element-d4d5611 e-flex e-con-boxed e-con e-parent\" data-id=\"d4d5611\" data-element_type=\"container\">\n\t\t\t\t\t<div class=\"e-con-inner\">\n\t\t<div class=\"elementor-element elementor-element-8afd217 e-con-full e-flex e-con e-child\" data-id=\"8afd217\" data-element_type=\"container\">\n\t\t\t\t<div class=\"elementor-element elementor-element-2faf1b8 elementor-widget elementor-widget-text-editor\" data-id=\"2faf1b8\" data-element_type=\"widget\" data-widget_type=\"text-editor.default\">\n\t\t\t\t\t\t\t\t\t<div>V\u00fdtvarn\u00fd obor u\u010d\u00ed d\u011bti hledat, co \u0159\u00edci o sv\u011bt\u011b, ve kter\u00e9m \u017eijeme, a nab\u00edz\u00edme jim mo\u017enost, jak to vyj\u00e1d\u0159it. U\u010ditel je pak t\u00edm, kdo d\u011bti na dobrodru\u017en\u00e9 cest\u011b za objevov\u00e1n\u00edm skryt\u00e9 tv\u00e1\u0159e sv\u011bta doprov\u00e1z\u00ed.<\/div><div>\u00a0<\/div><div>P\u0159edm\u011bty VO jsou:<\/div><ul><li>Plo\u0161n\u00e1 tvorba<\/li><li>Prostorov\u00e1 tvorba<\/li><li>Objektov\u00e1 a ak\u010dn\u00ed tvorba<\/li><li>V\u00fdtvarn\u00e1 kultura<\/li><\/ul><div>V t\u011bchto p\u0159edm\u011btech se \u017e\u00e1ci seznamuj\u00ed se z\u00e1klady \u0161irok\u00e9 \u0161k\u00e1ly v\u00fdtvarn\u00fdch technik a postup\u016f a osvojuj\u00ed si pr\u00e1ci s r\u016fzn\u00fdmi materi\u00e1ly.\u00a0\u00a0<\/div><div>\u00a0<\/div><div>V\u00fduka se \u010dlen\u00ed na:<\/div><ul><li>P\u0159\u00edpravn\u00e9 studium<\/li><li>Z\u00e1kladn\u00ed studium I. a II. stupn\u011b<\/li><\/ul><p>V\u011bkov\u00e9 spektrum \u017e\u00e1k\u016f je od 6 do 18 let.<\/p><div>Rodi\u010de a z\u00e1jemci o d\u011btsk\u00e9 v\u00fdtvarn\u00e9 um\u011bn\u00ed mohou zhl\u00e9dnout v\u00fdsledky na\u0161eho tvo\u0159en\u00ed na ka\u017edoro\u010dn\u00edch v\u00fdstav\u00e1ch.\u00a0\u017d\u00e1ci v\u00fdtvarn\u00e9ho oboru se tak\u00e9 pravideln\u011b zapojuj\u00ed do v\u00fdtvarn\u00fdch sout\u011b\u017e\u00ed a v\u00fdtvarn\u00fdch p\u0159ehl\u00eddek ZU\u0160.<\/div><div>\u00a0<\/div><div>V sou\u010dasn\u00e9 dob\u011b s\u00eddl\u00edme a tvo\u0159\u00edme na adrese Dukelsk\u00e1 548<\/div>\t\t\t\t\t\t\t\t<\/div>\n\t\t\t\t<\/div>\n\t\t<div class=\"elementor-element elementor-element-4632244 e-con-full e-flex e-con e-child\" data-id=\"4632244\" data-element_type=\"container\">\n\t\t\t\t<div class=\"elementor-element elementor-element-d53b3ee elementor-nav-menu--dropdown-tablet elementor-nav-menu__text-align-aside elementor-nav-menu--toggle elementor-nav-menu--burger elementor-widget elementor-widget-nav-menu\" data-id=\"d53b3ee\" data-element_type=\"widget\" data-settings=\"{&quot;layout&quot;:&quot;horizontal&quot;,&quot;submenu_icon&quot;:{&quot;value&quot;:&quot;&lt;svg class=\\&quot;e-font-icon-svg e-fas-caret-down\\&quot; viewBox=\\&quot;0 0 320 512\\&quot; xmlns=\\&quot;http:\\\/\\\/www.w3.org\\\/2000\\\/svg\\&quot;&gt;&lt;path d=\\&quot;M31.3 192h257.3c17.8 0 26.7 21.5 14.1 34.1L174.1 354.8c-7.8 7.8-20.5 7.8-28.3 0L17.2 226.1C4.6 213.5 13.5 192 31.3 192z\\&quot;&gt;&lt;\\\/path&gt;&lt;\\\/svg&gt;&quot;,&quot;library&quot;:&quot;fa-solid&quot;},&quot;toggle&quot;:&quot;burger&quot;}\" data-widget_type=\"nav-menu.default\">\n\t\t\t\t\t\t\t\t<nav aria-label=\"Menu\" class=\"elementor-nav-menu--main elementor-nav-menu__container elementor-nav-menu--layout-horizontal e--pointer-underline e--animation-fade\">\n\t\t\t\t<ul id=\"menu-1-d53b3ee\" class=\"elementor-nav-menu\"><li class=\"menu-item menu-item-type-post_type menu-item-object-page menu-item-2426\"><a href=\"https:\/\/zusplumlov.cz\/index.php\/obory\/obor-hudebni\/\" class=\"elementor-item\">Hudebn\u00ed obor<\/a><\/li>\n<li class=\"menu-item menu-item-type-post_type menu-item-object-page menu-item-2428\"><a href=\"https:\/\/zusplumlov.cz\/index.php\/obory\/obor-tanecni\/\" class=\"elementor-item\">Tane\u010dn\u00ed obor<\/a><\/li>\n<li class=\"menu-item menu-item-type-post_type menu-item-object-page menu-item-2427\"><a href=\"https:\/\/zusplumlov.cz\/index.php\/obory\/obor-literarne-dramaticky\/\" class=\"elementor-item\">Liter\u00e1rn\u011b-dramatick\u00fd obor<\/a><\/li>\n<li class=\"menu-item menu-item-type-post_type menu-item-object-page menu-item-2429\"><a href=\"https:\/\/zusplumlov.cz\/index.php\/obory\/obor-vytvarny\/\" class=\"elementor-item\">V\u00fdtvarn\u00fd obor<\/a><\/li>\n<\/ul>\t\t\t<\/nav>\n\t\t\t\t\t<div class=\"elementor-menu-toggle\" role=\"button\" tabindex=\"0\" aria-label=\"Menu Toggle\" aria-expanded=\"false\">\n\t\t\t<svg aria-hidden=\"true\" role=\"presentation\" class=\"elementor-menu-toggle__icon--open e-font-icon-svg e-eicon-menu-bar\" viewBox=\"0 0 1000 1000\" xmlns=\"http:\/\/www.w3.org\/2000\/svg\"><path d=\"M104 333H896C929 333 958 304 958 271S929 208 896 208H104C71 208 42 237 42 271S71 333 104 333ZM104 583H896C929 583 958 554 958 521S929 458 896 458H104C71 458 42 487 42 521S71 583 104 583ZM104 833H896C929 833 958 804 958 771S929 708 896 708H104C71 708 42 737 42 771S71 833 104 833Z\"><\/path><\/svg><svg aria-hidden=\"true\" role=\"presentation\" class=\"elementor-menu-toggle__icon--close e-font-icon-svg e-eicon-close\" viewBox=\"0 0 1000 1000\" xmlns=\"http:\/\/www.w3.org\/2000\/svg\"><path d=\"M742 167L500 408 258 167C246 154 233 150 217 150 196 150 179 158 167 167 154 179 150 196 150 212 150 229 154 242 171 254L408 500 167 742C138 771 138 800 167 829 196 858 225 858 254 829L496 587 738 829C750 842 767 846 783 846 800 846 817 842 829 829 842 817 846 804 846 783 846 767 842 750 829 737L588 500 833 258C863 229 863 200 833 171 804 137 775 137 742 167Z\"><\/path><\/svg>\t\t<\/div>\n\t\t\t\t\t<nav class=\"elementor-nav-menu--dropdown elementor-nav-menu__container\" aria-hidden=\"true\">\n\t\t\t\t<ul id=\"menu-2-d53b3ee\" class=\"elementor-nav-menu\"><li class=\"menu-item menu-item-type-post_type menu-item-object-page menu-item-2426\"><a href=\"https:\/\/zusplumlov.cz\/index.php\/obory\/obor-hudebni\/\" class=\"elementor-item\" tabindex=\"-1\">Hudebn\u00ed obor<\/a><\/li>\n<li class=\"menu-item menu-item-type-post_type menu-item-object-page menu-item-2428\"><a href=\"https:\/\/zusplumlov.cz\/index.php\/obory\/obor-tanecni\/\" class=\"elementor-item\" tabindex=\"-1\">Tane\u010dn\u00ed obor<\/a><\/li>\n<li class=\"menu-item menu-item-type-post_type menu-item-object-page menu-item-2427\"><a href=\"https:\/\/zusplumlov.cz\/index.php\/obory\/obor-literarne-dramaticky\/\" class=\"elementor-item\" tabindex=\"-1\">Liter\u00e1rn\u011b-dramatick\u00fd obor<\/a><\/li>\n<li class=\"menu-item menu-item-type-post_type menu-item-object-page menu-item-2429\"><a href=\"https:\/\/zusplumlov.cz\/index.php\/obory\/obor-vytvarny\/\" class=\"elementor-item\" tabindex=\"-1\">V\u00fdtvarn\u00fd obor<\/a><\/li>\n<\/ul>\t\t\t<\/nav>\n\t\t\t\t\t\t<\/div>\n\t\t\t\t<div class=\"elementor-element elementor-element-dbb97cc elementor-widget elementor-widget-wp-widget-recent-posts\" data-id=\"dbb97cc\" data-element_type=\"widget\" data-widget_type=\"wp-widget-recent-posts.default\">\n\t\t\t\t<div class=\"elementor-widget-container\">\n\t\t\t\t\t\n\t\t\n\t\t<h5>Nejnov\u011bj\u0161\u00ed p\u0159\u00edsp\u011bvky<\/h5>\n\t\t<ul>\n\t\t\t\t\t\t\t\t\t\t\t<li>\n\t\t\t\t\t<a href=\"https:\/\/zusplumlov.cz\/index.php\/2026\/05\/12\/talentove-zkousky-na-skolni-rok-2026-2027\/aktuality\/\">Talentov\u00e9 zkou\u0161ky na \u0161koln\u00ed rok 2026\/2027<\/a>\n\t\t\t\t\t\t\t\t\t<\/li>\n\t\t\t\t\t\t\t\t\t\t\t<li>\n\t\t\t\t\t<a href=\"https:\/\/zusplumlov.cz\/index.php\/2026\/05\/06\/divadelni-predstaveni-jamie-a-upiri\/aktuality\/\">Divadeln\u00ed p\u0159edstaven\u00ed &#8222;Jamie a up\u00ed\u0159i&#8220;<\/a>\n\t\t\t\t\t\t\t\t\t<\/li>\n\t\t\t\t\t\t\t\t\t\t\t<li>\n\t\t\t\t\t<a href=\"https:\/\/zusplumlov.cz\/index.php\/2026\/05\/06\/majova-besidka\/aktuality\/\">M\u00e1jov\u00e1 bes\u00eddka p. u\u010d. Tesa\u0159e<\/a>\n\t\t\t\t\t\t\t\t\t<\/li>\n\t\t\t\t\t\t\t\t\t\t\t<li>\n\t\t\t\t\t<a href=\"https:\/\/zusplumlov.cz\/index.php\/2026\/04\/29\/pozvanka-na-vytvarnou-vystavu-21-5-2026\/aktuality\/\">Pozv\u00e1nka na v\u00fdtvarnou v\u00fdstavu 21.5.2026<\/a>\n\t\t\t\t\t\t\t\t\t<\/li>\n\t\t\t\t\t\t\t\t\t\t\t<li>\n\t\t\t\t\t<a href=\"https:\/\/zusplumlov.cz\/index.php\/2026\/04\/21\/krajska-prehlidka-talentovanych-klaviristu-zus-unicov\/aktuality\/\">Krajsk\u00e1 p\u0159ehl\u00eddka talentovan\u00fdch klav\u00edrist\u016f &#8211; ZU\u0160 Uni\u010dov<\/a>\n\t\t\t\t\t\t\t\t\t<\/li>\n\t\t\t\t\t<\/ul>\n\n\t\t\t\t\t\t<\/div>\n\t\t\t\t<\/div>\n\t\t\t\t<\/div>\n\t\t\t\t\t<\/div>\n\t\t\t\t<\/div>\n\t\t<div class=\"elementor-element elementor-element-9f78a15 e-flex e-con-boxed e-con e-parent\" data-id=\"9f78a15\" data-element_type=\"container\">\n\t\t\t\t\t<div class=\"e-con-inner\">\n\t\t\t\t<div class=\"elementor-element elementor-element-14bdf4b elementor-widget elementor-widget-gallery\" data-id=\"14bdf4b\" data-element_type=\"widget\" data-settings=\"{&quot;gallery_layout&quot;:&quot;masonry&quot;,&quot;columns&quot;:3,&quot;lazyload&quot;:&quot;yes&quot;,&quot;columns_tablet&quot;:2,&quot;columns_mobile&quot;:1,&quot;gap&quot;:{&quot;unit&quot;:&quot;px&quot;,&quot;size&quot;:10,&quot;sizes&quot;:[]},&quot;gap_tablet&quot;:{&quot;unit&quot;:&quot;px&quot;,&quot;size&quot;:10,&quot;sizes&quot;:[]},&quot;gap_mobile&quot;:{&quot;unit&quot;:&quot;px&quot;,&quot;size&quot;:10,&quot;sizes&quot;:[]},&quot;link_to&quot;:&quot;file&quot;,&quot;overlay_background&quot;:&quot;yes&quot;,&quot;content_hover_animation&quot;:&quot;fade-in&quot;}\" data-widget_type=\"gallery.default\">\n\t\t\t\t\t\t\t<div class=\"elementor-gallery__container\">\n\t\t\t\t\t\t\t<a class=\"e-gallery-item elementor-gallery-item elementor-animated-content\" href=\"https:\/\/zusplumlov.cz\/wp-content\/uploads\/2021\/03\/1616673182338.jpg\" data-elementor-open-lightbox=\"yes\" data-elementor-lightbox-slideshow=\"14bdf4b\" data-elementor-lightbox-title=\"1616673182338\" data-e-action-hash=\"#elementor-action%3Aaction%3Dlightbox%26settings%3DeyJpZCI6MjMyNSwidXJsIjoiaHR0cHM6XC9cL3p1c3BsdW1sb3YuY3pcL3dwLWNvbnRlbnRcL3VwbG9hZHNcLzIwMjFcLzAzXC8xNjE2NjczMTgyMzM4LmpwZyIsInNsaWRlc2hvdyI6IjE0YmRmNGIifQ%3D%3D\">\n\t\t\t\t\t<div class=\"e-gallery-image elementor-gallery-item__image\" data-thumbnail=\"https:\/\/zusplumlov.cz\/wp-content\/uploads\/2021\/03\/1616673182338-225x300.jpg\" data-width=\"225\" data-height=\"300\" aria-label=\"\" role=\"img\" ><\/div>\n\t\t\t\t\t\t\t\t\t\t\t<div class=\"elementor-gallery-item__overlay\"><\/div>\n\t\t\t\t\t\t\t\t\t\t\t\t\t\t<\/a>\n\t\t\t\t\t\t\t<a class=\"e-gallery-item elementor-gallery-item elementor-animated-content\" href=\"https:\/\/zusplumlov.cz\/wp-content\/uploads\/2021\/03\/1616673182334.jpg\" data-elementor-open-lightbox=\"yes\" data-elementor-lightbox-slideshow=\"14bdf4b\" data-elementor-lightbox-title=\"1616673182334\" data-e-action-hash=\"#elementor-action%3Aaction%3Dlightbox%26settings%3DeyJpZCI6MjMxNywidXJsIjoiaHR0cHM6XC9cL3p1c3BsdW1sb3YuY3pcL3dwLWNvbnRlbnRcL3VwbG9hZHNcLzIwMjFcLzAzXC8xNjE2NjczMTgyMzM0LmpwZyIsInNsaWRlc2hvdyI6IjE0YmRmNGIifQ%3D%3D\">\n\t\t\t\t\t<div class=\"e-gallery-image elementor-gallery-item__image\" data-thumbnail=\"https:\/\/zusplumlov.cz\/wp-content\/uploads\/2021\/03\/1616673182334-225x300.jpg\" data-width=\"225\" data-height=\"300\" aria-label=\"\" role=\"img\" ><\/div>\n\t\t\t\t\t\t\t\t\t\t\t<div class=\"elementor-gallery-item__overlay\"><\/div>\n\t\t\t\t\t\t\t\t\t\t\t\t\t\t<\/a>\n\t\t\t\t\t\t\t<a class=\"e-gallery-item elementor-gallery-item elementor-animated-content\" href=\"https:\/\/zusplumlov.cz\/wp-content\/uploads\/2021\/03\/1616673182330.jpg\" data-elementor-open-lightbox=\"yes\" data-elementor-lightbox-slideshow=\"14bdf4b\" data-elementor-lightbox-title=\"1616673182330\" data-e-action-hash=\"#elementor-action%3Aaction%3Dlightbox%26settings%3DeyJpZCI6MjMyMSwidXJsIjoiaHR0cHM6XC9cL3p1c3BsdW1sb3YuY3pcL3dwLWNvbnRlbnRcL3VwbG9hZHNcLzIwMjFcLzAzXC8xNjE2NjczMTgyMzMwLmpwZyIsInNsaWRlc2hvdyI6IjE0YmRmNGIifQ%3D%3D\">\n\t\t\t\t\t<div class=\"e-gallery-image elementor-gallery-item__image\" data-thumbnail=\"https:\/\/zusplumlov.cz\/wp-content\/uploads\/2021\/03\/1616673182330-225x300.jpg\" data-width=\"225\" data-height=\"300\" aria-label=\"\" role=\"img\" ><\/div>\n\t\t\t\t\t\t\t\t\t\t\t<div class=\"elementor-gallery-item__overlay\"><\/div>\n\t\t\t\t\t\t\t\t\t\t\t\t\t\t<\/a>\n\t\t\t\t\t\t\t<a class=\"e-gallery-item elementor-gallery-item elementor-animated-content\" href=\"https:\/\/zusplumlov.cz\/wp-content\/uploads\/2021\/03\/1616673182325.jpg\" data-elementor-open-lightbox=\"yes\" data-elementor-lightbox-slideshow=\"14bdf4b\" data-elementor-lightbox-title=\"1616673182325\" data-e-action-hash=\"#elementor-action%3Aaction%3Dlightbox%26settings%3DeyJpZCI6MjMyMywidXJsIjoiaHR0cHM6XC9cL3p1c3BsdW1sb3YuY3pcL3dwLWNvbnRlbnRcL3VwbG9hZHNcLzIwMjFcLzAzXC8xNjE2NjczMTgyMzI1LmpwZyIsInNsaWRlc2hvdyI6IjE0YmRmNGIifQ%3D%3D\">\n\t\t\t\t\t<div class=\"e-gallery-image elementor-gallery-item__image\" data-thumbnail=\"https:\/\/zusplumlov.cz\/wp-content\/uploads\/2021\/03\/1616673182325-225x300.jpg\" data-width=\"225\" data-height=\"300\" aria-label=\"\" role=\"img\" ><\/div>\n\t\t\t\t\t\t\t\t\t\t\t<div class=\"elementor-gallery-item__overlay\"><\/div>\n\t\t\t\t\t\t\t\t\t\t\t\t\t\t<\/a>\n\t\t\t\t\t\t\t<a class=\"e-gallery-item elementor-gallery-item elementor-animated-content\" href=\"https:\/\/zusplumlov.cz\/wp-content\/uploads\/2021\/03\/1616673182321.jpg\" data-elementor-open-lightbox=\"yes\" data-elementor-lightbox-slideshow=\"14bdf4b\" data-elementor-lightbox-title=\"1616673182321\" data-e-action-hash=\"#elementor-action%3Aaction%3Dlightbox%26settings%3DeyJpZCI6MjMxOSwidXJsIjoiaHR0cHM6XC9cL3p1c3BsdW1sb3YuY3pcL3dwLWNvbnRlbnRcL3VwbG9hZHNcLzIwMjFcLzAzXC8xNjE2NjczMTgyMzIxLmpwZyIsInNsaWRlc2hvdyI6IjE0YmRmNGIifQ%3D%3D\">\n\t\t\t\t\t<div class=\"e-gallery-image elementor-gallery-item__image\" data-thumbnail=\"https:\/\/zusplumlov.cz\/wp-content\/uploads\/2021\/03\/1616673182321-202x300.jpg\" data-width=\"202\" data-height=\"300\" aria-label=\"\" role=\"img\" ><\/div>\n\t\t\t\t\t\t\t\t\t\t\t<div class=\"elementor-gallery-item__overlay\"><\/div>\n\t\t\t\t\t\t\t\t\t\t\t\t\t\t<\/a>\n\t\t\t\t\t\t\t<a class=\"e-gallery-item elementor-gallery-item elementor-animated-content\" href=\"https:\/\/zusplumlov.cz\/wp-content\/uploads\/2021\/03\/1616673182343.jpg\" data-elementor-open-lightbox=\"yes\" data-elementor-lightbox-slideshow=\"14bdf4b\" data-elementor-lightbox-title=\"1616673182343\" data-e-action-hash=\"#elementor-action%3Aaction%3Dlightbox%26settings%3DeyJpZCI6MjMyMCwidXJsIjoiaHR0cHM6XC9cL3p1c3BsdW1sb3YuY3pcL3dwLWNvbnRlbnRcL3VwbG9hZHNcLzIwMjFcLzAzXC8xNjE2NjczMTgyMzQzLmpwZyIsInNsaWRlc2hvdyI6IjE0YmRmNGIifQ%3D%3D\">\n\t\t\t\t\t<div class=\"e-gallery-image elementor-gallery-item__image\" data-thumbnail=\"https:\/\/zusplumlov.cz\/wp-content\/uploads\/2021\/03\/1616673182343-225x300.jpg\" data-width=\"225\" data-height=\"300\" aria-label=\"\" role=\"img\" ><\/div>\n\t\t\t\t\t\t\t\t\t\t\t<div class=\"elementor-gallery-item__overlay\"><\/div>\n\t\t\t\t\t\t\t\t\t\t\t\t\t\t<\/a>\n\t\t\t\t\t\t\t<a class=\"e-gallery-item elementor-gallery-item elementor-animated-content\" href=\"https:\/\/zusplumlov.cz\/wp-content\/uploads\/2021\/03\/1616673182312.jpg\" data-elementor-open-lightbox=\"yes\" data-elementor-lightbox-slideshow=\"14bdf4b\" data-elementor-lightbox-title=\"1616673182312\" data-e-action-hash=\"#elementor-action%3Aaction%3Dlightbox%26settings%3DeyJpZCI6MjMyNCwidXJsIjoiaHR0cHM6XC9cL3p1c3BsdW1sb3YuY3pcL3dwLWNvbnRlbnRcL3VwbG9hZHNcLzIwMjFcLzAzXC8xNjE2NjczMTgyMzEyLmpwZyIsInNsaWRlc2hvdyI6IjE0YmRmNGIifQ%3D%3D\">\n\t\t\t\t\t<div class=\"e-gallery-image elementor-gallery-item__image\" data-thumbnail=\"https:\/\/zusplumlov.cz\/wp-content\/uploads\/2021\/03\/1616673182312-300x285.jpg\" data-width=\"300\" data-height=\"285\" aria-label=\"\" role=\"img\" ><\/div>\n\t\t\t\t\t\t\t\t\t\t\t<div class=\"elementor-gallery-item__overlay\"><\/div>\n\t\t\t\t\t\t\t\t\t\t\t\t\t\t<\/a>\n\t\t\t\t\t\t\t<a class=\"e-gallery-item elementor-gallery-item elementor-animated-content\" href=\"https:\/\/zusplumlov.cz\/wp-content\/uploads\/2021\/03\/1616673182316.jpg\" data-elementor-open-lightbox=\"yes\" data-elementor-lightbox-slideshow=\"14bdf4b\" data-elementor-lightbox-title=\"1616673182316\" data-e-action-hash=\"#elementor-action%3Aaction%3Dlightbox%26settings%3DeyJpZCI6MjMxOCwidXJsIjoiaHR0cHM6XC9cL3p1c3BsdW1sb3YuY3pcL3dwLWNvbnRlbnRcL3VwbG9hZHNcLzIwMjFcLzAzXC8xNjE2NjczMTgyMzE2LmpwZyIsInNsaWRlc2hvdyI6IjE0YmRmNGIifQ%3D%3D\">\n\t\t\t\t\t<div class=\"e-gallery-image elementor-gallery-item__image\" data-thumbnail=\"https:\/\/zusplumlov.cz\/wp-content\/uploads\/2021\/03\/1616673182316-225x300.jpg\" data-width=\"225\" data-height=\"300\" aria-label=\"\" role=\"img\" ><\/div>\n\t\t\t\t\t\t\t\t\t\t\t<div class=\"elementor-gallery-item__overlay\"><\/div>\n\t\t\t\t\t\t\t\t\t\t\t\t\t\t<\/a>\n\t\t\t\t\t<\/div>\n\t\t\t\t\t<\/div>\n\t\t\t\t\t<\/div>\n\t\t\t\t<\/div>\n\t\t\t\t<\/div>\n\t\t","protected":false},"excerpt":{"rendered":"<p>V\u00fdtvarn\u00fd obor V\u00fdtvarn\u00fd obor u\u010d\u00ed d\u011bti hledat, co \u0159\u00edci o sv\u011bt\u011b, ve kter\u00e9m \u017eijeme, a nab\u00edz\u00edme jim mo\u017enost, jak to &hellip; <\/p>\n","protected":false},"author":1,"featured_media":0,"parent":492,"menu_order":0,"comment_status":"closed","ping_status":"closed","template":"","meta":{"ngg_post_thumbnail":0,"footnotes":""},"class_list":["post-683","page","type-page","status-publish","hentry","latest_post"],"_links":{"self":[{"href":"https:\/\/zusplumlov.cz\/index.php\/wp-json\/wp\/v2\/pages\/683","targetHints":{"allow":["GET"]}}],"collection":[{"href":"https:\/\/zusplumlov.cz\/index.php\/wp-json\/wp\/v2\/pages"}],"about":[{"href":"https:\/\/zusplumlov.cz\/index.php\/wp-json\/wp\/v2\/types\/page"}],"author":[{"embeddable":true,"href":"https:\/\/zusplumlov.cz\/index.php\/wp-json\/wp\/v2\/users\/1"}],"replies":[{"embeddable":true,"href":"https:\/\/zusplumlov.cz\/index.php\/wp-json\/wp\/v2\/comments?post=683"}],"version-history":[{"count":26,"href":"https:\/\/zusplumlov.cz\/index.php\/wp-json\/wp\/v2\/pages\/683\/revisions"}],"predecessor-version":[{"id":9356,"href":"https:\/\/zusplumlov.cz\/index.php\/wp-json\/wp\/v2\/pages\/683\/revisions\/9356"}],"up":[{"embeddable":true,"href":"https:\/\/zusplumlov.cz\/index.php\/wp-json\/wp\/v2\/pages\/492"}],"wp:attachment":[{"href":"https:\/\/zusplumlov.cz\/index.php\/wp-json\/wp\/v2\/media?parent=683"}],"curies":[{"name":"wp","href":"https:\/\/api.w.org\/{rel}","templated":true}]}}