{"id":650,"date":"2020-10-26T12:33:48","date_gmt":"2020-10-26T11:33:48","guid":{"rendered":"http:\/\/gpstudio.cz\/demo1\/?page_id=650"},"modified":"2025-05-16T11:17:59","modified_gmt":"2025-05-16T09:17:59","slug":"obor-hudebni","status":"publish","type":"page","link":"https:\/\/zusplumlov.cz\/index.php\/obory\/obor-hudebni\/","title":{"rendered":"Hudebn\u00ed obor"},"content":{"rendered":"\t\t<div data-elementor-type=\"wp-page\" data-elementor-id=\"650\" class=\"elementor elementor-650\" data-elementor-post-type=\"page\">\n\t\t\t\t<div class=\"elementor-element elementor-element-8fd71c6 e-flex e-con-boxed e-con e-parent\" data-id=\"8fd71c6\" data-element_type=\"container\">\n\t\t\t\t\t<div class=\"e-con-inner\">\n\t\t\t\t<div class=\"elementor-element elementor-element-e45379c elementor-widget elementor-widget-heading\" data-id=\"e45379c\" data-element_type=\"widget\" data-widget_type=\"heading.default\">\n\t\t\t\t\t<h1 class=\"elementor-heading-title elementor-size-default\">Hudebn\u00ed obor<\/h1>\t\t\t\t<\/div>\n\t\t\t\t\t<\/div>\n\t\t\t\t<\/div>\n\t\t<div class=\"elementor-element elementor-element-0871456 e-flex e-con-boxed e-con e-parent\" data-id=\"0871456\" data-element_type=\"container\">\n\t\t\t\t\t<div class=\"e-con-inner\">\n\t\t<div class=\"elementor-element elementor-element-f90a883 e-con-full e-flex e-con e-child\" data-id=\"f90a883\" data-element_type=\"container\">\n\t\t\t\t<div class=\"elementor-element elementor-element-c53761d elementor-widget elementor-widget-text-editor\" data-id=\"c53761d\" data-element_type=\"widget\" data-widget_type=\"text-editor.default\">\n\t\t\t\t\t\t\t\t\t<div><span style=\"color: #000000;\">Hudebn\u00ed obor na z\u00e1kladn\u00edm stupni um\u011bleck\u00e9ho \u0161kolstv\u00ed d\u00e1v\u00e1 \u017e\u00e1kovi mo\u017enost vyu\u017e\u00edvat hudbu jako prost\u0159edek vz\u00e1jemn\u00e9 komunikace, osobn\u00edho um\u011bleck\u00e9ho vyj\u00e1d\u0159en\u00ed a individu\u00e1ln\u00edho emo\u010dn\u00edho napln\u011bn\u00ed prost\u0159ednictv\u00edm soustavn\u00e9ho vzd\u011bl\u00e1v\u00e1n\u00ed, aktivn\u00ed a pou\u010den\u00e9 interpretace, vlastn\u00ed tvorby, pozn\u00e1v\u00e1n\u00ed hudebn\u00ed kultury a osvojen\u00ed si z\u00e1kladn\u00edch teoretick\u00fdch znalost\u00ed.<\/span><\/div><div>\u00a0<\/div><div><span style=\"color: #000000;\">V hlavn\u00edm p\u0159edm\u011btu se \u017e\u00e1k nau\u010d\u00ed zvl\u00e1dat technick\u00e9 a v\u00fdrazov\u00e9 prost\u0159edky n\u00e1stroje. V ostatn\u00edch p\u0159edm\u011btech roz\u0161i\u0159ujeme a prohlubujeme hudebn\u00ed znalosti a dovednosti \u017e\u00e1k\u016f. <\/span><\/div><div>\u00a0<\/div><div><span style=\"color: #000000;\">Hlavn\u00edm posl\u00e1n\u00edm hudebn\u00edho oboru je vychov\u00e1vat z \u017e\u00e1k\u016f hudbymilovn\u00e9 a kulturn\u00ed osobnosti, schopn\u00e9 amat\u00e9rsk\u00e9ho nebo profesion\u00e1ln\u00edho hudebn\u00edho \u017eivota.<\/span><\/div><div>\u00a0<\/div><div><span style=\"color: #000000;\">V hudebn\u00edm oboru jsou vyu\u010dov\u00e1ny tyto n\u00e1stroje: housle, viola, kontrabas, klav\u00edr, elektrick\u00e9 kl\u00e1vesov\u00e9 n\u00e1stroje, varhany, zobcov\u00e9 a p\u0159\u00ed\u010dn\u00e9 fl\u00e9tny, hoboj, klarinet, saxofony, trubka, tuba, bic\u00ed, zp\u011bv a kytara. <\/span><\/div><div>\u00a0<\/div><div><span style=\"color: #000000;\">V\u00fduka se \u010dlen\u00ed na:<\/span><\/div><ul><li><span style=\"color: #000000;\">P\u0159\u00edpravn\u00e9 studium<\/span><\/li><li><span style=\"color: #000000;\">Z\u00e1kladn\u00ed studium I. a II. stupn\u011b<\/span><\/li><li><span style=\"color: #000000;\">Studium pro dosp\u011bl\u00e9<\/span><\/li><\/ul>\t\t\t\t\t\t\t\t<\/div>\n\t\t\t\t<\/div>\n\t\t<div class=\"elementor-element elementor-element-5174fa6 e-con-full e-flex e-con e-child\" data-id=\"5174fa6\" data-element_type=\"container\">\n\t\t\t\t<div class=\"elementor-element elementor-element-2009ce6 elementor-nav-menu--dropdown-tablet elementor-nav-menu__text-align-aside elementor-nav-menu--toggle elementor-nav-menu--burger elementor-widget elementor-widget-nav-menu\" data-id=\"2009ce6\" data-element_type=\"widget\" data-settings=\"{&quot;layout&quot;:&quot;horizontal&quot;,&quot;submenu_icon&quot;:{&quot;value&quot;:&quot;&lt;svg class=\\&quot;e-font-icon-svg e-fas-caret-down\\&quot; viewBox=\\&quot;0 0 320 512\\&quot; xmlns=\\&quot;http:\\\/\\\/www.w3.org\\\/2000\\\/svg\\&quot;&gt;&lt;path d=\\&quot;M31.3 192h257.3c17.8 0 26.7 21.5 14.1 34.1L174.1 354.8c-7.8 7.8-20.5 7.8-28.3 0L17.2 226.1C4.6 213.5 13.5 192 31.3 192z\\&quot;&gt;&lt;\\\/path&gt;&lt;\\\/svg&gt;&quot;,&quot;library&quot;:&quot;fa-solid&quot;},&quot;toggle&quot;:&quot;burger&quot;}\" data-widget_type=\"nav-menu.default\">\n\t\t\t\t\t\t\t\t<nav aria-label=\"Menu\" class=\"elementor-nav-menu--main elementor-nav-menu__container elementor-nav-menu--layout-horizontal e--pointer-underline e--animation-fade\">\n\t\t\t\t<ul id=\"menu-1-2009ce6\" class=\"elementor-nav-menu\"><li class=\"menu-item menu-item-type-post_type menu-item-object-page menu-item-2426\"><a href=\"https:\/\/zusplumlov.cz\/index.php\/obory\/obor-hudebni\/\" class=\"elementor-item\">Hudebn\u00ed obor<\/a><\/li>\n<li class=\"menu-item menu-item-type-post_type menu-item-object-page menu-item-2428\"><a href=\"https:\/\/zusplumlov.cz\/index.php\/obory\/obor-tanecni\/\" class=\"elementor-item\">Tane\u010dn\u00ed obor<\/a><\/li>\n<li class=\"menu-item menu-item-type-post_type menu-item-object-page menu-item-2427\"><a href=\"https:\/\/zusplumlov.cz\/index.php\/obory\/obor-literarne-dramaticky\/\" class=\"elementor-item\">Liter\u00e1rn\u011b-dramatick\u00fd obor<\/a><\/li>\n<li class=\"menu-item menu-item-type-post_type menu-item-object-page menu-item-2429\"><a href=\"https:\/\/zusplumlov.cz\/index.php\/obory\/obor-vytvarny\/\" class=\"elementor-item\">V\u00fdtvarn\u00fd obor<\/a><\/li>\n<\/ul>\t\t\t<\/nav>\n\t\t\t\t\t<div class=\"elementor-menu-toggle\" role=\"button\" tabindex=\"0\" aria-label=\"Menu Toggle\" aria-expanded=\"false\">\n\t\t\t<svg aria-hidden=\"true\" role=\"presentation\" class=\"elementor-menu-toggle__icon--open e-font-icon-svg e-eicon-menu-bar\" viewBox=\"0 0 1000 1000\" xmlns=\"http:\/\/www.w3.org\/2000\/svg\"><path d=\"M104 333H896C929 333 958 304 958 271S929 208 896 208H104C71 208 42 237 42 271S71 333 104 333ZM104 583H896C929 583 958 554 958 521S929 458 896 458H104C71 458 42 487 42 521S71 583 104 583ZM104 833H896C929 833 958 804 958 771S929 708 896 708H104C71 708 42 737 42 771S71 833 104 833Z\"><\/path><\/svg><svg aria-hidden=\"true\" role=\"presentation\" class=\"elementor-menu-toggle__icon--close e-font-icon-svg e-eicon-close\" viewBox=\"0 0 1000 1000\" xmlns=\"http:\/\/www.w3.org\/2000\/svg\"><path d=\"M742 167L500 408 258 167C246 154 233 150 217 150 196 150 179 158 167 167 154 179 150 196 150 212 150 229 154 242 171 254L408 500 167 742C138 771 138 800 167 829 196 858 225 858 254 829L496 587 738 829C750 842 767 846 783 846 800 846 817 842 829 829 842 817 846 804 846 783 846 767 842 750 829 737L588 500 833 258C863 229 863 200 833 171 804 137 775 137 742 167Z\"><\/path><\/svg>\t\t<\/div>\n\t\t\t\t\t<nav class=\"elementor-nav-menu--dropdown elementor-nav-menu__container\" aria-hidden=\"true\">\n\t\t\t\t<ul id=\"menu-2-2009ce6\" class=\"elementor-nav-menu\"><li class=\"menu-item menu-item-type-post_type menu-item-object-page menu-item-2426\"><a href=\"https:\/\/zusplumlov.cz\/index.php\/obory\/obor-hudebni\/\" class=\"elementor-item\" tabindex=\"-1\">Hudebn\u00ed obor<\/a><\/li>\n<li class=\"menu-item menu-item-type-post_type menu-item-object-page menu-item-2428\"><a href=\"https:\/\/zusplumlov.cz\/index.php\/obory\/obor-tanecni\/\" class=\"elementor-item\" tabindex=\"-1\">Tane\u010dn\u00ed obor<\/a><\/li>\n<li class=\"menu-item menu-item-type-post_type menu-item-object-page menu-item-2427\"><a href=\"https:\/\/zusplumlov.cz\/index.php\/obory\/obor-literarne-dramaticky\/\" class=\"elementor-item\" tabindex=\"-1\">Liter\u00e1rn\u011b-dramatick\u00fd obor<\/a><\/li>\n<li class=\"menu-item menu-item-type-post_type menu-item-object-page menu-item-2429\"><a href=\"https:\/\/zusplumlov.cz\/index.php\/obory\/obor-vytvarny\/\" class=\"elementor-item\" tabindex=\"-1\">V\u00fdtvarn\u00fd obor<\/a><\/li>\n<\/ul>\t\t\t<\/nav>\n\t\t\t\t\t\t<\/div>\n\t\t\t\t<div class=\"elementor-element elementor-element-a548d35 elementor-widget elementor-widget-wp-widget-recent-posts\" data-id=\"a548d35\" data-element_type=\"widget\" data-widget_type=\"wp-widget-recent-posts.default\">\n\t\t\t\t<div class=\"elementor-widget-container\">\n\t\t\t\t\t\n\t\t\n\t\t<h5>Nejnov\u011bj\u0161\u00ed p\u0159\u00edsp\u011bvky<\/h5>\n\t\t<ul>\n\t\t\t\t\t\t\t\t\t\t\t<li>\n\t\t\t\t\t<a href=\"https:\/\/zusplumlov.cz\/index.php\/2026\/05\/12\/talentove-zkousky-na-skolni-rok-2026-2027\/aktuality\/\">Talentov\u00e9 zkou\u0161ky na \u0161koln\u00ed rok 2026\/2027<\/a>\n\t\t\t\t\t\t\t\t\t<\/li>\n\t\t\t\t\t\t\t\t\t\t\t<li>\n\t\t\t\t\t<a href=\"https:\/\/zusplumlov.cz\/index.php\/2026\/05\/06\/divadelni-predstaveni-jamie-a-upiri\/aktuality\/\">Divadeln\u00ed p\u0159edstaven\u00ed &#8222;Jamie a up\u00ed\u0159i&#8220;<\/a>\n\t\t\t\t\t\t\t\t\t<\/li>\n\t\t\t\t\t\t\t\t\t\t\t<li>\n\t\t\t\t\t<a href=\"https:\/\/zusplumlov.cz\/index.php\/2026\/05\/06\/majova-besidka\/aktuality\/\">M\u00e1jov\u00e1 bes\u00eddka p. u\u010d. Tesa\u0159e<\/a>\n\t\t\t\t\t\t\t\t\t<\/li>\n\t\t\t\t\t\t\t\t\t\t\t<li>\n\t\t\t\t\t<a href=\"https:\/\/zusplumlov.cz\/index.php\/2026\/04\/29\/pozvanka-na-vytvarnou-vystavu-21-5-2026\/aktuality\/\">Pozv\u00e1nka na v\u00fdtvarnou v\u00fdstavu 21.5.2026<\/a>\n\t\t\t\t\t\t\t\t\t<\/li>\n\t\t\t\t\t\t\t\t\t\t\t<li>\n\t\t\t\t\t<a href=\"https:\/\/zusplumlov.cz\/index.php\/2026\/04\/21\/krajska-prehlidka-talentovanych-klaviristu-zus-unicov\/aktuality\/\">Krajsk\u00e1 p\u0159ehl\u00eddka talentovan\u00fdch klav\u00edrist\u016f &#8211; ZU\u0160 Uni\u010dov<\/a>\n\t\t\t\t\t\t\t\t\t<\/li>\n\t\t\t\t\t<\/ul>\n\n\t\t\t\t\t\t<\/div>\n\t\t\t\t<\/div>\n\t\t\t\t<\/div>\n\t\t\t\t\t<\/div>\n\t\t\t\t<\/div>\n\t\t<div class=\"elementor-element elementor-element-bbfdd93 e-flex e-con-boxed e-con e-parent\" data-id=\"bbfdd93\" data-element_type=\"container\">\n\t\t\t\t\t<div class=\"e-con-inner\">\n\t\t\t\t<div class=\"elementor-element elementor-element-f86012f elementor-widget elementor-widget-gallery\" data-id=\"f86012f\" data-element_type=\"widget\" data-settings=\"{&quot;columns&quot;:3,&quot;gallery_layout&quot;:&quot;masonry&quot;,&quot;lazyload&quot;:&quot;yes&quot;,&quot;columns_tablet&quot;:2,&quot;columns_mobile&quot;:1,&quot;gap&quot;:{&quot;unit&quot;:&quot;px&quot;,&quot;size&quot;:10,&quot;sizes&quot;:[]},&quot;gap_tablet&quot;:{&quot;unit&quot;:&quot;px&quot;,&quot;size&quot;:10,&quot;sizes&quot;:[]},&quot;gap_mobile&quot;:{&quot;unit&quot;:&quot;px&quot;,&quot;size&quot;:10,&quot;sizes&quot;:[]},&quot;link_to&quot;:&quot;file&quot;,&quot;overlay_background&quot;:&quot;yes&quot;,&quot;content_hover_animation&quot;:&quot;fade-in&quot;}\" data-widget_type=\"gallery.default\">\n\t\t\t\t\t\t\t<div class=\"elementor-gallery__container\">\n\t\t\t\t\t\t\t<a class=\"e-gallery-item elementor-gallery-item elementor-animated-content\" href=\"https:\/\/zusplumlov.cz\/wp-content\/uploads\/2021\/01\/nggallery_import\/IMG_2951.JPG\" data-elementor-open-lightbox=\"yes\" data-elementor-lightbox-slideshow=\"f86012f\" data-elementor-lightbox-title=\"IMG_2951\" data-e-action-hash=\"#elementor-action%3Aaction%3Dlightbox%26settings%3DeyJpZCI6MTM1NywidXJsIjoiaHR0cHM6XC9cL3p1c3BsdW1sb3YuY3pcL3dwLWNvbnRlbnRcL3VwbG9hZHNcLzIwMjFcLzAxXC9uZ2dhbGxlcnlfaW1wb3J0XC9JTUdfMjk1MS5KUEciLCJzbGlkZXNob3ciOiJmODYwMTJmIn0%3D\">\n\t\t\t\t\t<div class=\"e-gallery-image elementor-gallery-item__image\" data-thumbnail=\"https:\/\/zusplumlov.cz\/wp-content\/uploads\/2021\/01\/nggallery_import\/IMG_2951-300x225.jpg\" data-width=\"300\" data-height=\"225\" aria-label=\"\" role=\"img\" ><\/div>\n\t\t\t\t\t\t\t\t\t\t\t<div class=\"elementor-gallery-item__overlay\"><\/div>\n\t\t\t\t\t\t\t\t\t\t\t\t\t\t<\/a>\n\t\t\t\t\t\t\t<a class=\"e-gallery-item elementor-gallery-item elementor-animated-content\" href=\"https:\/\/zusplumlov.cz\/wp-content\/uploads\/2021\/01\/IMG_3093-1.jpg\" data-elementor-open-lightbox=\"yes\" data-elementor-lightbox-slideshow=\"f86012f\" data-elementor-lightbox-title=\"IMG_3093\" data-e-action-hash=\"#elementor-action%3Aaction%3Dlightbox%26settings%3DeyJpZCI6MTUwNywidXJsIjoiaHR0cHM6XC9cL3p1c3BsdW1sb3YuY3pcL3dwLWNvbnRlbnRcL3VwbG9hZHNcLzIwMjFcLzAxXC9JTUdfMzA5My0xLmpwZyIsInNsaWRlc2hvdyI6ImY4NjAxMmYifQ%3D%3D\">\n\t\t\t\t\t<div class=\"e-gallery-image elementor-gallery-item__image\" data-thumbnail=\"https:\/\/zusplumlov.cz\/wp-content\/uploads\/2021\/01\/IMG_3093-1-300x225.jpg\" data-width=\"300\" data-height=\"225\" aria-label=\"\" role=\"img\" ><\/div>\n\t\t\t\t\t\t\t\t\t\t\t<div class=\"elementor-gallery-item__overlay\"><\/div>\n\t\t\t\t\t\t\t\t\t\t\t\t\t\t<\/a>\n\t\t\t\t\t\t\t<a class=\"e-gallery-item elementor-gallery-item elementor-animated-content\" href=\"https:\/\/zusplumlov.cz\/wp-content\/uploads\/2021\/01\/IMG_20190531_172224-scaled.jpg\" data-elementor-open-lightbox=\"yes\" data-elementor-lightbox-slideshow=\"f86012f\" data-elementor-lightbox-title=\"IMG_20190531_172224\" data-e-action-hash=\"#elementor-action%3Aaction%3Dlightbox%26settings%3DeyJpZCI6MTUwMiwidXJsIjoiaHR0cHM6XC9cL3p1c3BsdW1sb3YuY3pcL3dwLWNvbnRlbnRcL3VwbG9hZHNcLzIwMjFcLzAxXC9JTUdfMjAxOTA1MzFfMTcyMjI0LXNjYWxlZC5qcGciLCJzbGlkZXNob3ciOiJmODYwMTJmIn0%3D\">\n\t\t\t\t\t<div class=\"e-gallery-image elementor-gallery-item__image\" data-thumbnail=\"https:\/\/zusplumlov.cz\/wp-content\/uploads\/2021\/01\/IMG_20190531_172224-300x225.jpg\" data-width=\"300\" data-height=\"225\" aria-label=\"\" role=\"img\" ><\/div>\n\t\t\t\t\t\t\t\t\t\t\t<div class=\"elementor-gallery-item__overlay\"><\/div>\n\t\t\t\t\t\t\t\t\t\t\t\t\t\t<\/a>\n\t\t\t\t\t\t\t<a class=\"e-gallery-item elementor-gallery-item elementor-animated-content\" href=\"https:\/\/zusplumlov.cz\/wp-content\/uploads\/2021\/01\/IMG_3253.jpg\" data-elementor-open-lightbox=\"yes\" data-elementor-lightbox-slideshow=\"f86012f\" data-elementor-lightbox-title=\"IMG_3253\" data-e-action-hash=\"#elementor-action%3Aaction%3Dlightbox%26settings%3DeyJpZCI6MTUwNCwidXJsIjoiaHR0cHM6XC9cL3p1c3BsdW1sb3YuY3pcL3dwLWNvbnRlbnRcL3VwbG9hZHNcLzIwMjFcLzAxXC9JTUdfMzI1My5qcGciLCJzbGlkZXNob3ciOiJmODYwMTJmIn0%3D\">\n\t\t\t\t\t<div class=\"e-gallery-image elementor-gallery-item__image\" data-thumbnail=\"https:\/\/zusplumlov.cz\/wp-content\/uploads\/2021\/01\/IMG_3253-300x225.jpg\" data-width=\"300\" data-height=\"225\" aria-label=\"\" role=\"img\" ><\/div>\n\t\t\t\t\t\t\t\t\t\t\t<div class=\"elementor-gallery-item__overlay\"><\/div>\n\t\t\t\t\t\t\t\t\t\t\t\t\t\t<\/a>\n\t\t\t\t\t\t\t<a class=\"e-gallery-item elementor-gallery-item elementor-animated-content\" href=\"https:\/\/zusplumlov.cz\/wp-content\/uploads\/2021\/01\/IMG_3145-1.jpg\" data-elementor-open-lightbox=\"yes\" data-elementor-lightbox-slideshow=\"f86012f\" data-elementor-lightbox-title=\"IMG_3145\" data-e-action-hash=\"#elementor-action%3Aaction%3Dlightbox%26settings%3DeyJpZCI6MTUwNiwidXJsIjoiaHR0cHM6XC9cL3p1c3BsdW1sb3YuY3pcL3dwLWNvbnRlbnRcL3VwbG9hZHNcLzIwMjFcLzAxXC9JTUdfMzE0NS0xLmpwZyIsInNsaWRlc2hvdyI6ImY4NjAxMmYifQ%3D%3D\">\n\t\t\t\t\t<div class=\"e-gallery-image elementor-gallery-item__image\" data-thumbnail=\"https:\/\/zusplumlov.cz\/wp-content\/uploads\/2021\/01\/IMG_3145-1-300x225.jpg\" data-width=\"300\" data-height=\"225\" aria-label=\"\" role=\"img\" ><\/div>\n\t\t\t\t\t\t\t\t\t\t\t<div class=\"elementor-gallery-item__overlay\"><\/div>\n\t\t\t\t\t\t\t\t\t\t\t\t\t\t<\/a>\n\t\t\t\t\t\t\t<a class=\"e-gallery-item elementor-gallery-item elementor-animated-content\" href=\"https:\/\/zusplumlov.cz\/wp-content\/uploads\/2021\/01\/Andrea.jpg\" data-elementor-open-lightbox=\"yes\" data-elementor-lightbox-slideshow=\"f86012f\" data-elementor-lightbox-title=\"Andrea\" data-e-action-hash=\"#elementor-action%3Aaction%3Dlightbox%26settings%3DeyJpZCI6MTUwNSwidXJsIjoiaHR0cHM6XC9cL3p1c3BsdW1sb3YuY3pcL3dwLWNvbnRlbnRcL3VwbG9hZHNcLzIwMjFcLzAxXC9BbmRyZWEuanBnIiwic2xpZGVzaG93IjoiZjg2MDEyZiJ9\">\n\t\t\t\t\t<div class=\"e-gallery-image elementor-gallery-item__image\" data-thumbnail=\"https:\/\/zusplumlov.cz\/wp-content\/uploads\/2021\/01\/Andrea-300x225.jpg\" data-width=\"300\" data-height=\"225\" aria-label=\"\" role=\"img\" ><\/div>\n\t\t\t\t\t\t\t\t\t\t\t<div class=\"elementor-gallery-item__overlay\"><\/div>\n\t\t\t\t\t\t\t\t\t\t\t\t\t\t<\/a>\n\t\t\t\t\t<\/div>\n\t\t\t\t\t<\/div>\n\t\t\t\t\t<\/div>\n\t\t\t\t<\/div>\n\t\t\t\t<\/div>\n\t\t","protected":false},"excerpt":{"rendered":"<p>Hudebn\u00ed obor Hudebn\u00ed obor na z\u00e1kladn\u00edm stupni um\u011bleck\u00e9ho \u0161kolstv\u00ed d\u00e1v\u00e1 \u017e\u00e1kovi mo\u017enost vyu\u017e\u00edvat hudbu jako prost\u0159edek vz\u00e1jemn\u00e9 komunikace, osobn\u00edho um\u011bleck\u00e9ho &hellip; <\/p>\n","protected":false},"author":1,"featured_media":0,"parent":492,"menu_order":0,"comment_status":"closed","ping_status":"closed","template":"","meta":{"ngg_post_thumbnail":0,"footnotes":""},"class_list":["post-650","page","type-page","status-publish","hentry","latest_post"],"_links":{"self":[{"href":"https:\/\/zusplumlov.cz\/index.php\/wp-json\/wp\/v2\/pages\/650","targetHints":{"allow":["GET"]}}],"collection":[{"href":"https:\/\/zusplumlov.cz\/index.php\/wp-json\/wp\/v2\/pages"}],"about":[{"href":"https:\/\/zusplumlov.cz\/index.php\/wp-json\/wp\/v2\/types\/page"}],"author":[{"embeddable":true,"href":"https:\/\/zusplumlov.cz\/index.php\/wp-json\/wp\/v2\/users\/1"}],"replies":[{"embeddable":true,"href":"https:\/\/zusplumlov.cz\/index.php\/wp-json\/wp\/v2\/comments?post=650"}],"version-history":[{"count":58,"href":"https:\/\/zusplumlov.cz\/index.php\/wp-json\/wp\/v2\/pages\/650\/revisions"}],"predecessor-version":[{"id":9270,"href":"https:\/\/zusplumlov.cz\/index.php\/wp-json\/wp\/v2\/pages\/650\/revisions\/9270"}],"up":[{"embeddable":true,"href":"https:\/\/zusplumlov.cz\/index.php\/wp-json\/wp\/v2\/pages\/492"}],"wp:attachment":[{"href":"https:\/\/zusplumlov.cz\/index.php\/wp-json\/wp\/v2\/media?parent=650"}],"curies":[{"name":"wp","href":"https:\/\/api.w.org\/{rel}","templated":true}]}}