{"id":408,"date":"2018-05-13T15:28:15","date_gmt":"2018-05-13T13:28:15","guid":{"rendered":"http:\/\/demos.filathemes.com\/education-lms-pro\/?page_id=408"},"modified":"2025-05-16T10:07:08","modified_gmt":"2025-05-16T08:07:08","slug":"o-nas","status":"publish","type":"page","link":"https:\/\/zusplumlov.cz\/index.php\/o-nas\/","title":{"rendered":"O n\u00e1s"},"content":{"rendered":"\t\t<div data-elementor-type=\"wp-post\" data-elementor-id=\"408\" class=\"elementor elementor-408\" data-elementor-post-type=\"page\">\n\t\t\t\t<div class=\"elementor-element elementor-element-c3bece0 e-flex e-con-boxed e-con e-parent\" data-id=\"c3bece0\" data-element_type=\"container\">\n\t\t\t\t\t<div class=\"e-con-inner\">\n\t\t\t\t<div class=\"elementor-element elementor-element-6ebf2e6 elementor-widget elementor-widget-heading\" data-id=\"6ebf2e6\" data-element_type=\"widget\" data-widget_type=\"heading.default\">\n\t\t\t\t\t<h1 class=\"elementor-heading-title elementor-size-default\">O n\u00e1s<\/h1>\t\t\t\t<\/div>\n\t\t\t\t\t<\/div>\n\t\t\t\t<\/div>\n\t\t<div class=\"elementor-element elementor-element-c2fedd3 e-flex e-con-boxed e-con e-parent\" data-id=\"c2fedd3\" data-element_type=\"container\">\n\t\t\t\t\t<div class=\"e-con-inner\">\n\t\t<div class=\"elementor-element elementor-element-af8e4ce e-con-full e-flex e-con e-child\" data-id=\"af8e4ce\" data-element_type=\"container\">\n\t\t\t\t<div class=\"elementor-element elementor-element-8bc7612 elementor-widget elementor-widget-heading\" data-id=\"8bc7612\" data-element_type=\"widget\" data-widget_type=\"heading.default\">\n\t\t\t\t\t<h2 class=\"elementor-heading-title elementor-size-default\">Z\u00e1kladn\u00ed um\u011bleck\u00e1 \u0161kola Plumlov <\/h2>\t\t\t\t<\/div>\n\t\t\t\t<div class=\"elementor-element elementor-element-3d29c53 elementor-widget elementor-widget-text-editor\" data-id=\"3d29c53\" data-element_type=\"widget\" data-widget_type=\"text-editor.default\">\n\t\t\t\t\t\t\t\t\t<p><span style=\"color: #000000;\">Z\u00e1kladn\u00ed<strong> um\u011bleck\u00e1 \u0161kola Plumlov<\/strong> nab\u00edz\u00ed vzd\u011bl\u00e1v\u00e1n\u00ed ve \u010dty\u0159ech oborech:<\/span><\/p><ul><li><span style=\"text-decoration: underline;\"><a href=\"https:\/\/zusplumlov.cz\/index.php\/obory\/obor-hudebni\/\"><span style=\"color: #000000; text-decoration: underline;\"><strong>HUDEBN\u00cd<\/strong><\/span><\/a><\/span><\/li><li><span style=\"text-decoration: underline;\"><a href=\"https:\/\/zusplumlov.cz\/index.php\/obory\/obor-vytvarny\/\"><span style=\"color: #000000; text-decoration: underline;\"><strong> V\u00ddTVARN\u00dd<\/strong><\/span><\/a><\/span><\/li><li><span style=\"text-decoration: underline;\"><a href=\"https:\/\/zusplumlov.cz\/index.php\/obory\/obor-literarne-dramaticky\/\"><span style=\"color: #000000; text-decoration: underline;\"><strong> LITER\u00c1RN\u011a-DRAMATICK\u00dd<\/strong><\/span><\/a><\/span><\/li><li><a href=\"https:\/\/zusplumlov.cz\/index.php\/obory\/obor-tanecni\/\"><span style=\"color: #000000;\"><strong><span style=\"text-decoration: underline;\"> TANE\u010cN\u00cd<\/span><\/strong><\/span><\/a><\/li><\/ul><p><span style=\"color: #000000;\">V\u00fduka prob\u00edh\u00e1 v budov\u011b \u0161koly v Plumlov\u011b a na osmi dal\u0161\u00edch pobo\u010dk\u00e1ch v Z\u00e1kladn\u00edch \u0161kol\u00e1ch.<\/span><\/p><p><span style=\"color: #000000;\">V\u0161echna pracovi\u0161t\u011b m\u00e1 \u0161kola za\u0159azena v rejst\u0159\u00edku \u0161kol.<\/span><\/p><p><strong><span style=\"color: #000000;\">Seznam pobo\u010dek :<\/span><\/strong><\/p>\t\t\t\t\t\t\t\t<\/div>\n\t\t\t\t<\/div>\n\t\t<div class=\"elementor-element elementor-element-ce00b2f e-con-full e-flex e-con e-child\" data-id=\"ce00b2f\" data-element_type=\"container\">\n\t\t\t\t<div class=\"elementor-element elementor-element-ed5def5 elementor-nav-menu--dropdown-tablet elementor-nav-menu__text-align-aside elementor-nav-menu--toggle elementor-nav-menu--burger elementor-widget elementor-widget-nav-menu\" data-id=\"ed5def5\" data-element_type=\"widget\" data-settings=\"{&quot;layout&quot;:&quot;horizontal&quot;,&quot;submenu_icon&quot;:{&quot;value&quot;:&quot;&lt;svg class=\\&quot;e-font-icon-svg e-fas-caret-down\\&quot; viewBox=\\&quot;0 0 320 512\\&quot; xmlns=\\&quot;http:\\\/\\\/www.w3.org\\\/2000\\\/svg\\&quot;&gt;&lt;path d=\\&quot;M31.3 192h257.3c17.8 0 26.7 21.5 14.1 34.1L174.1 354.8c-7.8 7.8-20.5 7.8-28.3 0L17.2 226.1C4.6 213.5 13.5 192 31.3 192z\\&quot;&gt;&lt;\\\/path&gt;&lt;\\\/svg&gt;&quot;,&quot;library&quot;:&quot;fa-solid&quot;},&quot;toggle&quot;:&quot;burger&quot;}\" data-widget_type=\"nav-menu.default\">\n\t\t\t\t\t\t\t\t<nav aria-label=\"Menu\" class=\"elementor-nav-menu--main elementor-nav-menu__container elementor-nav-menu--layout-horizontal e--pointer-underline e--animation-fade\">\n\t\t\t\t<ul id=\"menu-1-ed5def5\" class=\"elementor-nav-menu\"><li class=\"menu-item menu-item-type-post_type menu-item-object-page menu-item-2854\"><a href=\"https:\/\/zusplumlov.cz\/index.php\/o-nas\/historie-skoly\/\" class=\"elementor-item\">Historie \u0161koly<\/a><\/li>\n<li class=\"menu-item menu-item-type-post_type menu-item-object-page menu-item-2855\"><a href=\"https:\/\/zusplumlov.cz\/index.php\/o-nas\/zamestnanci-zus-plumlov\/\" class=\"elementor-item\">Zam\u011bstnanci ZU\u0160 Plumlov<\/a><\/li>\n<\/ul>\t\t\t<\/nav>\n\t\t\t\t\t<div class=\"elementor-menu-toggle\" role=\"button\" tabindex=\"0\" aria-label=\"Menu Toggle\" aria-expanded=\"false\">\n\t\t\t<svg aria-hidden=\"true\" role=\"presentation\" class=\"elementor-menu-toggle__icon--open e-font-icon-svg e-eicon-menu-bar\" viewBox=\"0 0 1000 1000\" xmlns=\"http:\/\/www.w3.org\/2000\/svg\"><path d=\"M104 333H896C929 333 958 304 958 271S929 208 896 208H104C71 208 42 237 42 271S71 333 104 333ZM104 583H896C929 583 958 554 958 521S929 458 896 458H104C71 458 42 487 42 521S71 583 104 583ZM104 833H896C929 833 958 804 958 771S929 708 896 708H104C71 708 42 737 42 771S71 833 104 833Z\"><\/path><\/svg><svg aria-hidden=\"true\" role=\"presentation\" class=\"elementor-menu-toggle__icon--close e-font-icon-svg e-eicon-close\" viewBox=\"0 0 1000 1000\" xmlns=\"http:\/\/www.w3.org\/2000\/svg\"><path d=\"M742 167L500 408 258 167C246 154 233 150 217 150 196 150 179 158 167 167 154 179 150 196 150 212 150 229 154 242 171 254L408 500 167 742C138 771 138 800 167 829 196 858 225 858 254 829L496 587 738 829C750 842 767 846 783 846 800 846 817 842 829 829 842 817 846 804 846 783 846 767 842 750 829 737L588 500 833 258C863 229 863 200 833 171 804 137 775 137 742 167Z\"><\/path><\/svg>\t\t<\/div>\n\t\t\t\t\t<nav class=\"elementor-nav-menu--dropdown elementor-nav-menu__container\" aria-hidden=\"true\">\n\t\t\t\t<ul id=\"menu-2-ed5def5\" class=\"elementor-nav-menu\"><li class=\"menu-item menu-item-type-post_type menu-item-object-page menu-item-2854\"><a href=\"https:\/\/zusplumlov.cz\/index.php\/o-nas\/historie-skoly\/\" class=\"elementor-item\" tabindex=\"-1\">Historie \u0161koly<\/a><\/li>\n<li class=\"menu-item menu-item-type-post_type menu-item-object-page menu-item-2855\"><a href=\"https:\/\/zusplumlov.cz\/index.php\/o-nas\/zamestnanci-zus-plumlov\/\" class=\"elementor-item\" tabindex=\"-1\">Zam\u011bstnanci ZU\u0160 Plumlov<\/a><\/li>\n<\/ul>\t\t\t<\/nav>\n\t\t\t\t\t\t<\/div>\n\t\t\t\t<div class=\"elementor-element elementor-element-e867091 elementor-align-center elementor-widget elementor-widget-button\" data-id=\"e867091\" data-element_type=\"widget\" data-widget_type=\"button.default\">\n\t\t\t\t\t\t\t\t\t\t<a class=\"elementor-button elementor-button-link elementor-size-sm\" href=\"http:\/\/zusplumlov.cz\/index.php\/2020\/10\/27\/dulezite-dokumenty-ke-stazeni\/\">\n\t\t\t\t\t\t<span class=\"elementor-button-content-wrapper\">\n\t\t\t\t\t\t<span class=\"elementor-button-icon\">\n\t\t\t\t<svg aria-hidden=\"true\" class=\"e-font-icon-svg e-far-file-alt\" viewBox=\"0 0 384 512\" xmlns=\"http:\/\/www.w3.org\/2000\/svg\"><path d=\"M288 248v28c0 6.6-5.4 12-12 12H108c-6.6 0-12-5.4-12-12v-28c0-6.6 5.4-12 12-12h168c6.6 0 12 5.4 12 12zm-12 72H108c-6.6 0-12 5.4-12 12v28c0 6.6 5.4 12 12 12h168c6.6 0 12-5.4 12-12v-28c0-6.6-5.4-12-12-12zm108-188.1V464c0 26.5-21.5 48-48 48H48c-26.5 0-48-21.5-48-48V48C0 21.5 21.5 0 48 0h204.1C264.8 0 277 5.1 286 14.1L369.9 98c9 8.9 14.1 21.2 14.1 33.9zm-128-80V128h76.1L256 51.9zM336 464V176H232c-13.3 0-24-10.7-24-24V48H48v416h288z\"><\/path><\/svg>\t\t\t<\/span>\n\t\t\t\t\t\t\t\t\t<span class=\"elementor-button-text\">D\u016eLE\u017dIT\u00c9 DOKUMENTY<\/span>\n\t\t\t\t\t<\/span>\n\t\t\t\t\t<\/a>\n\t\t\t\t\t\t\t\t<\/div>\n\t\t\t\t<div class=\"elementor-element elementor-element-0bc9b99 elementor-align-center elementor-widget elementor-widget-button\" data-id=\"0bc9b99\" data-element_type=\"widget\" data-widget_type=\"button.default\">\n\t\t\t\t\t\t\t\t\t\t<a class=\"elementor-button elementor-button-link elementor-size-sm\" href=\"https:\/\/www.klasifikace.jphsw.cz\/?hash=8f85517967795eeef66c225f7883bdcb\">\n\t\t\t\t\t\t<span class=\"elementor-button-content-wrapper\">\n\t\t\t\t\t\t<span class=\"elementor-button-icon\">\n\t\t\t\t<svg aria-hidden=\"true\" class=\"e-font-icon-svg e-far-list-alt\" viewBox=\"0 0 512 512\" xmlns=\"http:\/\/www.w3.org\/2000\/svg\"><path d=\"M464 32H48C21.49 32 0 53.49 0 80v352c0 26.51 21.49 48 48 48h416c26.51 0 48-21.49 48-48V80c0-26.51-21.49-48-48-48zm-6 400H54a6 6 0 0 1-6-6V86a6 6 0 0 1 6-6h404a6 6 0 0 1 6 6v340a6 6 0 0 1-6 6zm-42-92v24c0 6.627-5.373 12-12 12H204c-6.627 0-12-5.373-12-12v-24c0-6.627 5.373-12 12-12h200c6.627 0 12 5.373 12 12zm0-96v24c0 6.627-5.373 12-12 12H204c-6.627 0-12-5.373-12-12v-24c0-6.627 5.373-12 12-12h200c6.627 0 12 5.373 12 12zm0-96v24c0 6.627-5.373 12-12 12H204c-6.627 0-12-5.373-12-12v-24c0-6.627 5.373-12 12-12h200c6.627 0 12 5.373 12 12zm-252 12c0 19.882-16.118 36-36 36s-36-16.118-36-36 16.118-36 36-36 36 16.118 36 36zm0 96c0 19.882-16.118 36-36 36s-36-16.118-36-36 16.118-36 36-36 36 16.118 36 36zm0 96c0 19.882-16.118 36-36 36s-36-16.118-36-36 16.118-36 36-36 36 16.118 36 36z\"><\/path><\/svg>\t\t\t<\/span>\n\t\t\t\t\t\t\t\t\t<span class=\"elementor-button-text\">VSTUP DO KLASIFIKACE<\/span>\n\t\t\t\t\t<\/span>\n\t\t\t\t\t<\/a>\n\t\t\t\t\t\t\t\t<\/div>\n\t\t\t\t<div class=\"elementor-element elementor-element-87c1dff elementor-align-center elementor-widget elementor-widget-button\" data-id=\"87c1dff\" data-element_type=\"widget\" data-widget_type=\"button.default\">\n\t\t\t\t\t\t\t\t\t\t<a class=\"elementor-button elementor-button-link elementor-size-sm\" href=\"https:\/\/www.klasifikace.jphsw.cz\/prihlaska.php?uid=k178\">\n\t\t\t\t\t\t<span class=\"elementor-button-content-wrapper\">\n\t\t\t\t\t\t<span class=\"elementor-button-icon\">\n\t\t\t\t<svg aria-hidden=\"true\" class=\"e-font-icon-svg e-fas-user-plus\" viewBox=\"0 0 640 512\" xmlns=\"http:\/\/www.w3.org\/2000\/svg\"><path d=\"M624 208h-64v-64c0-8.8-7.2-16-16-16h-32c-8.8 0-16 7.2-16 16v64h-64c-8.8 0-16 7.2-16 16v32c0 8.8 7.2 16 16 16h64v64c0 8.8 7.2 16 16 16h32c8.8 0 16-7.2 16-16v-64h64c8.8 0 16-7.2 16-16v-32c0-8.8-7.2-16-16-16zm-400 48c70.7 0 128-57.3 128-128S294.7 0 224 0 96 57.3 96 128s57.3 128 128 128zm89.6 32h-16.7c-22.2 10.2-46.9 16-72.9 16s-50.6-5.8-72.9-16h-16.7C60.2 288 0 348.2 0 422.4V464c0 26.5 21.5 48 48 48h352c26.5 0 48-21.5 48-48v-41.6c0-74.2-60.2-134.4-134.4-134.4z\"><\/path><\/svg>\t\t\t<\/span>\n\t\t\t\t\t\t\t\t\t<span class=\"elementor-button-text\">P\u0158IHL\u00c1\u0160KA KE STUDIU<\/span>\n\t\t\t\t\t<\/span>\n\t\t\t\t\t<\/a>\n\t\t\t\t\t\t\t\t<\/div>\n\t\t\t\t<\/div>\n\t\t\t\t\t<\/div>\n\t\t\t\t<\/div>\n\t\t\t\t<section class=\"elementor-section elementor-top-section elementor-element elementor-element-3a5821a elementor-section-boxed elementor-section-height-default elementor-section-height-default\" data-id=\"3a5821a\" data-element_type=\"section\">\n\t\t\t\t\t\t<div class=\"elementor-container elementor-column-gap-default\">\n\t\t\t\t\t<div class=\"elementor-column elementor-col-100 elementor-top-column elementor-element elementor-element-f468173\" data-id=\"f468173\" data-element_type=\"column\">\n\t\t\t<div class=\"elementor-widget-wrap\">\n\t\t\t\t\t\t\t<\/div>\n\t\t<\/div>\n\t\t\t\t\t<\/div>\n\t\t<\/section>\n\t\t\t\t<section class=\"elementor-section elementor-top-section elementor-element elementor-element-d1c2d61 elementor-section-boxed elementor-section-height-default elementor-section-height-default\" data-id=\"d1c2d61\" data-element_type=\"section\">\n\t\t\t\t\t\t<div class=\"elementor-container elementor-column-gap-default\">\n\t\t\t\t\t<div class=\"elementor-column elementor-col-25 elementor-top-column elementor-element elementor-element-ff62eaa\" data-id=\"ff62eaa\" data-element_type=\"column\">\n\t\t\t<div class=\"elementor-widget-wrap elementor-element-populated\">\n\t\t\t\t\t\t<div class=\"elementor-element elementor-element-3f5b65f elementor-widget elementor-widget-image\" data-id=\"3f5b65f\" data-element_type=\"widget\" data-widget_type=\"image.default\">\n\t\t\t\t\t\t\t\t\t\t\t\t<figure class=\"wp-caption\">\n\t\t\t\t\t\t\t\t\t\t\t<a href=\"http:\/\/zusplumlov.cz\/wp-content\/uploads\/2021\/02\/kostelec.jpeg\" data-elementor-open-lightbox=\"yes\" data-elementor-lightbox-title=\"Kostelec na Han\u00e9\" data-elementor-lightbox-description=\"Sportovn\u00ed 850 Kostelec na Han\u00e9\" data-e-action-hash=\"#elementor-action%3Aaction%3Dlightbox%26settings%3DeyJpZCI6MTY1NSwidXJsIjoiaHR0cHM6XC9cL3p1c3BsdW1sb3YuY3pcL3dwLWNvbnRlbnRcL3VwbG9hZHNcLzIwMjFcLzAyXC9rb3N0ZWxlYy5qcGVnIn0%3D\">\n\t\t\t\t\t\t\t<img fetchpriority=\"high\" decoding=\"async\" width=\"750\" height=\"563\" src=\"https:\/\/zusplumlov.cz\/wp-content\/uploads\/2021\/02\/kostelec.jpeg\" class=\"attachment-large size-large wp-image-1655\" alt=\"\" srcset=\"https:\/\/zusplumlov.cz\/wp-content\/uploads\/2021\/02\/kostelec.jpeg 800w, https:\/\/zusplumlov.cz\/wp-content\/uploads\/2021\/02\/kostelec-300x225.jpeg 300w, https:\/\/zusplumlov.cz\/wp-content\/uploads\/2021\/02\/kostelec-768x576.jpeg 768w\" sizes=\"(max-width: 750px) 100vw, 750px\" \/>\t\t\t\t\t\t\t\t<\/a>\n\t\t\t\t\t\t\t\t\t\t\t<figcaption class=\"widget-image-caption wp-caption-text\"><b>Kostelec na Han\u00e9<\/b><br>Sportovn\u00ed 850,<br>Kostelec na Han\u00e9<\/figcaption>\n\t\t\t\t\t\t\t\t\t\t<\/figure>\n\t\t\t\t\t\t\t\t\t<\/div>\n\t\t\t\t<div class=\"elementor-element elementor-element-ac474e1 elementor-widget elementor-widget-image\" data-id=\"ac474e1\" data-element_type=\"widget\" data-widget_type=\"image.default\">\n\t\t\t\t\t\t\t\t\t\t\t\t<figure class=\"wp-caption\">\n\t\t\t\t\t\t\t\t\t\t\t<a href=\"http:\/\/zusplumlov.cz\/wp-content\/uploads\/2021\/02\/Drahany.jpg\" data-elementor-open-lightbox=\"yes\" data-elementor-lightbox-title=\"Drahany\" data-elementor-lightbox-description=\"Drahany 133\n798 61\" data-e-action-hash=\"#elementor-action%3Aaction%3Dlightbox%26settings%3DeyJpZCI6MTYzOCwidXJsIjoiaHR0cHM6XC9cL3p1c3BsdW1sb3YuY3pcL3dwLWNvbnRlbnRcL3VwbG9hZHNcLzIwMjFcLzAyXC9EcmFoYW55LmpwZyJ9\">\n\t\t\t\t\t\t\t<img decoding=\"async\" width=\"750\" height=\"563\" src=\"https:\/\/zusplumlov.cz\/wp-content\/uploads\/2021\/02\/Drahany.jpg\" class=\"attachment-large size-large wp-image-1638\" alt=\"\" srcset=\"https:\/\/zusplumlov.cz\/wp-content\/uploads\/2021\/02\/Drahany.jpg 800w, https:\/\/zusplumlov.cz\/wp-content\/uploads\/2021\/02\/Drahany-300x225.jpg 300w, https:\/\/zusplumlov.cz\/wp-content\/uploads\/2021\/02\/Drahany-768x576.jpg 768w\" sizes=\"(max-width: 750px) 100vw, 750px\" \/>\t\t\t\t\t\t\t\t<\/a>\n\t\t\t\t\t\t\t\t\t\t\t<figcaption class=\"widget-image-caption wp-caption-text\"><b>Drahany<\/b><br>Drahany 133,<br>798\u00a061 Drahany<\/figcaption>\n\t\t\t\t\t\t\t\t\t\t<\/figure>\n\t\t\t\t\t\t\t\t\t<\/div>\n\t\t\t\t\t<\/div>\n\t\t<\/div>\n\t\t\t\t<div class=\"elementor-column elementor-col-25 elementor-top-column elementor-element elementor-element-fb5a14f\" data-id=\"fb5a14f\" data-element_type=\"column\">\n\t\t\t<div class=\"elementor-widget-wrap elementor-element-populated\">\n\t\t\t\t\t\t<div class=\"elementor-element elementor-element-71b343e elementor-widget elementor-widget-image\" data-id=\"71b343e\" data-element_type=\"widget\" data-widget_type=\"image.default\">\n\t\t\t\t\t\t\t\t\t\t\t\t<figure class=\"wp-caption\">\n\t\t\t\t\t\t\t\t\t\t\t<a href=\"http:\/\/zusplumlov.cz\/wp-content\/uploads\/2021\/02\/celechovice.jpeg\" data-elementor-open-lightbox=\"yes\" data-elementor-lightbox-title=\"\u010celechovice na Han\u00e9\" data-elementor-lightbox-description=\"\u010celechovice na Han\u00e9\nHlavn\u00ed 12, \u010celechovice na Han\u00e9\" data-e-action-hash=\"#elementor-action%3Aaction%3Dlightbox%26settings%3DeyJpZCI6MTY1NiwidXJsIjoiaHR0cHM6XC9cL3p1c3BsdW1sb3YuY3pcL3dwLWNvbnRlbnRcL3VwbG9hZHNcLzIwMjFcLzAyXC9jZWxlY2hvdmljZS5qcGVnIn0%3D\">\n\t\t\t\t\t\t\t<img decoding=\"async\" width=\"750\" height=\"563\" src=\"https:\/\/zusplumlov.cz\/wp-content\/uploads\/2021\/02\/celechovice.jpeg\" class=\"attachment-large size-large wp-image-1656\" alt=\"\" srcset=\"https:\/\/zusplumlov.cz\/wp-content\/uploads\/2021\/02\/celechovice.jpeg 800w, https:\/\/zusplumlov.cz\/wp-content\/uploads\/2021\/02\/celechovice-300x225.jpeg 300w, https:\/\/zusplumlov.cz\/wp-content\/uploads\/2021\/02\/celechovice-768x576.jpeg 768w\" sizes=\"(max-width: 750px) 100vw, 750px\" \/>\t\t\t\t\t\t\t\t<\/a>\n\t\t\t\t\t\t\t\t\t\t\t<figcaption class=\"widget-image-caption wp-caption-text\"><b>\u010celechovice na Han\u00e9<\/b><br>Hlavn\u00ed 12,<br>\u010celechovice na Han\u00e9<\/figcaption>\n\t\t\t\t\t\t\t\t\t\t<\/figure>\n\t\t\t\t\t\t\t\t\t<\/div>\n\t\t\t\t<div class=\"elementor-element elementor-element-50d1291 elementor-widget elementor-widget-image\" data-id=\"50d1291\" data-element_type=\"widget\" data-widget_type=\"image.default\">\n\t\t\t\t\t\t\t\t\t\t\t\t<figure class=\"wp-caption\">\n\t\t\t\t\t\t\t\t\t\t\t<a href=\"http:\/\/zusplumlov.cz\/wp-content\/uploads\/2021\/02\/mostkovice.jpeg\" data-elementor-open-lightbox=\"yes\" data-elementor-lightbox-title=\"Mostkovice\" data-elementor-lightbox-description=\"Mostkovice\n\nProst\u011bjovsk\u00e1 243\n798 02 Mostkovice\" data-e-action-hash=\"#elementor-action%3Aaction%3Dlightbox%26settings%3DeyJpZCI6MTY0MCwidXJsIjoiaHR0cHM6XC9cL3p1c3BsdW1sb3YuY3pcL3dwLWNvbnRlbnRcL3VwbG9hZHNcLzIwMjFcLzAyXC9tb3N0a292aWNlLmpwZWcifQ%3D%3D\">\n\t\t\t\t\t\t\t<img loading=\"lazy\" decoding=\"async\" width=\"750\" height=\"563\" src=\"https:\/\/zusplumlov.cz\/wp-content\/uploads\/2021\/02\/mostkovice.jpeg\" class=\"attachment-large size-large wp-image-1640\" alt=\"\" srcset=\"https:\/\/zusplumlov.cz\/wp-content\/uploads\/2021\/02\/mostkovice.jpeg 800w, https:\/\/zusplumlov.cz\/wp-content\/uploads\/2021\/02\/mostkovice-300x225.jpeg 300w, https:\/\/zusplumlov.cz\/wp-content\/uploads\/2021\/02\/mostkovice-768x576.jpeg 768w\" sizes=\"(max-width: 750px) 100vw, 750px\" \/>\t\t\t\t\t\t\t\t<\/a>\n\t\t\t\t\t\t\t\t\t\t\t<figcaption class=\"widget-image-caption wp-caption-text\"><b>Mostkovice<\/b><br>Prost\u011bjovsk\u00e1 243,<br>798\u00a002 Mostkovice<\/figcaption>\n\t\t\t\t\t\t\t\t\t\t<\/figure>\n\t\t\t\t\t\t\t\t\t<\/div>\n\t\t\t\t\t<\/div>\n\t\t<\/div>\n\t\t\t\t<div class=\"elementor-column elementor-col-25 elementor-top-column elementor-element elementor-element-98da6ab\" data-id=\"98da6ab\" data-element_type=\"column\">\n\t\t\t<div class=\"elementor-widget-wrap elementor-element-populated\">\n\t\t\t\t\t\t<div class=\"elementor-element elementor-element-48f6b0f elementor-widget elementor-widget-image\" data-id=\"48f6b0f\" data-element_type=\"widget\" data-widget_type=\"image.default\">\n\t\t\t\t\t\t\t\t\t\t\t\t<figure class=\"wp-caption\">\n\t\t\t\t\t\t\t\t\t\t\t<a href=\"http:\/\/zusplumlov.cz\/wp-content\/uploads\/2021\/02\/cechy.jpeg\" data-elementor-open-lightbox=\"yes\" data-elementor-lightbox-title=\"\u010cechy pod Kos\u00ed\u0159em\" data-e-action-hash=\"#elementor-action%3Aaction%3Dlightbox%26settings%3DeyJpZCI6MTY1NywidXJsIjoiaHR0cHM6XC9cL3p1c3BsdW1sb3YuY3pcL3dwLWNvbnRlbnRcL3VwbG9hZHNcLzIwMjFcLzAyXC9jZWNoeS5qcGVnIn0%3D\">\n\t\t\t\t\t\t\t<img loading=\"lazy\" decoding=\"async\" width=\"750\" height=\"563\" src=\"https:\/\/zusplumlov.cz\/wp-content\/uploads\/2021\/02\/cechy.jpeg\" class=\"attachment-large size-large wp-image-1657\" alt=\"\" srcset=\"https:\/\/zusplumlov.cz\/wp-content\/uploads\/2021\/02\/cechy.jpeg 800w, https:\/\/zusplumlov.cz\/wp-content\/uploads\/2021\/02\/cechy-300x225.jpeg 300w, https:\/\/zusplumlov.cz\/wp-content\/uploads\/2021\/02\/cechy-768x576.jpeg 768w\" sizes=\"(max-width: 750px) 100vw, 750px\" \/>\t\t\t\t\t\t\t\t<\/a>\n\t\t\t\t\t\t\t\t\t\t\t<figcaption class=\"widget-image-caption wp-caption-text\"><b>\u010cechy pod Kos\u00ed\u0159em <\/b><br>Komensk\u00e9ho 5, 798\u00a058<br>\u010cechy pod Kos\u00ed\u0159em<\/figcaption>\n\t\t\t\t\t\t\t\t\t\t<\/figure>\n\t\t\t\t\t\t\t\t\t<\/div>\n\t\t\t\t<div class=\"elementor-element elementor-element-44fa319 elementor-widget elementor-widget-image\" data-id=\"44fa319\" data-element_type=\"widget\" data-widget_type=\"image.default\">\n\t\t\t\t\t\t\t\t\t\t\t\t<figure class=\"wp-caption\">\n\t\t\t\t\t\t\t\t\t\t\t<a href=\"http:\/\/zusplumlov.cz\/wp-content\/uploads\/2021\/02\/cechovice.jpeg\" data-elementor-open-lightbox=\"yes\" data-elementor-lightbox-title=\"Prost\u011bjov - \u010cechovice\" data-elementor-lightbox-description=\"Prost\u011bjov - \u010cechovice\n\n\u010cechovick\u00e1 179\/53\nProst\u011bjov 79604\" data-e-action-hash=\"#elementor-action%3Aaction%3Dlightbox%26settings%3DeyJpZCI6MTY0NCwidXJsIjoiaHR0cHM6XC9cL3p1c3BsdW1sb3YuY3pcL3dwLWNvbnRlbnRcL3VwbG9hZHNcLzIwMjFcLzAyXC9jZWNob3ZpY2UuanBlZyJ9\">\n\t\t\t\t\t\t\t<img loading=\"lazy\" decoding=\"async\" width=\"750\" height=\"563\" src=\"https:\/\/zusplumlov.cz\/wp-content\/uploads\/2021\/02\/cechovice.jpeg\" class=\"attachment-large size-large wp-image-1644\" alt=\"\" srcset=\"https:\/\/zusplumlov.cz\/wp-content\/uploads\/2021\/02\/cechovice.jpeg 800w, https:\/\/zusplumlov.cz\/wp-content\/uploads\/2021\/02\/cechovice-300x225.jpeg 300w, https:\/\/zusplumlov.cz\/wp-content\/uploads\/2021\/02\/cechovice-768x576.jpeg 768w\" sizes=\"(max-width: 750px) 100vw, 750px\" \/>\t\t\t\t\t\t\t\t<\/a>\n\t\t\t\t\t\t\t\t\t\t\t<figcaption class=\"widget-image-caption wp-caption-text\"><b>Prost\u011bjov - \u010cechovice<\/b><br>\u010cechovick\u00e1 179\/53,<br>796\u00a004 Prost\u011bjov<\/figcaption>\n\t\t\t\t\t\t\t\t\t\t<\/figure>\n\t\t\t\t\t\t\t\t\t<\/div>\n\t\t\t\t\t<\/div>\n\t\t<\/div>\n\t\t\t\t<div class=\"elementor-column elementor-col-25 elementor-top-column elementor-element elementor-element-15b95d5\" data-id=\"15b95d5\" data-element_type=\"column\">\n\t\t\t<div class=\"elementor-widget-wrap elementor-element-populated\">\n\t\t\t\t\t\t<div class=\"elementor-element elementor-element-bd257d5 elementor-widget elementor-widget-image\" data-id=\"bd257d5\" data-element_type=\"widget\" data-widget_type=\"image.default\">\n\t\t\t\t\t\t\t\t\t\t\t\t<figure class=\"wp-caption\">\n\t\t\t\t\t\t\t\t\t\t\t<a href=\"http:\/\/zusplumlov.cz\/wp-content\/uploads\/2021\/02\/premyslovice.jpeg\" data-elementor-open-lightbox=\"yes\" data-elementor-lightbox-title=\"P\u0159emyslovice\" data-elementor-lightbox-description=\"P\u0159emyslovice\n\nP\u0159emyslovice 353 P\u0159emyslovice 79851\" data-e-action-hash=\"#elementor-action%3Aaction%3Dlightbox%26settings%3DeyJpZCI6MTY1OCwidXJsIjoiaHR0cHM6XC9cL3p1c3BsdW1sb3YuY3pcL3dwLWNvbnRlbnRcL3VwbG9hZHNcLzIwMjFcLzAyXC9wcmVteXNsb3ZpY2UuanBlZyJ9\">\n\t\t\t\t\t\t\t<img loading=\"lazy\" decoding=\"async\" width=\"750\" height=\"563\" src=\"https:\/\/zusplumlov.cz\/wp-content\/uploads\/2021\/02\/premyslovice.jpeg\" class=\"attachment-large size-large wp-image-1658\" alt=\"\" srcset=\"https:\/\/zusplumlov.cz\/wp-content\/uploads\/2021\/02\/premyslovice.jpeg 800w, https:\/\/zusplumlov.cz\/wp-content\/uploads\/2021\/02\/premyslovice-300x225.jpeg 300w, https:\/\/zusplumlov.cz\/wp-content\/uploads\/2021\/02\/premyslovice-768x576.jpeg 768w\" sizes=\"(max-width: 750px) 100vw, 750px\" \/>\t\t\t\t\t\t\t\t<\/a>\n\t\t\t\t\t\t\t\t\t\t\t<figcaption class=\"widget-image-caption wp-caption-text\"><b>P\u0159emyslovice<\/b><br>P\u0159emyslovice 353,<br>798\u00a051 P\u0159emyslovice<\/figcaption>\n\t\t\t\t\t\t\t\t\t\t<\/figure>\n\t\t\t\t\t\t\t\t\t<\/div>\n\t\t\t\t<div class=\"elementor-element elementor-element-a6b2a91 elementor-widget elementor-widget-image\" data-id=\"a6b2a91\" data-element_type=\"widget\" data-widget_type=\"image.default\">\n\t\t\t\t\t\t\t\t\t\t\t\t<figure class=\"wp-caption\">\n\t\t\t\t\t\t\t\t\t\t\t<a href=\"http:\/\/zusplumlov.cz\/wp-content\/uploads\/2021\/02\/krumsin.jpeg\" data-elementor-open-lightbox=\"yes\" data-elementor-lightbox-title=\"Krums\u00edn\" data-elementor-lightbox-description=\"Krums\u00edn\n\nKrums\u00edn 55\nPlumlov 798 03\" data-e-action-hash=\"#elementor-action%3Aaction%3Dlightbox%26settings%3DeyJpZCI6MTY0OCwidXJsIjoiaHR0cHM6XC9cL3p1c3BsdW1sb3YuY3pcL3dwLWNvbnRlbnRcL3VwbG9hZHNcLzIwMjFcLzAyXC9rcnVtc2luLmpwZWcifQ%3D%3D\">\n\t\t\t\t\t\t\t<img loading=\"lazy\" decoding=\"async\" width=\"750\" height=\"563\" src=\"https:\/\/zusplumlov.cz\/wp-content\/uploads\/2021\/02\/krumsin.jpeg\" class=\"attachment-large size-large wp-image-1648\" alt=\"\" srcset=\"https:\/\/zusplumlov.cz\/wp-content\/uploads\/2021\/02\/krumsin.jpeg 800w, https:\/\/zusplumlov.cz\/wp-content\/uploads\/2021\/02\/krumsin-300x225.jpeg 300w, https:\/\/zusplumlov.cz\/wp-content\/uploads\/2021\/02\/krumsin-768x576.jpeg 768w\" sizes=\"(max-width: 750px) 100vw, 750px\" \/>\t\t\t\t\t\t\t\t<\/a>\n\t\t\t\t\t\t\t\t\t\t\t<figcaption class=\"widget-image-caption wp-caption-text\"><b>Krums\u00edn<\/b><br>Krums\u00edn 55,<br>798\u00a003 Plumlov<\/figcaption>\n\t\t\t\t\t\t\t\t\t\t<\/figure>\n\t\t\t\t\t\t\t\t\t<\/div>\n\t\t\t\t\t<\/div>\n\t\t<\/div>\n\t\t\t\t\t<\/div>\n\t\t<\/section>\n\t\t<div class=\"elementor-element elementor-element-cb0cf03 e-flex e-con-boxed e-con e-parent\" data-id=\"cb0cf03\" data-element_type=\"container\">\n\t\t\t\t\t<div class=\"e-con-inner\">\n\t\t\t\t<div class=\"elementor-element elementor-element-000a89e elementor-widget elementor-widget-spacer\" data-id=\"000a89e\" data-element_type=\"widget\" data-widget_type=\"spacer.default\">\n\t\t\t\t\t\t\t<div class=\"elementor-spacer\">\n\t\t\t<div class=\"elementor-spacer-inner\"><\/div>\n\t\t<\/div>\n\t\t\t\t\t\t<\/div>\n\t\t\t\t\t<\/div>\n\t\t\t\t<\/div>\n\t\t\t\t<\/div>\n\t\t","protected":false},"excerpt":{"rendered":"<p>O n\u00e1s Z\u00e1kladn\u00ed um\u011bleck\u00e1 \u0161kola Plumlov Z\u00e1kladn\u00ed um\u011bleck\u00e1 \u0161kola Plumlov nab\u00edz\u00ed vzd\u011bl\u00e1v\u00e1n\u00ed ve \u010dty\u0159ech oborech: HUDEBN\u00cd V\u00ddTVARN\u00dd LITER\u00c1RN\u011a-DRAMATICK\u00dd TANE\u010cN\u00cd V\u00fduka &hellip; <\/p>\n","protected":false},"author":1,"featured_media":0,"parent":0,"menu_order":0,"comment_status":"closed","ping_status":"closed","template":"","meta":{"ngg_post_thumbnail":0,"footnotes":""},"class_list":["post-408","page","type-page","status-publish","hentry","latest_post"],"_links":{"self":[{"href":"https:\/\/zusplumlov.cz\/index.php\/wp-json\/wp\/v2\/pages\/408","targetHints":{"allow":["GET"]}}],"collection":[{"href":"https:\/\/zusplumlov.cz\/index.php\/wp-json\/wp\/v2\/pages"}],"about":[{"href":"https:\/\/zusplumlov.cz\/index.php\/wp-json\/wp\/v2\/types\/page"}],"author":[{"embeddable":true,"href":"https:\/\/zusplumlov.cz\/index.php\/wp-json\/wp\/v2\/users\/1"}],"replies":[{"embeddable":true,"href":"https:\/\/zusplumlov.cz\/index.php\/wp-json\/wp\/v2\/comments?post=408"}],"version-history":[{"count":129,"href":"https:\/\/zusplumlov.cz\/index.php\/wp-json\/wp\/v2\/pages\/408\/revisions"}],"predecessor-version":[{"id":9204,"href":"https:\/\/zusplumlov.cz\/index.php\/wp-json\/wp\/v2\/pages\/408\/revisions\/9204"}],"wp:attachment":[{"href":"https:\/\/zusplumlov.cz\/index.php\/wp-json\/wp\/v2\/media?parent=408"}],"curies":[{"name":"wp","href":"https:\/\/api.w.org\/{rel}","templated":true}]}}