{"id":3477,"date":"2021-05-24T11:25:26","date_gmt":"2021-05-24T09:25:26","guid":{"rendered":"http:\/\/zusplumlov.cz\/?page_id=3477"},"modified":"2025-04-18T08:06:48","modified_gmt":"2025-04-18T06:06:48","slug":"skolne-msmt","status":"publish","type":"page","link":"https:\/\/zusplumlov.cz\/index.php\/skolne-msmt\/","title":{"rendered":"Informace M\u0160MT k \u00faplat\u011b za vzd\u011bl\u00e1v\u00e1n\u00ed"},"content":{"rendered":"\t\t<div data-elementor-type=\"wp-page\" data-elementor-id=\"3477\" class=\"elementor elementor-3477\" data-elementor-post-type=\"page\">\n\t\t\t\t\t\t<section class=\"elementor-section elementor-top-section elementor-element elementor-element-4f0f18ce elementor-section-boxed elementor-section-height-default elementor-section-height-default\" data-id=\"4f0f18ce\" data-element_type=\"section\">\n\t\t\t\t\t\t<div class=\"elementor-container elementor-column-gap-default\">\n\t\t\t\t\t<div class=\"elementor-column elementor-col-100 elementor-top-column elementor-element elementor-element-6f11ed12\" data-id=\"6f11ed12\" data-element_type=\"column\">\n\t\t\t<div class=\"elementor-widget-wrap elementor-element-populated\">\n\t\t\t\t\t\t<div class=\"elementor-element elementor-element-645aeaae elementor-widget elementor-widget-text-editor\" data-id=\"645aeaae\" data-element_type=\"widget\" data-widget_type=\"text-editor.default\">\n\t\t\t\t\t\t\t\t\t\n<p>V\u00e1\u017een\u00fd pane \u0159editeli,<\/p>\n\n<p>obrac\u00edm se na V\u00e1s v\u00a0souvislosti s\u00a0Va\u0161\u00edm dotazem ohledn\u011b stanoven\u00ed \u00faplaty za vzd\u011bl\u00e1v\u00e1n\u00ed v\u00a0z\u00e1kladn\u00ed um\u011bleck\u00e9 \u0161kole, resp. mo\u017enosti jej\u00edho sn\u00ed\u017een\u00ed.<\/p>\n\n<p>Mo\u017enost poskytov\u00e1n\u00ed vzd\u011bl\u00e1v\u00e1n\u00ed v z\u00e1kladn\u00edch um\u011bleck\u00fdch \u0161kol\u00e1ch za \u00faplatu je upravena v \u00a7 123 odst. 2 \u0161kolsk\u00e9ho z\u00e1kona. Za vzd\u011bl\u00e1v\u00e1n\u00ed v z\u00e1kladn\u00edch um\u011bleck\u00fdch \u0161kol\u00e1ch z\u0159izovan\u00fdch st\u00e1tem, krajem, obc\u00ed nebo svazkem obc\u00ed lze vyb\u00edrat pouze takovou \u00faplatu, v takov\u00e9 maxim\u00e1ln\u00ed v\u00fd\u0161i a za takov\u00fdch podm\u00ednek, kter\u00e9 v\u00fdslovn\u011b stanov\u00ed prov\u00e1d\u011bc\u00ed pr\u00e1vn\u00ed p\u0159edpis, kter\u00fdm je vyhl\u00e1\u0161ka \u010d. 71\/2005 Sb., o z\u00e1kladn\u00edm um\u011bleck\u00e9m vzd\u011bl\u00e1v\u00e1n\u00ed, ve zn\u011bn\u00ed pozd\u011bj\u0161\u00edch p\u0159edpis\u016f.<\/p>\n\n<p>Stanoven\u00ed v\u00fd\u0161e \u00faplaty je upraveno v ustanoven\u00ed \u00a7 8 odst. 1 a 2 zm\u00edn\u011bn\u00e9 vyhl\u00e1\u0161ky a dle \u00a7 8 odst. 4 t\u00e9to vyhl\u00e1\u0161ky \u0159editel \u0161koly stanov\u00ed v\u00fd\u0161i \u00faplaty na obdob\u00ed \u0161koln\u00edho roku. Pravomoc \u0159editele \u0161koly sn\u00ed\u017eit nebo prominout \u00faplatu je vymezena v \u00a7 123 odst. 4 \u0161kolsk\u00e9ho z\u00e1kona. \u0158editel \u0161koly je tedy opr\u00e1vn\u011bn rozhodnout o sn\u00ed\u017een\u00ed nebo prominut\u00ed \u00faplaty zejm\u00e9na v p\u0159\u00edpadech, kter\u00e9 jsou uvedeny v \u00a7 123 odst. 4 \u0161kolsk\u00e9ho z\u00e1kona, ale i v p\u0159\u00edpadech, kter\u00e9 nejsou v\u00fdslovn\u011b v tomto ustanoven\u00ed uvedeny. Z\u00e1le\u017e\u00ed tedy na uv\u00e1\u017een\u00ed \u0159editele \u0161koly, v jak\u00fdch konkr\u00e9tn\u00edch p\u0159\u00edpadech sv\u00e9 kompetence vyu\u017eije. P\u0159i tom v\u0161ak mus\u00ed db\u00e1t na obecn\u00e1 pravidla pro \u010dinnost \u0161kol a pro spravov\u00e1n\u00ed ve\u0159ejn\u00e9ho majetku, kde zd\u016fraznit lze p\u0159edev\u0161\u00edm principy nediskriminace, nebo princip \u0159\u00e1dn\u00e9ho hospod\u00e1\u0159e p\u0159i v\u011bdom\u00ed toho, \u017ee \u0161kolsk\u00e9 slu\u017eby jsou ve\u0159ejnou slu\u017ebou.<\/p>\n\n<p>Ustanoven\u00ed \u00a7 123 odst. 4 \u0161kolsk\u00e9ho z\u00e1kona jako jednu z mo\u017enost\u00ed prominut\u00ed nebo sn\u00ed\u017een\u00ed uv\u00e1d\u00ed odkaz na \u00a7 27 odst. 5 \u0161kolsk\u00e9ho z\u00e1kona, tedy na p\u0159\u00edpady, kdy se jedn\u00e1 o \u017e\u00e1ky s na\u0159\u00edzenou \u00fastavn\u00ed v\u00fdchovou nebo ulo\u017eenou ochrannou v\u00fdchovou, \u017e\u00e1ky s postaven\u00edm azylanta, osoby po\u017e\u00edvaj\u00edc\u00ed dopl\u0148kov\u00e9 ochrany nebo \u00fa\u010dastn\u00edky \u0159\u00edzen\u00ed o ud\u011blen\u00ed mezin\u00e1rodn\u00ed ochrany na \u00fazem\u00ed \u010cesk\u00e9 republiky, \u017e\u00e1ky v hmotn\u00e9 nouzi, jako\u017e i v dal\u0161\u00ed p\u0159\u00edpady hodn\u00e9 zvl\u00e1\u0161tn\u00edho z\u0159etele, a d\u00e1le pak na \u017e\u00e1ky podle \u00a7 16 ods.t 9 \u0161kolsk\u00e9ho z\u00e1kona. Z tohoto lze usoudit, \u017ee by se v p\u0159\u00edpad\u011b sn\u00ed\u017een\u00ed \u010di prominut\u00ed \u00faplaty m\u011bly v\u017edy posuzovat konkr\u00e9tn\u00ed okolnosti dan\u00e9ho \u017e\u00e1ka, pro kter\u00e9 ke sn\u00ed\u017een\u00ed \u010di prominut\u00ed \u00faplaty m\u00e1 doj\u00edt. Samotn\u00e1 existence mimo\u0159\u00e1dn\u00fdch opat\u0159en\u00ed pro boj s epidemi\u00ed nen\u00ed bez dal\u0161\u00edho podle na\u0161eho n\u00e1zoru d\u016fvodem pro plo\u0161n\u00e9 sn\u00ed\u017een\u00ed \u00faplaty v\u0161em \u017e\u00e1k\u016fm.<\/p>\n\n<p>Pro \u00faplnost si dovol\u00edm upozornit na ust. \u00a7 8 odst. 3 vyhl\u00e1\u0161ky \u010d. 71\/2005 Sb., do kter\u00e9ho bylo posledn\u00ed novelou dopln\u011bno pravidlo pro vracen\u00ed \u00faplaty v p\u0159\u00edpad\u011b distan\u010dn\u00edho vzd\u011bl\u00e1v\u00e1n\u00ed, a to sice, \u017ee<em> &#8222;Za dobu, kdy \u0161kola umo\u017e\u0148uje vzd\u011bl\u00e1v\u00e1n\u00ed distan\u010dn\u00edm zp\u016fsobem, se \u00faplata nevrac\u00ed.&#8220;. <\/em>T\u00edm se vyjad\u0159uje skute\u010dnost, \u017ee samotn\u00fd p\u0159echod na distan\u010dn\u00ed zp\u016fsob v\u00fduky podle \u00a7 184a \u0161kolsk\u00e9ho z\u00e1kona, nen\u00ed s\u00e1m o sob\u011b d\u016fvodem k\u00a0vracen\u00ed (prominut\u00ed nebo sn\u00ed\u017een\u00ed) \u00faplaty.<\/p>\n\n<p>Ve\u0161ker\u00e1 v\u00fd\u0161e uveden\u00e1 sd\u011blen\u00ed pova\u017eujte pros\u00edm za odborn\u00fd n\u00e1zor na danou problematiku. Ministerstvo \u0161kolstv\u00ed, ml\u00e1de\u017ee a t\u011blov\u00fdchovy nen\u00ed opr\u00e1vn\u011bno z\u00e1vazn\u00fdm zp\u016fsobem vykl\u00e1dat jednotliv\u00e1 ustanoven\u00ed z\u00e1kona \u010di vyd\u00e1vat z\u00e1vazn\u00e1 v\u00fdkladov\u00e1 stanoviska, a to ani tehdy, je-li gestorem dan\u00e9ho pr\u00e1vn\u00edho p\u0159edpisu.<\/p>\n\n<p>Na z\u00e1v\u011br pros\u00edm p\u0159ijm\u011bte mou omluvu za pozd\u011bj\u0161\u00ed odpov\u011bd, bohu\u017eel jsem j\u00e1 i kolegov\u00e9 byli pln\u011b vyt\u00ed\u017eeni ot\u00e1zkami spojen\u00fdmi s pandemi\u00ed.<\/p>\n\n<p>S pozdravem a p\u0159\u00e1n\u00edm hezk\u00fdch dn\u016f<\/p>\n\n<p>Michaela \u0160\u0165astn\u00e1<\/p>\n\n<p><strong>Odd\u011blen\u00ed legislativy region\u00e1ln\u00edho a vysok\u00e9ho \u0161kolstv\u00ed &#8211; 610<\/strong><strong><br \/>Mgr. Michaela \u0160\u0165astn\u00e1<br \/><\/strong><em>vedouc\u00ed odd\u011blen\u00ed<\/em><strong><br \/><\/strong>tel.: +420 234 811 737<br \/>e-mail: <a href=\"mailto:Michaela.Stastna@msmt.cz\">Michaela.Stastna@msmt.cz<\/a><\/p>\n\t\t\t\t\t\t\t\t<\/div>\n\t\t\t\t\t<\/div>\n\t\t<\/div>\n\t\t\t\t\t<\/div>\n\t\t<\/section>\n\t\t\t\t<\/div>\n\t\t","protected":false},"excerpt":{"rendered":"<p>V\u00e1\u017een\u00fd pane \u0159editeli, obrac\u00edm se na V\u00e1s v\u00a0souvislosti s\u00a0Va\u0161\u00edm dotazem ohledn\u011b stanoven\u00ed \u00faplaty za vzd\u011bl\u00e1v\u00e1n\u00ed v\u00a0z\u00e1kladn\u00ed um\u011bleck\u00e9 \u0161kole, resp. mo\u017enosti &hellip; <\/p>\n","protected":false},"author":2,"featured_media":0,"parent":0,"menu_order":0,"comment_status":"closed","ping_status":"closed","template":"","meta":{"ngg_post_thumbnail":0,"footnotes":""},"class_list":["post-3477","page","type-page","status-publish","hentry","latest_post"],"_links":{"self":[{"href":"https:\/\/zusplumlov.cz\/index.php\/wp-json\/wp\/v2\/pages\/3477","targetHints":{"allow":["GET"]}}],"collection":[{"href":"https:\/\/zusplumlov.cz\/index.php\/wp-json\/wp\/v2\/pages"}],"about":[{"href":"https:\/\/zusplumlov.cz\/index.php\/wp-json\/wp\/v2\/types\/page"}],"author":[{"embeddable":true,"href":"https:\/\/zusplumlov.cz\/index.php\/wp-json\/wp\/v2\/users\/2"}],"replies":[{"embeddable":true,"href":"https:\/\/zusplumlov.cz\/index.php\/wp-json\/wp\/v2\/comments?post=3477"}],"version-history":[{"count":12,"href":"https:\/\/zusplumlov.cz\/index.php\/wp-json\/wp\/v2\/pages\/3477\/revisions"}],"predecessor-version":[{"id":3513,"href":"https:\/\/zusplumlov.cz\/index.php\/wp-json\/wp\/v2\/pages\/3477\/revisions\/3513"}],"wp:attachment":[{"href":"https:\/\/zusplumlov.cz\/index.php\/wp-json\/wp\/v2\/media?parent=3477"}],"curies":[{"name":"wp","href":"https:\/\/api.w.org\/{rel}","templated":true}]}}