{"id":2845,"date":"2021-03-30T14:00:43","date_gmt":"2021-03-30T12:00:43","guid":{"rendered":"http:\/\/zusplu.pvskoly.cz\/?page_id=2845"},"modified":"2025-05-16T10:14:05","modified_gmt":"2025-05-16T08:14:05","slug":"historie-skoly","status":"publish","type":"page","link":"https:\/\/zusplumlov.cz\/index.php\/o-nas\/historie-skoly\/","title":{"rendered":"Historie \u0161koly"},"content":{"rendered":"\t\t<div data-elementor-type=\"wp-page\" data-elementor-id=\"2845\" class=\"elementor elementor-2845\" data-elementor-post-type=\"page\">\n\t\t\t\t<div class=\"elementor-element elementor-element-49fc7b1 e-flex e-con-boxed e-con e-parent\" data-id=\"49fc7b1\" data-element_type=\"container\">\n\t\t\t\t\t<div class=\"e-con-inner\">\n\t\t\t\t<div class=\"elementor-element elementor-element-c26882c elementor-widget elementor-widget-heading\" data-id=\"c26882c\" data-element_type=\"widget\" data-widget_type=\"heading.default\">\n\t\t\t\t\t<h1 class=\"elementor-heading-title elementor-size-default\">Historie \u0161koly<\/h1>\t\t\t\t<\/div>\n\t\t\t\t\t<\/div>\n\t\t\t\t<\/div>\n\t\t<div class=\"elementor-element elementor-element-0c2bf36 e-flex e-con-boxed e-con e-parent\" data-id=\"0c2bf36\" data-element_type=\"container\">\n\t\t\t\t\t<div class=\"e-con-inner\">\n\t\t<div class=\"elementor-element elementor-element-b8c08d4 e-con-full e-flex e-con e-child\" data-id=\"b8c08d4\" data-element_type=\"container\">\n\t\t\t\t<div class=\"elementor-element elementor-element-fa533be elementor-widget elementor-widget-heading\" data-id=\"fa533be\" data-element_type=\"widget\" data-widget_type=\"heading.default\">\n\t\t\t\t\t<h2 class=\"elementor-heading-title elementor-size-default\">Historie<\/h2>\t\t\t\t<\/div>\n\t\t\t\t<div class=\"elementor-element elementor-element-88983b0 elementor-widget elementor-widget-text-editor\" data-id=\"88983b0\" data-element_type=\"widget\" data-widget_type=\"text-editor.default\">\n\t\t\t\t\t\t\t\t\t<p><span style=\"color: #000000;\">Hudebn\u00ed \u0161kola v Plumlov\u011b byla otev\u0159ena 1.z\u00e1\u0159\u00ed 1950 jako pobo\u010dka prost\u011bjovsk\u00e9 hudebn\u00ed \u0161koly. Z\u00e1rodkem plumlovsk\u00e9 hudebn\u00ed \u0161koly byla v\u0161ak soukrom\u00e1 hudebn\u00ed \u0161kola m\u00edstn\u00edho kapeln\u00edka a pozd\u011bj\u0161\u00edho dlouholet\u00e9ho u\u010ditele na L\u0160U Anton\u00edna Fuksy. O hru na hudebn\u00ed n\u00e1stroje byl ji\u017e tehdy pom\u011brn\u011b velk\u00fd z\u00e1jem. Hudebn\u00ed \u0161kola musela z\u00e1pasit ve sv\u00fdch po\u010d\u00e1tc\u00edch s nedostatkem vhodn\u00fdch u\u010debn\u00edch prostor. Proto tak\u00e9 byla nucena za\u010d\u00edt pracovat v budov\u011b osmilet\u00e9 st\u0159edn\u00ed \u0161koly. V\u00fdznamn\u00fdm mezn\u00edkem v \u017eivot\u011b \u0161koly byl rok 1955. V tomto roce byla toti\u017e odlou\u010dena od prost\u011bjovsk\u00e9 hudebn\u00ed \u0161koly a stala se samostatnou. Prvn\u00edm \u0159editelem \u0161koly byl Old\u0159ich Fi\u0161er z Prost\u011bjova, kter\u00fd v\u0161ak po prvn\u00edm roce p\u016fsobi\u0161t\u011b opustil. U\u010ditel\u00e9 i rodi\u010dovsk\u00e1 ve\u0159ejnost museli za samostatnost zdej\u0161\u00ed \u0161koly bojovat, nebo\u0165 hrozilo nebezpe\u010d\u00ed jej\u00edho op\u011btovn\u00e9ho p\u0159i\u010dlen\u011bn\u00ed do Prost\u011bjova. Pom\u011bry se konsolidovaly po jmenov\u00e1n\u00ed Josefa Reyhona \u0159editelem \u0161koly, kter\u00fd p\u0159isp\u011bl k rozmachu hudebn\u00edho \u0161kolstv\u00ed na Plumlovsku. V tomto obdob\u00ed se sou\u010d\u00e1st\u00ed plumlovsk\u00e9 \u0161koly stala i pobo\u010dka v Kostelci na Han\u00e9.<\/span><\/p><p><span style=\"color: #000000;\">Do roku 1958 vstupovala \u0161kola s novou \u0159editelkou Alenou Melounovou, kter\u00e1 p\u016fsobila na \u0161kole del\u0161\u00ed dobu. Rok 1958 pro\u017e\u00edvala \u0161kola ve znamen\u00ed rozs\u00e1hl\u00e9 \u010dinnosti na \u010detn\u00fdch oslav\u00e1ch \u010di bes\u00eddk\u00e1ch v Plumlov\u011b, Kostelci na Han\u00e9 a v Drahanech.<\/span><\/p><p><span style=\"color: #000000;\">Po\u010d\u00e1tkem \u0161edes\u00e1t\u00fdch let doch\u00e1z\u00ed ke zna\u010dn\u00fdm zm\u011bn\u00e1m ve slo\u017een\u00ed u\u010ditelsk\u00e9ho sboru. Po odchodu A. Melounov\u00e9 z funkce \u0159editele \u0161koly stanul v jej\u00edm \u010dele Anton\u00edn Fuksa. \u0160kola musela v tomto obdob\u00ed vyhov\u011bt zv\u00fd\u0161en\u00e9mu z\u00e1jmu o hru na hudebn\u00ed n\u00e1stroje a to zejm\u00e9na v Protivanov\u011b. Hudebn\u00ed \u0161kola byla sou\u010dasn\u011b roz\u0161\u00ed\u0159ena o dechovku, pracovi\u0161t\u011b trp\u011bla i \u010dast\u00fdmi zm\u011bnami ve veden\u00ed \u0161koly, kdy A. Fuksu vyst\u0159\u00eddal Anton\u00edn Kavka, po roce se veden\u00ed op\u011bt ujal A. Fuksa.<\/span><\/p><p><span style=\"color: #000000;\">Od 7.\u0159\u00edjna 1965 je L\u0160U ve vlastn\u00ed budov\u011b Na aleji 44, kter\u00e1 byla za aktivn\u00ed \u00fa\u010dasti \u010dlen\u016f u\u010ditelsk\u00e9ho sboru postupn\u011b upravov\u00e1na. V tomto obdob\u00ed byl postaven do \u010dela \u0161koly nov\u00fd \u0159editel Zdenek P\u0159ikryl. Za jeho veden\u00ed doznala \u0161kola velk\u00e9ho rozmachu. Sv\u011bd\u010d\u00ed o tom rozsah p\u016fsobnosti L\u0160U. Krom\u011b v\u00fduky na hudebn\u00ed n\u00e1stroje pracovaly v r\u00e1mci L\u0160U jak v Plumlov\u011b, tak i na pobo\u010dk\u00e1ch krou\u017eky liter\u00e1rn\u011b \u2013 dramatick\u00fd, v\u00fdtvarn\u00fd i rytmika.<\/span><\/p><p><span style=\"color: #000000;\">Koncem \u0161edes\u00e1t\u00fdch let prob\u00edhaly v budov\u011b L\u0160U pom\u011brn\u011b rozs\u00e1hl\u00e9 pr\u00e1ce na vnit\u0159n\u00ed \u00faprav\u011b \u0161koln\u00ed budovy. pod veden\u00edm Z. P\u0159ikryla se zv\u00fdraz\u0148ovala i pr\u00e1ce \u0161koly na ve\u0159ejnosti. Z iniciativy u\u010ditel\u016f \u0161koly byl zalo\u017een p\u011bveck\u00fd soubor Plumlovan a akordeonov\u00fd soubor.<\/span><\/p><p><span style=\"color: #000000;\">V roce 1986 nastupuje do funkce \u0159editele V\u00e1clav Proch\u00e1zka. \u0160kola nad\u00e1le vykazuje vynikaj\u00edc\u00ed v\u00fdsledky jak v hudebn\u00edch tak v nehudebn\u00edch oborech.<\/span><\/p><p><span style=\"color: #000000;\">Rok 1992 byl ve znamen\u00ed velk\u00fdch zm\u011bn. V lednu z\u00edsk\u00e1v\u00e1 \u0161kola pr\u00e1vn\u00ed subjektivitu, v b\u0159eznu nastupuje do funkce \u0159editelky Ev\u017eenie Augustinov\u00e1 a na ja\u0159e je zah\u00e1jena v\u00fdstavba v\u00fdtvarn\u00e9ho oboru, proto\u017ee dosavadn\u00ed prostory byly v havarijn\u00edm stavu. Na \u0161kole \u00fasp\u011b\u0161n\u011b pracuje soubor zobcov\u00fdch fl\u00e9ten, kter\u00fd reprezentuje \u0161kolu i v zahrani\u010d\u00ed, divadeln\u00ed soubor Divad\u00e9lko v podz\u00e1m\u010d\u00ed, kter\u00e9 m\u00e1 na sv\u00e9m kont\u011b \u0159adu \u00fasp\u011b\u0161n\u00fdch inscenac\u00ed. \u0160kola t\u00e9m\u011b\u0159 zdvojn\u00e1sobila po\u010det \u017e\u00e1k\u016f v hudebn\u00edch oborech a p\u0159edev\u0161\u00edm v nehudebn\u00edch oborech \u2013 liter\u00e1rn\u011b-dramatick\u00fd a tane\u010dn\u00ed.<\/span><\/p><p><span style=\"color: #000000;\">V srpnu 1997 se st\u00e1v\u00e1 nov\u00fdm \u0159editelem \u0161koly Ivan Mal\u00edk. \u0160kola rozv\u00edj\u00ed spolupr\u00e1ci se Z\u0160 i Kulturn\u00edm klubov\u00fdm za\u0159\u00edzen\u00edm v Plumlov\u011b. Na z\u00e1klad\u011b t\u00e9to spolupr\u00e1ce se roz\u0161i\u0159uje \u010dinnost \u0161koly v oblasti v\u00fdchovn\u00fdch koncert\u016f, tane\u010dn\u00edch vystoupen\u00ed a divadeln\u00edch p\u0159edstaven\u00ed, vznik\u00e1 dechov\u00fd soubor, tane\u010dn\u00ed soubor, komorn\u00ed soubor \u0161koly a roz\u0161i\u0159uje se v\u00fduka v\u00fdtvarn\u00e9ho oboru. V sou\u010dasn\u00e9 dob\u011b m\u00e1 \u0161kola 8 pobo\u010dek : Kostelec na Han\u00e9, \u010celechovice na Han\u00e9, \u010cechy pod Kos\u00ed\u0159em, P\u0159emyslovice, Drahany, Krums\u00edn, Mostkovice a Prost\u011bjov \u2013 \u010cechovice.<\/span><\/p>\t\t\t\t\t\t\t\t<\/div>\n\t\t\t\t<\/div>\n\t\t<div class=\"elementor-element elementor-element-571bd4c e-con-full e-flex e-con e-child\" data-id=\"571bd4c\" data-element_type=\"container\">\n\t\t\t\t<div class=\"elementor-element elementor-element-809b094 elementor-nav-menu--dropdown-tablet elementor-nav-menu__text-align-aside elementor-nav-menu--toggle elementor-nav-menu--burger elementor-widget elementor-widget-nav-menu\" data-id=\"809b094\" data-element_type=\"widget\" data-settings=\"{&quot;layout&quot;:&quot;horizontal&quot;,&quot;submenu_icon&quot;:{&quot;value&quot;:&quot;&lt;svg class=\\&quot;e-font-icon-svg e-fas-caret-down\\&quot; viewBox=\\&quot;0 0 320 512\\&quot; xmlns=\\&quot;http:\\\/\\\/www.w3.org\\\/2000\\\/svg\\&quot;&gt;&lt;path d=\\&quot;M31.3 192h257.3c17.8 0 26.7 21.5 14.1 34.1L174.1 354.8c-7.8 7.8-20.5 7.8-28.3 0L17.2 226.1C4.6 213.5 13.5 192 31.3 192z\\&quot;&gt;&lt;\\\/path&gt;&lt;\\\/svg&gt;&quot;,&quot;library&quot;:&quot;fa-solid&quot;},&quot;toggle&quot;:&quot;burger&quot;}\" data-widget_type=\"nav-menu.default\">\n\t\t\t\t\t\t\t\t<nav aria-label=\"Menu\" class=\"elementor-nav-menu--main elementor-nav-menu__container elementor-nav-menu--layout-horizontal e--pointer-underline e--animation-fade\">\n\t\t\t\t<ul id=\"menu-1-809b094\" class=\"elementor-nav-menu\"><li class=\"menu-item menu-item-type-post_type menu-item-object-page menu-item-2854\"><a href=\"https:\/\/zusplumlov.cz\/index.php\/o-nas\/historie-skoly\/\" class=\"elementor-item\">Historie \u0161koly<\/a><\/li>\n<li class=\"menu-item menu-item-type-post_type menu-item-object-page menu-item-2855\"><a href=\"https:\/\/zusplumlov.cz\/index.php\/o-nas\/zamestnanci-zus-plumlov\/\" class=\"elementor-item\">Zam\u011bstnanci ZU\u0160 Plumlov<\/a><\/li>\n<\/ul>\t\t\t<\/nav>\n\t\t\t\t\t<div class=\"elementor-menu-toggle\" role=\"button\" tabindex=\"0\" aria-label=\"Menu Toggle\" aria-expanded=\"false\">\n\t\t\t<svg aria-hidden=\"true\" role=\"presentation\" class=\"elementor-menu-toggle__icon--open e-font-icon-svg e-eicon-menu-bar\" viewBox=\"0 0 1000 1000\" xmlns=\"http:\/\/www.w3.org\/2000\/svg\"><path d=\"M104 333H896C929 333 958 304 958 271S929 208 896 208H104C71 208 42 237 42 271S71 333 104 333ZM104 583H896C929 583 958 554 958 521S929 458 896 458H104C71 458 42 487 42 521S71 583 104 583ZM104 833H896C929 833 958 804 958 771S929 708 896 708H104C71 708 42 737 42 771S71 833 104 833Z\"><\/path><\/svg><svg aria-hidden=\"true\" role=\"presentation\" class=\"elementor-menu-toggle__icon--close e-font-icon-svg e-eicon-close\" viewBox=\"0 0 1000 1000\" xmlns=\"http:\/\/www.w3.org\/2000\/svg\"><path d=\"M742 167L500 408 258 167C246 154 233 150 217 150 196 150 179 158 167 167 154 179 150 196 150 212 150 229 154 242 171 254L408 500 167 742C138 771 138 800 167 829 196 858 225 858 254 829L496 587 738 829C750 842 767 846 783 846 800 846 817 842 829 829 842 817 846 804 846 783 846 767 842 750 829 737L588 500 833 258C863 229 863 200 833 171 804 137 775 137 742 167Z\"><\/path><\/svg>\t\t<\/div>\n\t\t\t\t\t<nav class=\"elementor-nav-menu--dropdown elementor-nav-menu__container\" aria-hidden=\"true\">\n\t\t\t\t<ul id=\"menu-2-809b094\" class=\"elementor-nav-menu\"><li class=\"menu-item menu-item-type-post_type menu-item-object-page menu-item-2854\"><a href=\"https:\/\/zusplumlov.cz\/index.php\/o-nas\/historie-skoly\/\" class=\"elementor-item\" tabindex=\"-1\">Historie \u0161koly<\/a><\/li>\n<li class=\"menu-item menu-item-type-post_type menu-item-object-page menu-item-2855\"><a href=\"https:\/\/zusplumlov.cz\/index.php\/o-nas\/zamestnanci-zus-plumlov\/\" class=\"elementor-item\" tabindex=\"-1\">Zam\u011bstnanci ZU\u0160 Plumlov<\/a><\/li>\n<\/ul>\t\t\t<\/nav>\n\t\t\t\t\t\t<\/div>\n\t\t\t\t<div class=\"elementor-element elementor-element-ed5e72d elementor-align-center elementor-widget elementor-widget-button\" data-id=\"ed5e72d\" data-element_type=\"widget\" data-widget_type=\"button.default\">\n\t\t\t\t\t\t\t\t\t\t<a class=\"elementor-button elementor-button-link elementor-size-sm\" href=\"http:\/\/zusplumlov.cz\/index.php\/2020\/10\/27\/dulezite-dokumenty-ke-stazeni\/\">\n\t\t\t\t\t\t<span class=\"elementor-button-content-wrapper\">\n\t\t\t\t\t\t<span class=\"elementor-button-icon\">\n\t\t\t\t<svg aria-hidden=\"true\" class=\"e-font-icon-svg e-far-file-alt\" viewBox=\"0 0 384 512\" xmlns=\"http:\/\/www.w3.org\/2000\/svg\"><path d=\"M288 248v28c0 6.6-5.4 12-12 12H108c-6.6 0-12-5.4-12-12v-28c0-6.6 5.4-12 12-12h168c6.6 0 12 5.4 12 12zm-12 72H108c-6.6 0-12 5.4-12 12v28c0 6.6 5.4 12 12 12h168c6.6 0 12-5.4 12-12v-28c0-6.6-5.4-12-12-12zm108-188.1V464c0 26.5-21.5 48-48 48H48c-26.5 0-48-21.5-48-48V48C0 21.5 21.5 0 48 0h204.1C264.8 0 277 5.1 286 14.1L369.9 98c9 8.9 14.1 21.2 14.1 33.9zm-128-80V128h76.1L256 51.9zM336 464V176H232c-13.3 0-24-10.7-24-24V48H48v416h288z\"><\/path><\/svg>\t\t\t<\/span>\n\t\t\t\t\t\t\t\t\t<span class=\"elementor-button-text\">D\u016eLE\u017dIT\u00c9 DOKUMENTY<\/span>\n\t\t\t\t\t<\/span>\n\t\t\t\t\t<\/a>\n\t\t\t\t\t\t\t\t<\/div>\n\t\t\t\t<div class=\"elementor-element elementor-element-729ea57 elementor-align-center elementor-widget elementor-widget-button\" data-id=\"729ea57\" data-element_type=\"widget\" data-widget_type=\"button.default\">\n\t\t\t\t\t\t\t\t\t\t<a class=\"elementor-button elementor-button-link elementor-size-sm\" href=\"https:\/\/www.klasifikace.jphsw.cz\/?hash=8f85517967795eeef66c225f7883bdcb\">\n\t\t\t\t\t\t<span class=\"elementor-button-content-wrapper\">\n\t\t\t\t\t\t<span class=\"elementor-button-icon\">\n\t\t\t\t<svg aria-hidden=\"true\" class=\"e-font-icon-svg e-far-list-alt\" viewBox=\"0 0 512 512\" xmlns=\"http:\/\/www.w3.org\/2000\/svg\"><path d=\"M464 32H48C21.49 32 0 53.49 0 80v352c0 26.51 21.49 48 48 48h416c26.51 0 48-21.49 48-48V80c0-26.51-21.49-48-48-48zm-6 400H54a6 6 0 0 1-6-6V86a6 6 0 0 1 6-6h404a6 6 0 0 1 6 6v340a6 6 0 0 1-6 6zm-42-92v24c0 6.627-5.373 12-12 12H204c-6.627 0-12-5.373-12-12v-24c0-6.627 5.373-12 12-12h200c6.627 0 12 5.373 12 12zm0-96v24c0 6.627-5.373 12-12 12H204c-6.627 0-12-5.373-12-12v-24c0-6.627 5.373-12 12-12h200c6.627 0 12 5.373 12 12zm0-96v24c0 6.627-5.373 12-12 12H204c-6.627 0-12-5.373-12-12v-24c0-6.627 5.373-12 12-12h200c6.627 0 12 5.373 12 12zm-252 12c0 19.882-16.118 36-36 36s-36-16.118-36-36 16.118-36 36-36 36 16.118 36 36zm0 96c0 19.882-16.118 36-36 36s-36-16.118-36-36 16.118-36 36-36 36 16.118 36 36zm0 96c0 19.882-16.118 36-36 36s-36-16.118-36-36 16.118-36 36-36 36 16.118 36 36z\"><\/path><\/svg>\t\t\t<\/span>\n\t\t\t\t\t\t\t\t\t<span class=\"elementor-button-text\">VSTUP DO KLASIFIKACE<\/span>\n\t\t\t\t\t<\/span>\n\t\t\t\t\t<\/a>\n\t\t\t\t\t\t\t\t<\/div>\n\t\t\t\t<div class=\"elementor-element elementor-element-57161a7 elementor-align-center elementor-widget elementor-widget-button\" data-id=\"57161a7\" data-element_type=\"widget\" data-widget_type=\"button.default\">\n\t\t\t\t\t\t\t\t\t\t<a class=\"elementor-button elementor-button-link elementor-size-sm\" href=\"https:\/\/www.klasifikace.jphsw.cz\/prihlaska.php?uid=k178\">\n\t\t\t\t\t\t<span class=\"elementor-button-content-wrapper\">\n\t\t\t\t\t\t<span class=\"elementor-button-icon\">\n\t\t\t\t<svg aria-hidden=\"true\" class=\"e-font-icon-svg e-fas-user-plus\" viewBox=\"0 0 640 512\" xmlns=\"http:\/\/www.w3.org\/2000\/svg\"><path d=\"M624 208h-64v-64c0-8.8-7.2-16-16-16h-32c-8.8 0-16 7.2-16 16v64h-64c-8.8 0-16 7.2-16 16v32c0 8.8 7.2 16 16 16h64v64c0 8.8 7.2 16 16 16h32c8.8 0 16-7.2 16-16v-64h64c8.8 0 16-7.2 16-16v-32c0-8.8-7.2-16-16-16zm-400 48c70.7 0 128-57.3 128-128S294.7 0 224 0 96 57.3 96 128s57.3 128 128 128zm89.6 32h-16.7c-22.2 10.2-46.9 16-72.9 16s-50.6-5.8-72.9-16h-16.7C60.2 288 0 348.2 0 422.4V464c0 26.5 21.5 48 48 48h352c26.5 0 48-21.5 48-48v-41.6c0-74.2-60.2-134.4-134.4-134.4z\"><\/path><\/svg>\t\t\t<\/span>\n\t\t\t\t\t\t\t\t\t<span class=\"elementor-button-text\">P\u0158IHL\u00c1\u0160KA KE STUDIU<\/span>\n\t\t\t\t\t<\/span>\n\t\t\t\t\t<\/a>\n\t\t\t\t\t\t\t\t<\/div>\n\t\t\t\t<div class=\"elementor-element elementor-element-7257a91 elementor-widget elementor-widget-wp-widget-recent-posts\" data-id=\"7257a91\" data-element_type=\"widget\" data-widget_type=\"wp-widget-recent-posts.default\">\n\t\t\t\t<div class=\"elementor-widget-container\">\n\t\t\t\t\t\n\t\t\n\t\t<h5>Nejnov\u011bj\u0161\u00ed p\u0159\u00edsp\u011bvky<\/h5>\n\t\t<ul>\n\t\t\t\t\t\t\t\t\t\t\t<li>\n\t\t\t\t\t<a href=\"https:\/\/zusplumlov.cz\/index.php\/2026\/05\/12\/talentove-zkousky-na-skolni-rok-2026-2027\/aktuality\/\">Talentov\u00e9 zkou\u0161ky na \u0161koln\u00ed rok 2026\/2027<\/a>\n\t\t\t\t\t\t\t\t\t<\/li>\n\t\t\t\t\t\t\t\t\t\t\t<li>\n\t\t\t\t\t<a href=\"https:\/\/zusplumlov.cz\/index.php\/2026\/05\/06\/divadelni-predstaveni-jamie-a-upiri\/aktuality\/\">Divadeln\u00ed p\u0159edstaven\u00ed &#8222;Jamie a up\u00ed\u0159i&#8220;<\/a>\n\t\t\t\t\t\t\t\t\t<\/li>\n\t\t\t\t\t\t\t\t\t\t\t<li>\n\t\t\t\t\t<a href=\"https:\/\/zusplumlov.cz\/index.php\/2026\/05\/06\/majova-besidka\/aktuality\/\">M\u00e1jov\u00e1 bes\u00eddka p. u\u010d. Tesa\u0159e<\/a>\n\t\t\t\t\t\t\t\t\t<\/li>\n\t\t\t\t\t\t\t\t\t\t\t<li>\n\t\t\t\t\t<a href=\"https:\/\/zusplumlov.cz\/index.php\/2026\/04\/29\/pozvanka-na-vytvarnou-vystavu-21-5-2026\/aktuality\/\">Pozv\u00e1nka na v\u00fdtvarnou v\u00fdstavu 21.5.2026<\/a>\n\t\t\t\t\t\t\t\t\t<\/li>\n\t\t\t\t\t\t\t\t\t\t\t<li>\n\t\t\t\t\t<a href=\"https:\/\/zusplumlov.cz\/index.php\/2026\/04\/21\/krajska-prehlidka-talentovanych-klaviristu-zus-unicov\/aktuality\/\">Krajsk\u00e1 p\u0159ehl\u00eddka talentovan\u00fdch klav\u00edrist\u016f &#8211; ZU\u0160 Uni\u010dov<\/a>\n\t\t\t\t\t\t\t\t\t<\/li>\n\t\t\t\t\t<\/ul>\n\n\t\t\t\t\t\t<\/div>\n\t\t\t\t<\/div>\n\t\t\t\t<\/div>\n\t\t\t\t\t<\/div>\n\t\t\t\t<\/div>\n\t\t\t\t<section class=\"elementor-section elementor-top-section elementor-element elementor-element-add4e11 elementor-section-boxed elementor-section-height-default elementor-section-height-default\" data-id=\"add4e11\" data-element_type=\"section\">\n\t\t\t\t\t\t<div class=\"elementor-container elementor-column-gap-default\">\n\t\t\t\t\t<div class=\"elementor-column elementor-col-100 elementor-top-column elementor-element elementor-element-65b8674\" data-id=\"65b8674\" data-element_type=\"column\">\n\t\t\t<div class=\"elementor-widget-wrap\">\n\t\t\t\t\t\t\t<\/div>\n\t\t<\/div>\n\t\t\t\t\t<\/div>\n\t\t<\/section>\n\t\t\t\t<\/div>\n\t\t","protected":false},"excerpt":{"rendered":"<p>Historie \u0161koly Historie Hudebn\u00ed \u0161kola v Plumlov\u011b byla otev\u0159ena 1.z\u00e1\u0159\u00ed 1950 jako pobo\u010dka prost\u011bjovsk\u00e9 hudebn\u00ed \u0161koly. Z\u00e1rodkem plumlovsk\u00e9 hudebn\u00ed \u0161koly &hellip; <\/p>\n","protected":false},"author":4,"featured_media":0,"parent":408,"menu_order":0,"comment_status":"closed","ping_status":"closed","template":"","meta":{"ngg_post_thumbnail":0,"footnotes":""},"class_list":["post-2845","page","type-page","status-publish","hentry","latest_post"],"_links":{"self":[{"href":"https:\/\/zusplumlov.cz\/index.php\/wp-json\/wp\/v2\/pages\/2845","targetHints":{"allow":["GET"]}}],"collection":[{"href":"https:\/\/zusplumlov.cz\/index.php\/wp-json\/wp\/v2\/pages"}],"about":[{"href":"https:\/\/zusplumlov.cz\/index.php\/wp-json\/wp\/v2\/types\/page"}],"author":[{"embeddable":true,"href":"https:\/\/zusplumlov.cz\/index.php\/wp-json\/wp\/v2\/users\/4"}],"replies":[{"embeddable":true,"href":"https:\/\/zusplumlov.cz\/index.php\/wp-json\/wp\/v2\/comments?post=2845"}],"version-history":[{"count":10,"href":"https:\/\/zusplumlov.cz\/index.php\/wp-json\/wp\/v2\/pages\/2845\/revisions"}],"predecessor-version":[{"id":9210,"href":"https:\/\/zusplumlov.cz\/index.php\/wp-json\/wp\/v2\/pages\/2845\/revisions\/9210"}],"up":[{"embeddable":true,"href":"https:\/\/zusplumlov.cz\/index.php\/wp-json\/wp\/v2\/pages\/408"}],"wp:attachment":[{"href":"https:\/\/zusplumlov.cz\/index.php\/wp-json\/wp\/v2\/media?parent=2845"}],"curies":[{"name":"wp","href":"https:\/\/api.w.org\/{rel}","templated":true}]}}