{"id":274,"date":"2018-05-02T04:12:26","date_gmt":"2018-05-02T02:12:26","guid":{"rendered":"http:\/\/demos.filathemes.com\/education-lms-pro\/?page_id=274"},"modified":"2025-09-11T10:15:28","modified_gmt":"2025-09-11T08:15:28","slug":"uvod","status":"publish","type":"page","link":"https:\/\/zusplumlov.cz\/","title":{"rendered":"\u00davod"},"content":{"rendered":"\t\t<div data-elementor-type=\"wp-post\" data-elementor-id=\"274\" class=\"elementor elementor-274\" data-elementor-post-type=\"page\">\n\t\t\t\t\t\t<section class=\"elementor-section elementor-top-section elementor-element elementor-element-9f7f397 elementor-section-boxed elementor-section-height-default elementor-section-height-default\" data-id=\"9f7f397\" data-element_type=\"section\">\n\t\t\t\t\t\t<div class=\"elementor-container elementor-column-gap-default\">\n\t\t\t\t\t<div class=\"elementor-column elementor-col-100 elementor-top-column elementor-element elementor-element-9557e69\" data-id=\"9557e69\" data-element_type=\"column\">\n\t\t\t<div class=\"elementor-widget-wrap elementor-element-populated\">\n\t\t\t\t\t\t<div class=\"elementor-element elementor-element-c4d82b5 elementor--h-position-center elementor--v-position-middle elementor-arrows-position-inside elementor-pagination-position-inside elementor-widget elementor-widget-slides\" data-id=\"c4d82b5\" data-element_type=\"widget\" data-settings=\"{&quot;navigation&quot;:&quot;both&quot;,&quot;autoplay&quot;:&quot;yes&quot;,&quot;pause_on_hover&quot;:&quot;yes&quot;,&quot;pause_on_interaction&quot;:&quot;yes&quot;,&quot;autoplay_speed&quot;:5000,&quot;infinite&quot;:&quot;yes&quot;,&quot;transition&quot;:&quot;slide&quot;,&quot;transition_speed&quot;:500}\" data-widget_type=\"slides.default\">\n\t\t\t\t\t\t\t\t\t\t<div class=\"elementor-slides-wrapper elementor-main-swiper swiper\" role=\"region\" aria-roledescription=\"carousel\" aria-label=\"Slides\" dir=\"ltr\" data-animation=\"fadeInUp\">\n\t\t\t\t<div class=\"swiper-wrapper elementor-slides\">\n\t\t\t\t\t\t\t\t\t\t<div class=\"elementor-repeater-item-8bd0735 swiper-slide\" role=\"group\" aria-roledescription=\"slide\"><div class=\"swiper-slide-bg\" role=\"img\"><\/div><div class=\"swiper-slide-inner\" ><div class=\"swiper-slide-contents\"><\/div><\/div><\/div><div class=\"elementor-repeater-item-04b32ea swiper-slide\" role=\"group\" aria-roledescription=\"slide\"><div class=\"swiper-slide-bg\" role=\"img\"><\/div><div class=\"swiper-slide-inner\" ><div class=\"swiper-slide-contents\"><\/div><\/div><\/div><div class=\"elementor-repeater-item-358d222 swiper-slide\" role=\"group\" aria-roledescription=\"slide\"><div class=\"swiper-slide-bg\" role=\"img\"><\/div><div class=\"swiper-slide-inner\" ><div class=\"swiper-slide-contents\"><\/div><\/div><\/div><div class=\"elementor-repeater-item-c271ef0 swiper-slide\" role=\"group\" aria-roledescription=\"slide\"><div class=\"swiper-slide-bg\" role=\"img\"><\/div><div class=\"swiper-slide-inner\" ><div class=\"swiper-slide-contents\"><\/div><\/div><\/div><div class=\"elementor-repeater-item-2b85144 swiper-slide\" role=\"group\" aria-roledescription=\"slide\"><div class=\"swiper-slide-bg\" role=\"img\"><\/div><div class=\"swiper-slide-inner\" ><div class=\"swiper-slide-contents\"><div class=\"elementor-slide-heading\">Slide Heading<\/div><div class=\"elementor-slide-description\">Lorem ipsum dolor sit amet, consectetur adipiscing elit. Ut elit tellus, luctus nec ullamcorper mattis, pulvinar dapibus leo.<\/div><div  class=\"elementor-button elementor-slide-button elementor-size-sm\">Click Here<\/div><\/div><\/div><\/div><div class=\"elementor-repeater-item-3da84d9 swiper-slide\" role=\"group\" aria-roledescription=\"slide\"><div class=\"swiper-slide-bg\" role=\"img\"><\/div><div class=\"swiper-slide-inner\" ><div class=\"swiper-slide-contents\"><div class=\"elementor-slide-heading\">Slide Heading<\/div><div class=\"elementor-slide-description\">Lorem ipsum dolor sit amet, consectetur adipiscing elit. Ut elit tellus, luctus nec ullamcorper mattis, pulvinar dapibus leo.<\/div><div  class=\"elementor-button elementor-slide-button elementor-size-sm\">Click Here<\/div><\/div><\/div><\/div><div class=\"elementor-repeater-item-311a3be swiper-slide\" role=\"group\" aria-roledescription=\"slide\"><div class=\"swiper-slide-bg\" role=\"img\"><\/div><div class=\"swiper-slide-inner\" ><div class=\"swiper-slide-contents\"><div class=\"elementor-slide-heading\">Slide Heading<\/div><div class=\"elementor-slide-description\">Lorem ipsum dolor sit amet, consectetur adipiscing elit. Ut elit tellus, luctus nec ullamcorper mattis, pulvinar dapibus leo.<\/div><div  class=\"elementor-button elementor-slide-button elementor-size-sm\">Click Here<\/div><\/div><\/div><\/div><div class=\"elementor-repeater-item-9b97ae5 swiper-slide\" role=\"group\" aria-roledescription=\"slide\"><div class=\"swiper-slide-bg\" role=\"img\"><\/div><div class=\"swiper-slide-inner\" ><div class=\"swiper-slide-contents\"><div class=\"elementor-slide-heading\">Slide Heading<\/div><div class=\"elementor-slide-description\">Lorem ipsum dolor sit amet, consectetur adipiscing elit. Ut elit tellus, luctus nec ullamcorper mattis, pulvinar dapibus leo.<\/div><div  class=\"elementor-button elementor-slide-button elementor-size-sm\">Click Here<\/div><\/div><\/div><\/div><div class=\"elementor-repeater-item-d4da54d swiper-slide\" role=\"group\" aria-roledescription=\"slide\"><div class=\"swiper-slide-bg\" role=\"img\"><\/div><div class=\"swiper-slide-inner\" ><div class=\"swiper-slide-contents\"><div class=\"elementor-slide-heading\">Slide Heading<\/div><div class=\"elementor-slide-description\">Lorem ipsum dolor sit amet, consectetur adipiscing elit. Ut elit tellus, luctus nec ullamcorper mattis, pulvinar dapibus leo.<\/div><div  class=\"elementor-button elementor-slide-button elementor-size-sm\">Click Here<\/div><\/div><\/div><\/div>\t\t\t\t<\/div>\n\t\t\t\t\t\t\t\t\t\t\t\t\t\t\t<div class=\"elementor-swiper-button elementor-swiper-button-prev\" role=\"button\" tabindex=\"0\" aria-label=\"Previous slide\">\n\t\t\t\t\t\t\t<svg aria-hidden=\"true\" class=\"e-font-icon-svg e-eicon-chevron-left\" viewBox=\"0 0 1000 1000\" xmlns=\"http:\/\/www.w3.org\/2000\/svg\"><path d=\"M646 125C629 125 613 133 604 142L308 442C296 454 292 471 292 487 292 504 296 521 308 533L604 854C617 867 629 875 646 875 663 875 679 871 692 858 704 846 713 829 713 812 713 796 708 779 692 767L438 487 692 225C700 217 708 204 708 187 708 171 704 154 692 142 675 129 663 125 646 125Z\"><\/path><\/svg>\t\t\t\t\t\t<\/div>\n\t\t\t\t\t\t<div class=\"elementor-swiper-button elementor-swiper-button-next\" role=\"button\" tabindex=\"0\" aria-label=\"Next slide\">\n\t\t\t\t\t\t\t<svg aria-hidden=\"true\" class=\"e-font-icon-svg e-eicon-chevron-right\" viewBox=\"0 0 1000 1000\" xmlns=\"http:\/\/www.w3.org\/2000\/svg\"><path d=\"M696 533C708 521 713 504 713 487 713 471 708 454 696 446L400 146C388 133 375 125 354 125 338 125 325 129 313 142 300 154 292 171 292 187 292 204 296 221 308 233L563 492 304 771C292 783 288 800 288 817 288 833 296 850 308 863 321 871 338 875 354 875 371 875 388 867 400 854L696 533Z\"><\/path><\/svg>\t\t\t\t\t\t<\/div>\n\t\t\t\t\t\t\t\t\t\t\t\t\t\t\t\t<div class=\"swiper-pagination\"><\/div>\n\t\t\t\t\t\t\t\t\t\t\t\t<\/div>\n\t\t\t\t\t\t\t\t<\/div>\n\t\t\t\t\t<\/div>\n\t\t<\/div>\n\t\t\t\t\t<\/div>\n\t\t<\/section>\n\t\t<div class=\"elementor-element elementor-element-8fc4a98 e-grid e-con-full e-con e-parent\" data-id=\"8fc4a98\" data-element_type=\"container\">\n\t\t\t\t<div class=\"elementor-element elementor-element-5e82547 e-transform elementor-position-top elementor-widget elementor-widget-image-box\" data-id=\"5e82547\" data-element_type=\"widget\" data-settings=\"{&quot;_transform_scale_effect_hover&quot;:{&quot;unit&quot;:&quot;px&quot;,&quot;size&quot;:1.1,&quot;sizes&quot;:[]},&quot;_transform_scale_effect_hover_tablet&quot;:{&quot;unit&quot;:&quot;px&quot;,&quot;size&quot;:&quot;&quot;,&quot;sizes&quot;:[]},&quot;_transform_scale_effect_hover_mobile&quot;:{&quot;unit&quot;:&quot;px&quot;,&quot;size&quot;:&quot;&quot;,&quot;sizes&quot;:[]}}\" data-widget_type=\"image-box.default\">\n\t\t\t\t\t<div class=\"elementor-image-box-wrapper\"><figure class=\"elementor-image-box-img\"><a href=\"https:\/\/zusplumlov.cz\/index.php\/obory\/obor-tanecni\/\" tabindex=\"-1\"><img fetchpriority=\"high\" decoding=\"async\" width=\"800\" height=\"566\" src=\"https:\/\/zusplumlov.cz\/wp-content\/uploads\/2025\/05\/4.jpg\" class=\"attachment-full size-full wp-image-9055\" alt=\"\" srcset=\"https:\/\/zusplumlov.cz\/wp-content\/uploads\/2025\/05\/4.jpg 800w, https:\/\/zusplumlov.cz\/wp-content\/uploads\/2025\/05\/4-300x212.jpg 300w, https:\/\/zusplumlov.cz\/wp-content\/uploads\/2025\/05\/4-768x543.jpg 768w\" sizes=\"(max-width: 800px) 100vw, 800px\" \/><\/a><\/figure><\/div>\t\t\t\t<\/div>\n\t\t\t\t<div class=\"elementor-element elementor-element-1afc972 e-transform elementor-position-top elementor-widget elementor-widget-image-box\" data-id=\"1afc972\" data-element_type=\"widget\" data-settings=\"{&quot;_transform_scale_effect_hover&quot;:{&quot;unit&quot;:&quot;px&quot;,&quot;size&quot;:1.1,&quot;sizes&quot;:[]},&quot;_transform_scale_effect_hover_tablet&quot;:{&quot;unit&quot;:&quot;px&quot;,&quot;size&quot;:&quot;&quot;,&quot;sizes&quot;:[]},&quot;_transform_scale_effect_hover_mobile&quot;:{&quot;unit&quot;:&quot;px&quot;,&quot;size&quot;:&quot;&quot;,&quot;sizes&quot;:[]}}\" data-widget_type=\"image-box.default\">\n\t\t\t\t\t<div class=\"elementor-image-box-wrapper\"><figure class=\"elementor-image-box-img\"><a href=\"https:\/\/zusplumlov.cz\/index.php\/obory\/obor-hudebni\/\" tabindex=\"-1\"><img decoding=\"async\" width=\"800\" height=\"566\" src=\"https:\/\/zusplumlov.cz\/wp-content\/uploads\/2025\/05\/1.jpg\" class=\"attachment-full size-full wp-image-9060\" alt=\"\" srcset=\"https:\/\/zusplumlov.cz\/wp-content\/uploads\/2025\/05\/1.jpg 800w, https:\/\/zusplumlov.cz\/wp-content\/uploads\/2025\/05\/1-300x212.jpg 300w, https:\/\/zusplumlov.cz\/wp-content\/uploads\/2025\/05\/1-768x543.jpg 768w\" sizes=\"(max-width: 800px) 100vw, 800px\" \/><\/a><\/figure><\/div>\t\t\t\t<\/div>\n\t\t\t\t<div class=\"elementor-element elementor-element-7d54259 e-transform elementor-position-top elementor-widget elementor-widget-image-box\" data-id=\"7d54259\" data-element_type=\"widget\" data-settings=\"{&quot;_transform_scale_effect_hover&quot;:{&quot;unit&quot;:&quot;px&quot;,&quot;size&quot;:1.1,&quot;sizes&quot;:[]},&quot;_transform_scale_effect_hover_tablet&quot;:{&quot;unit&quot;:&quot;px&quot;,&quot;size&quot;:&quot;&quot;,&quot;sizes&quot;:[]},&quot;_transform_scale_effect_hover_mobile&quot;:{&quot;unit&quot;:&quot;px&quot;,&quot;size&quot;:&quot;&quot;,&quot;sizes&quot;:[]}}\" data-widget_type=\"image-box.default\">\n\t\t\t\t\t<div class=\"elementor-image-box-wrapper\"><figure class=\"elementor-image-box-img\"><a href=\"https:\/\/zusplumlov.cz\/index.php\/obory\/obor-literarne-dramaticky\/\" tabindex=\"-1\"><img decoding=\"async\" width=\"800\" height=\"566\" src=\"https:\/\/zusplumlov.cz\/wp-content\/uploads\/2025\/05\/2.jpg\" class=\"attachment-full size-full wp-image-9064\" alt=\"\" srcset=\"https:\/\/zusplumlov.cz\/wp-content\/uploads\/2025\/05\/2.jpg 800w, https:\/\/zusplumlov.cz\/wp-content\/uploads\/2025\/05\/2-300x212.jpg 300w, https:\/\/zusplumlov.cz\/wp-content\/uploads\/2025\/05\/2-768x543.jpg 768w\" sizes=\"(max-width: 800px) 100vw, 800px\" \/><\/a><\/figure><\/div>\t\t\t\t<\/div>\n\t\t\t\t<div class=\"elementor-element elementor-element-8e5d80c e-transform elementor-position-top elementor-widget elementor-widget-image-box\" data-id=\"8e5d80c\" data-element_type=\"widget\" data-settings=\"{&quot;_transform_scale_effect_hover&quot;:{&quot;unit&quot;:&quot;px&quot;,&quot;size&quot;:1.1,&quot;sizes&quot;:[]},&quot;_transform_scale_effect_hover_tablet&quot;:{&quot;unit&quot;:&quot;px&quot;,&quot;size&quot;:&quot;&quot;,&quot;sizes&quot;:[]},&quot;_transform_scale_effect_hover_mobile&quot;:{&quot;unit&quot;:&quot;px&quot;,&quot;size&quot;:&quot;&quot;,&quot;sizes&quot;:[]}}\" data-widget_type=\"image-box.default\">\n\t\t\t\t\t<div class=\"elementor-image-box-wrapper\"><figure class=\"elementor-image-box-img\"><a href=\"https:\/\/zusplumlov.cz\/index.php\/obory\/obor-vytvarny\/\" tabindex=\"-1\"><img loading=\"lazy\" decoding=\"async\" width=\"800\" height=\"566\" src=\"https:\/\/zusplumlov.cz\/wp-content\/uploads\/2025\/05\/3.jpg\" class=\"attachment-full size-full wp-image-9065\" alt=\"\" srcset=\"https:\/\/zusplumlov.cz\/wp-content\/uploads\/2025\/05\/3.jpg 800w, https:\/\/zusplumlov.cz\/wp-content\/uploads\/2025\/05\/3-300x212.jpg 300w, https:\/\/zusplumlov.cz\/wp-content\/uploads\/2025\/05\/3-768x543.jpg 768w\" sizes=\"(max-width: 800px) 100vw, 800px\" \/><\/a><\/figure><\/div>\t\t\t\t<\/div>\n\t\t\t\t<\/div>\n\t\t\t\t<section class=\"elementor-section elementor-top-section elementor-element elementor-element-51a260f elementor-section-boxed elementor-section-height-default elementor-section-height-default\" data-id=\"51a260f\" data-element_type=\"section\">\n\t\t\t\t\t\t<div class=\"elementor-container elementor-column-gap-default\">\n\t\t\t\t\t<div class=\"elementor-column elementor-col-33 elementor-top-column elementor-element elementor-element-c65e703\" data-id=\"c65e703\" data-element_type=\"column\">\n\t\t\t<div class=\"elementor-widget-wrap elementor-element-populated\">\n\t\t\t\t\t\t<div class=\"elementor-element elementor-element-9569b89 elementor-widget elementor-widget-wp-widget-recent-posts\" data-id=\"9569b89\" data-element_type=\"widget\" data-widget_type=\"wp-widget-recent-posts.default\">\n\t\t\t\t<div class=\"elementor-widget-container\">\n\t\t\t\t\t\n\t\t\n\t\t<h5>Nejnov\u011bj\u0161\u00ed p\u0159\u00edsp\u011bvky<\/h5>\n\t\t<ul>\n\t\t\t\t\t\t\t\t\t\t\t<li>\n\t\t\t\t\t<a href=\"https:\/\/zusplumlov.cz\/index.php\/2026\/05\/12\/talentove-zkousky-na-skolni-rok-2026-2027\/aktuality\/\">Talentov\u00e9 zkou\u0161ky na \u0161koln\u00ed rok 2026\/2027<\/a>\n\t\t\t\t\t\t\t\t\t\t\t<span class=\"post-date\">12. 5. 2026<\/span>\n\t\t\t\t\t\t\t\t\t<\/li>\n\t\t\t\t\t\t\t\t\t\t\t<li>\n\t\t\t\t\t<a href=\"https:\/\/zusplumlov.cz\/index.php\/2026\/05\/06\/divadelni-predstaveni-jamie-a-upiri\/aktuality\/\">Divadeln\u00ed p\u0159edstaven\u00ed &#8222;Jamie a up\u00ed\u0159i&#8220;<\/a>\n\t\t\t\t\t\t\t\t\t\t\t<span class=\"post-date\">6. 5. 2026<\/span>\n\t\t\t\t\t\t\t\t\t<\/li>\n\t\t\t\t\t\t\t\t\t\t\t<li>\n\t\t\t\t\t<a href=\"https:\/\/zusplumlov.cz\/index.php\/2026\/05\/06\/majova-besidka\/aktuality\/\">M\u00e1jov\u00e1 bes\u00eddka p. u\u010d. Tesa\u0159e<\/a>\n\t\t\t\t\t\t\t\t\t\t\t<span class=\"post-date\">6. 5. 2026<\/span>\n\t\t\t\t\t\t\t\t\t<\/li>\n\t\t\t\t\t\t\t\t\t\t\t<li>\n\t\t\t\t\t<a href=\"https:\/\/zusplumlov.cz\/index.php\/2026\/04\/29\/pozvanka-na-vytvarnou-vystavu-21-5-2026\/aktuality\/\">Pozv\u00e1nka na v\u00fdtvarnou v\u00fdstavu 21.5.2026<\/a>\n\t\t\t\t\t\t\t\t\t\t\t<span class=\"post-date\">29. 4. 2026<\/span>\n\t\t\t\t\t\t\t\t\t<\/li>\n\t\t\t\t\t\t\t\t\t\t\t<li>\n\t\t\t\t\t<a href=\"https:\/\/zusplumlov.cz\/index.php\/2026\/04\/21\/krajska-prehlidka-talentovanych-klaviristu-zus-unicov\/aktuality\/\">Krajsk\u00e1 p\u0159ehl\u00eddka talentovan\u00fdch klav\u00edrist\u016f &#8211; ZU\u0160 Uni\u010dov<\/a>\n\t\t\t\t\t\t\t\t\t\t\t<span class=\"post-date\">21. 4. 2026<\/span>\n\t\t\t\t\t\t\t\t\t<\/li>\n\t\t\t\t\t\t\t\t\t\t\t<li>\n\t\t\t\t\t<a href=\"https:\/\/zusplumlov.cz\/index.php\/2026\/04\/21\/recitacni-soutez-detska-scena-krajske-kolo\/aktuality\/\">Recita\u010dn\u00ed sout\u011b\u017e D\u011btsk\u00e1 sc\u00e9na &#8211; krajsk\u00e9 kolo<\/a>\n\t\t\t\t\t\t\t\t\t\t\t<span class=\"post-date\">21. 4. 2026<\/span>\n\t\t\t\t\t\t\t\t\t<\/li>\n\t\t\t\t\t\t\t\t\t\t\t<li>\n\t\t\t\t\t<a href=\"https:\/\/zusplumlov.cz\/index.php\/2026\/04\/07\/pozvanka-na-jarni-koncert\/aktuality\/\">Pozv\u00e1nka na Jarn\u00ed koncert<\/a>\n\t\t\t\t\t\t\t\t\t\t\t<span class=\"post-date\">7. 4. 2026<\/span>\n\t\t\t\t\t\t\t\t\t<\/li>\n\t\t\t\t\t\t\t\t\t\t\t<li>\n\t\t\t\t\t<a href=\"https:\/\/zusplumlov.cz\/index.php\/2026\/04\/07\/pozvanka-na-1-absolventsky-koncert-zus-plumlov\/aktuality\/\">Pozv\u00e1nka na 1. absolventsk\u00fd koncert ZU\u0160 Plumlov<\/a>\n\t\t\t\t\t\t\t\t\t\t\t<span class=\"post-date\">7. 4. 2026<\/span>\n\t\t\t\t\t\t\t\t\t<\/li>\n\t\t\t\t\t<\/ul>\n\n\t\t\t\t\t\t<\/div>\n\t\t\t\t<\/div>\n\t\t\t\t\t<\/div>\n\t\t<\/div>\n\t\t\t\t<div class=\"elementor-column elementor-col-66 elementor-top-column elementor-element elementor-element-ac7b0d8\" data-id=\"ac7b0d8\" data-element_type=\"column\">\n\t\t\t<div class=\"elementor-widget-wrap elementor-element-populated\">\n\t\t\t\t\t\t<div class=\"elementor-element elementor-element-0fa0730 elementor-position-left elementor-vertical-align-top elementor-widget elementor-widget-image-box\" data-id=\"0fa0730\" data-element_type=\"widget\" data-widget_type=\"image-box.default\">\n\t\t\t\t\t<div class=\"elementor-image-box-wrapper\"><figure class=\"elementor-image-box-img\"><a href=\"http:\/\/zusplumlov.cz\/wp-content\/uploads\/2020\/11\/plakat-scaled.jpg\" tabindex=\"-1\"><img loading=\"lazy\" decoding=\"async\" width=\"300\" height=\"212\" src=\"https:\/\/zusplumlov.cz\/wp-content\/uploads\/2023\/10\/2310231234-a3horizontal-1-300x212.jpg\" class=\"attachment-medium size-medium wp-image-6622\" alt=\"\" srcset=\"https:\/\/zusplumlov.cz\/wp-content\/uploads\/2023\/10\/2310231234-a3horizontal-1-300x212.jpg 300w, https:\/\/zusplumlov.cz\/wp-content\/uploads\/2023\/10\/2310231234-a3horizontal-1-1024x724.jpg 1024w, https:\/\/zusplumlov.cz\/wp-content\/uploads\/2023\/10\/2310231234-a3horizontal-1-768x543.jpg 768w, https:\/\/zusplumlov.cz\/wp-content\/uploads\/2023\/10\/2310231234-a3horizontal-1-1536x1086.jpg 1536w, https:\/\/zusplumlov.cz\/wp-content\/uploads\/2023\/10\/2310231234-a3horizontal-1-2048x1448.jpg 2048w\" sizes=\"(max-width: 300px) 100vw, 300px\" \/><\/a><\/figure><div class=\"elementor-image-box-content\"><h3 class=\"elementor-image-box-title\"><a href=\"http:\/\/zusplumlov.cz\/wp-content\/uploads\/2020\/11\/plakat-scaled.jpg\">Realizujeme \u0160ablony I ,  program spolufinancovan\u00fd Evropskou uni\u00ed.<\/a><\/h3><p class=\"elementor-image-box-description\">\n\nC\u00edlem programu je rozvoj v oblastech, kter\u00e9\n\n\u0161kola ur\u010d\u00ed jako prioritn\u00ed pro sv\u016fj rozvoj a sm\u011b\u0159ov\u00e1n\u00ed<\/p><\/div><\/div>\t\t\t\t<\/div>\n\t\t\t\t<div class=\"elementor-element elementor-element-9a1dd98 elementor-widget elementor-widget-spacer\" data-id=\"9a1dd98\" data-element_type=\"widget\" data-widget_type=\"spacer.default\">\n\t\t\t\t\t\t\t<div class=\"elementor-spacer\">\n\t\t\t<div class=\"elementor-spacer-inner\"><\/div>\n\t\t<\/div>\n\t\t\t\t\t\t<\/div>\n\t\t\t\t<div class=\"elementor-element elementor-element-a262996 elementor-widget elementor-widget-text-editor\" data-id=\"a262996\" data-element_type=\"widget\" data-widget_type=\"text-editor.default\">\n\t\t\t\t\t\t\t\t\t<ul>\n<li><span style=\"color: #000000;\"><a style=\"color: #000000;\" href=\"http:\/\/zusplumlov.cz\/wp-content\/uploads\/2022\/08\/Skolne-2022.doc\">Rozhodnut\u00ed \u0159editele \u0161koly o \u00faplat\u011b za vzd\u011bl\u00e1v\u00e1n\u00ed (\u0161koln\u00e9) v Z\u00e1kladn\u00ed um\u011bleck\u00e9 \u0161kole Plumlov dle vyhl.71\/2005 Sb. O z\u00e1kladn\u00edm um\u011bleck\u00e9m \u0161kolstv\u00ed je v p\u0159ehledu<\/a><\/span><\/li>\n<li><a href=\"http:\/\/zusplumlov.cz\/wp-content\/uploads\/2021\/03\/Informace-AZUS-CR-k-uplate-za-vzdelavani-v-dobe-po-vyhlaseni-nouzoveho-stavu-dne-12.pdf\"><span style=\"color: #000000;\">Informace AZU\u0160 \u010cR k \u00faplat\u011b za vzd\u011bl\u00e1v\u00e1n\u00ed v dob\u011b po vyhl\u00e1\u0161en\u00ed nouzov\u00e9ho stavu dne 12. 3. 2020<\/span><\/a><\/li>\n<li><a style=\"color: #000000;\" href=\"http:\/\/zusplumlov.cz\/?page_id=3477&amp;preview=true\">Informace M\u0160MT k \u00faplat\u011b za vzd\u011bl\u00e1v\u00e1n\u00ed<\/a><\/li>\n<\/ul>\t\t\t\t\t\t\t\t<\/div>\n\t\t\t\t\t<\/div>\n\t\t<\/div>\n\t\t\t\t\t<\/div>\n\t\t<\/section>\n\t\t<div class=\"elementor-element elementor-element-8b84e8d e-flex e-con-boxed e-con e-parent\" data-id=\"8b84e8d\" data-element_type=\"container\">\n\t\t\t\t\t<div class=\"e-con-inner\">\n\t\t\t\t\t<\/div>\n\t\t\t\t<\/div>\n\t\t\t\t<\/div>\n\t\t","protected":false},"excerpt":{"rendered":"<p>Slide HeadingLorem ipsum dolor sit amet, consectetur adipiscing elit. Ut elit tellus, luctus nec ullamcorper mattis, pulvinar dapibus leo.Click HereSlide &hellip; <\/p>\n","protected":false},"author":1,"featured_media":0,"parent":0,"menu_order":0,"comment_status":"closed","ping_status":"closed","template":"","meta":{"ngg_post_thumbnail":0,"footnotes":""},"class_list":["post-274","page","type-page","status-publish","hentry","latest_post"],"_links":{"self":[{"href":"https:\/\/zusplumlov.cz\/index.php\/wp-json\/wp\/v2\/pages\/274","targetHints":{"allow":["GET"]}}],"collection":[{"href":"https:\/\/zusplumlov.cz\/index.php\/wp-json\/wp\/v2\/pages"}],"about":[{"href":"https:\/\/zusplumlov.cz\/index.php\/wp-json\/wp\/v2\/types\/page"}],"author":[{"embeddable":true,"href":"https:\/\/zusplumlov.cz\/index.php\/wp-json\/wp\/v2\/users\/1"}],"replies":[{"embeddable":true,"href":"https:\/\/zusplumlov.cz\/index.php\/wp-json\/wp\/v2\/comments?post=274"}],"version-history":[{"count":444,"href":"https:\/\/zusplumlov.cz\/index.php\/wp-json\/wp\/v2\/pages\/274\/revisions"}],"predecessor-version":[{"id":10084,"href":"https:\/\/zusplumlov.cz\/index.php\/wp-json\/wp\/v2\/pages\/274\/revisions\/10084"}],"wp:attachment":[{"href":"https:\/\/zusplumlov.cz\/index.php\/wp-json\/wp\/v2\/media?parent=274"}],"curies":[{"name":"wp","href":"https:\/\/api.w.org\/{rel}","templated":true}]}}